{"id":14706,"date":"2023-03-14T09:42:12","date_gmt":"2023-03-14T09:42:12","guid":{"rendered":"https:\/\/oregonprotedev.wpenginepowered.com\/technologie\/"},"modified":"2026-03-05T15:49:52","modified_gmt":"2026-03-05T15:49:52","slug":"technologie","status":"publish","type":"page","link":"https:\/\/oregonprotectpro.com\/de\/technologie\/","title":{"rendered":"Technology"},"content":{"rendered":"<div class=\"wpb-content-wrapper\"><p>[vc_section woodmart_stretch_content=&#8220;section-stretch&#8220; el_class=&#8220;technology-section&#8220; woodmart_css_id=&#8220;68de99634cead&#8220; responsive_spacing=&#8220;eyJwYXJhbV90eXBlIjoid29vZG1hcnRfcmVzcG9uc2l2ZV9zcGFjaW5nIiwic2VsZWN0b3JfaWQiOiI2OGRlOTk2MzRjZWFkIiwic2hvcnRjb2RlIjoidmNfc2VjdGlvbiIsImRhdGEiOnsidGFibGV0Ijp7fSwibW9iaWxlIjp7fX19&#8243; mobile_bg_img_hidden=&#8220;no&#8220; tablet_bg_img_hidden=&#8220;no&#8220; woodmart_parallax=&#8220;0&#8243; woodmart_gradient_switch=&#8220;no&#8220; woodmart_box_shadow=&#8220;no&#8220; wd_z_index=&#8220;no&#8220; woodmart_disable_overflow=&#8220;0&#8243; css=&#8220;.vc_custom_1759418727915{margin-top: -40px !important;background-color: #000000 !important;}&#8220;][vc_row equal_height=&#8220;yes&#8220; content_placement=&#8220;middle&#8220; css=&#8220;.vc_custom_1759421850170{padding-top: 35px !important;padding-right: 35px !important;padding-bottom: 35px !important;padding-left: 35px !important;}&#8220; woodmart_css_id=&#8220;68dea589455da&#8220; responsive_spacing=&#8220;eyJwYXJhbV90eXBlIjoid29vZG1hcnRfcmVzcG9uc2l2ZV9zcGFjaW5nIiwic2VsZWN0b3JfaWQiOiI2OGRlYTU4OTQ1NWRhIiwic2hvcnRjb2RlIjoidmNfcm93IiwiZGF0YSI6eyJ0YWJsZXQiOnt9LCJtb2JpbGUiOnsicGFkZGluZy10b3AiOiIxNXB4IiwicGFkZGluZy1yaWdodCI6IjE1IiwicGFkZGluZy1ib3R0b20iOiIxNXB4IiwicGFkZGluZy1sZWZ0IjoiMTUifX19&#8243; mobile_bg_img_hidden=&#8220;no&#8220; tablet_bg_img_hidden=&#8220;no&#8220; woodmart_parallax=&#8220;0&#8243; woodmart_gradient_switch=&#8220;no&#8220; woodmart_box_shadow=&#8220;no&#8220; wd_z_index=&#8220;no&#8220; woodmart_disable_overflow=&#8220;0&#8243; row_reverse_mobile=&#8220;0&#8243; row_reverse_tablet=&#8220;0&#8243;][vc_column width=&#8220;7\/12&#8243; woodmart_css_id=&#8220;68dbfcf1d173a&#8220; parallax_scroll=&#8220;no&#8220; woodmart_sticky_column=&#8220;false&#8220; wd_collapsible_content_switcher=&#8220;no&#8220; wd_column_role_offcanvas_desktop=&#8220;no&#8220; wd_column_role_offcanvas_tablet=&#8220;no&#8220; wd_column_role_offcanvas_mobile=&#8220;no&#8220; wd_column_role_content_desktop=&#8220;no&#8220; wd_column_role_content_tablet=&#8220;no&#8220; wd_column_role_content_mobile=&#8220;no&#8220; mobile_bg_img_hidden=&#8220;no&#8220; tablet_bg_img_hidden=&#8220;no&#8220; woodmart_parallax=&#8220;0&#8243; woodmart_box_shadow=&#8220;no&#8220; responsive_spacing=&#8220;eyJwYXJhbV90eXBlIjoid29vZG1hcnRfcmVzcG9uc2l2ZV9zcGFjaW5nIiwic2VsZWN0b3JfaWQiOiI2OGRiZmNmMWQxNzNhIiwic2hvcnRjb2RlIjoidmNfY29sdW1uIiwiZGF0YSI6eyJ0YWJsZXQiOnt9LCJtb2JpbGUiOnsicGFkZGluZy10b3AiOiIxNSIsInBhZGRpbmctYm90dG9tIjoiMTUifX19&#8243; mobile_reset_margin=&#8220;no&#8220; tablet_reset_margin=&#8220;no&#8220; wd_z_index=&#8220;no&#8220;]\n\t\t<div id=\"wd-69a889bb4715e\" class=\"title-wrapper wd-wpb wd-set-mb reset-last-child  wd-rs-69a889bb4715e wd-title-color-white wd-title-style-default text-left vc_custom_1772653001231 wd-width-enabled wd-underline-colored\" style=\"--wd-max-width: 90%;\">\n\t\t\t\t\t\t\t\n\t\t\t\t<div class=\"title-subtitle  subtitle-color-white font-alt subtitle-style-default wd-font-weight-700 wd-fontsize-xs\">Hose<\/div>\n\t\t\t\n\t\t\t<div class=\"liner-continer\">\n\t\t\t\t<h2 class=\"woodmart-title-container title  wd-font-weight-700 wd-fontsize-l\" >ForestXFiber\u2122 Schnittschutz<\/h2>\n\t\t\t\t\t\t\t<\/div>\n\t\t\t\n\t\t\t\t\t\t\t<div class=\"title-after_title reset-last-child  wd-fontsize-xs\">ForestXFiber\u2122 Technologie bietet Schnittschutz f\u00fcr Kettens\u00e4gen; innovativer 5-Schicht-Einsatz f\u00fcr Atmungsaktivit\u00e4t und Komfort.<br \/>\n(EN ISO 11393-2 Klasse 1 20 m\/s)<\/div>\n\t\t\t\n\t\t\t\n\t\t<\/div>\n\t\t\n\t\t<div id=\"wd-68dbe34167ac5\" class=\" wd-rs-68dbe34167ac5  wd-button-wrapper text-left\"><a href=\"https:\/\/oregonprotectpro.com\/de\/products\/hose\/protect-pro-hose\/\" title=\"\" class=\"btn btn-color-primary btn-style-link btn-shape-rectangle btn-size-default prodLink\">Protect PRO Hose \u2013 Rot\/Gelb<\/a><\/div><div id=\"wd-68dbe581c0336\" class=\" wd-rs-68dbe581c0336  wd-button-wrapper text-left\"><a href=\"https:\/\/oregonprotectpro.com\/de\/products\/hose\/protect-pro-hose-2\/\" title=\"\" class=\"btn btn-color-primary btn-style-link btn-shape-rectangle btn-size-default prodLink\">Protect PRO Hose \u2013 Orange\/Schwarz<\/a><\/div>[\/vc_column][vc_column width=&#8220;5\/12&#8243; woodmart_css_id=&#8220;68de9ca89a221&#8243; parallax_scroll=&#8220;no&#8220; woodmart_sticky_column=&#8220;false&#8220; wd_collapsible_content_switcher=&#8220;no&#8220; wd_column_role_offcanvas_desktop=&#8220;no&#8220; wd_column_role_offcanvas_tablet=&#8220;no&#8220; wd_column_role_offcanvas_mobile=&#8220;no&#8220; wd_column_role_content_desktop=&#8220;no&#8220; wd_column_role_content_tablet=&#8220;no&#8220; wd_column_role_content_mobile=&#8220;no&#8220; mobile_bg_img_hidden=&#8220;no&#8220; tablet_bg_img_hidden=&#8220;no&#8220; woodmart_parallax=&#8220;0&#8243; woodmart_box_shadow=&#8220;no&#8220; responsive_spacing=&#8220;eyJwYXJhbV90eXBlIjoid29vZG1hcnRfcmVzcG9uc2l2ZV9zcGFjaW5nIiwic2VsZWN0b3JfaWQiOiI2OGRlOWNhODlhMjIxIiwic2hvcnRjb2RlIjoidmNfY29sdW1uIiwiZGF0YSI6eyJ0YWJsZXQiOnt9LCJtb2JpbGUiOnt9fX0=&#8220; mobile_reset_margin=&#8220;no&#8220; tablet_reset_margin=&#8220;no&#8220; wd_z_index=&#8220;no&#8220; css=&#8220;.vc_custom_1759419576538{margin: 0px !important;padding: 15px !important;}&#8220;]\t\t<div id=\"wd-68de9b5a395e5\" class=\"wd-image wd-wpb wd-rs-68de9b5a395e5 text-center vc_custom_1759419250970\">\n\t\t\t\n\t\t\t<img loading=\"lazy\" decoding=\"async\" width=\"1024\" height=\"808\" src=\"https:\/\/oregonprotectpro.com\/wp-content\/uploads\/forestXFiber-technology-trousers-1-1024x808.png\" class=\"attachment-medium size-medium\" alt=\"\" srcset=\"https:\/\/oregonprotectpro.com\/wp-content\/uploads\/forestXFiber-technology-trousers-1-1024x808.png 1024w, https:\/\/oregonprotectpro.com\/wp-content\/uploads\/forestXFiber-technology-trousers-1-150x118.png 150w, https:\/\/oregonprotectpro.com\/wp-content\/uploads\/forestXFiber-technology-trousers-1-600x473.png 600w, https:\/\/oregonprotectpro.com\/wp-content\/uploads\/forestXFiber-technology-trousers-1-768x606.png 768w, https:\/\/oregonprotectpro.com\/wp-content\/uploads\/forestXFiber-technology-trousers-1-1536x1212.png 1536w, https:\/\/oregonprotectpro.com\/wp-content\/uploads\/forestXFiber-technology-trousers-1.png 1600w\" sizes=\"auto, (max-width: 1024px) 100vw, 1024px\" \/>\n\t\t\t\t\t<\/div>\n\t\t[\/vc_column][\/vc_row][vc_row css=&#8220;.vc_custom_1759421858062{padding-right: 15px !important;padding-left: 15px !important;}&#8220; woodmart_css_id=&#8220;68dea59c6ecea&#8220; responsive_spacing=&#8220;eyJwYXJhbV90eXBlIjoid29vZG1hcnRfcmVzcG9uc2l2ZV9zcGFjaW5nIiwic2VsZWN0b3JfaWQiOiI2OGRlYTU5YzZlY2VhIiwic2hvcnRjb2RlIjoidmNfcm93IiwiZGF0YSI6eyJ0YWJsZXQiOnt9LCJtb2JpbGUiOnsicGFkZGluZy1yaWdodCI6IjE1IiwicGFkZGluZy1sZWZ0IjoiMTUifX19&#8243; mobile_bg_img_hidden=&#8220;no&#8220; tablet_bg_img_hidden=&#8220;no&#8220; woodmart_parallax=&#8220;0&#8243; woodmart_gradient_switch=&#8220;no&#8220; woodmart_box_shadow=&#8220;no&#8220; wd_z_index=&#8220;no&#8220; woodmart_disable_overflow=&#8220;0&#8243; row_reverse_mobile=&#8220;0&#8243; row_reverse_tablet=&#8220;0&#8243;][vc_column css=&#8220;.vc_custom_1759247848979{margin: 0px !important;padding: 0px !important;}&#8220; woodmart_css_id=&#8220;68dbfddeb57c5&#8243; parallax_scroll=&#8220;no&#8220; woodmart_sticky_column=&#8220;false&#8220; wd_collapsible_content_switcher=&#8220;no&#8220; wd_column_role_offcanvas_desktop=&#8220;no&#8220; wd_column_role_offcanvas_tablet=&#8220;no&#8220; wd_column_role_offcanvas_mobile=&#8220;no&#8220; wd_column_role_content_desktop=&#8220;no&#8220; wd_column_role_content_tablet=&#8220;no&#8220; wd_column_role_content_mobile=&#8220;no&#8220; mobile_bg_img_hidden=&#8220;no&#8220; tablet_bg_img_hidden=&#8220;no&#8220; woodmart_parallax=&#8220;0&#8243; woodmart_box_shadow=&#8220;no&#8220; responsive_spacing=&#8220;eyJwYXJhbV90eXBlIjoid29vZG1hcnRfcmVzcG9uc2l2ZV9zcGFjaW5nIiwic2VsZWN0b3JfaWQiOiI2OGRiZmRkZWI1N2M1Iiwic2hvcnRjb2RlIjoidmNfY29sdW1uIiwiZGF0YSI6eyJ0YWJsZXQiOnt9LCJtb2JpbGUiOnt9fX0=&#8220; mobile_reset_margin=&#8220;no&#8220; tablet_reset_margin=&#8220;no&#8220; wd_z_index=&#8220;no&#8220;][vc_separator color=&#8220;custom&#8220; css=&#8220;.vc_custom_1759421923348{margin-top: 0px !important;margin-right: 0px !important;margin-bottom: 0px !important;margin-left: 0px !important;padding-top: 0px !important;padding-right: 0px !important;padding-bottom: 0px !important;padding-left: 0px !important;}&#8220; wd_hide_on_desktop=&#8220;no&#8220; wd_hide_on_tablet=&#8220;no&#8220; wd_hide_on_mobile=&#8220;no&#8220; accent_color=&#8220;#C2B59B&#8220; el_class=&#8220;lineBreak&#8220;][\/vc_column][\/vc_row][vc_row equal_height=&#8220;yes&#8220; content_placement=&#8220;middle&#8220; css=&#8220;.vc_custom_1759421865846{padding-top: 35px !important;padding-right: 35px !important;padding-bottom: 35px !important;padding-left: 35px !important;}&#8220; woodmart_css_id=&#8220;68dea5a3c53eb&#8220; responsive_spacing=&#8220;eyJwYXJhbV90eXBlIjoid29vZG1hcnRfcmVzcG9uc2l2ZV9zcGFjaW5nIiwic2VsZWN0b3JfaWQiOiI2OGRlYTVhM2M1M2ViIiwic2hvcnRjb2RlIjoidmNfcm93IiwiZGF0YSI6eyJ0YWJsZXQiOnt9LCJtb2JpbGUiOnsicGFkZGluZy10b3AiOiIxNXB4IiwicGFkZGluZy1yaWdodCI6IjE1IiwicGFkZGluZy1ib3R0b20iOiIxNXB4IiwicGFkZGluZy1sZWZ0IjoiMTUifX19&#8243; mobile_bg_img_hidden=&#8220;no&#8220; tablet_bg_img_hidden=&#8220;no&#8220; woodmart_parallax=&#8220;0&#8243; woodmart_gradient_switch=&#8220;no&#8220; woodmart_box_shadow=&#8220;no&#8220; wd_z_index=&#8220;no&#8220; woodmart_disable_overflow=&#8220;0&#8243; row_reverse_mobile=&#8220;0&#8243; row_reverse_tablet=&#8220;0&#8243;][vc_column width=&#8220;7\/12&#8243; woodmart_css_id=&#8220;68dbfcfc609a5&#8243; parallax_scroll=&#8220;no&#8220; woodmart_sticky_column=&#8220;false&#8220; wd_collapsible_content_switcher=&#8220;no&#8220; wd_column_role_offcanvas_desktop=&#8220;no&#8220; wd_column_role_offcanvas_tablet=&#8220;no&#8220; wd_column_role_offcanvas_mobile=&#8220;no&#8220; wd_column_role_content_desktop=&#8220;no&#8220; wd_column_role_content_tablet=&#8220;no&#8220; wd_column_role_content_mobile=&#8220;no&#8220; mobile_bg_img_hidden=&#8220;no&#8220; tablet_bg_img_hidden=&#8220;no&#8220; woodmart_parallax=&#8220;0&#8243; woodmart_box_shadow=&#8220;no&#8220; responsive_spacing=&#8220;eyJwYXJhbV90eXBlIjoid29vZG1hcnRfcmVzcG9uc2l2ZV9zcGFjaW5nIiwic2VsZWN0b3JfaWQiOiI2OGRiZmNmYzYwOWE1Iiwic2hvcnRjb2RlIjoidmNfY29sdW1uIiwiZGF0YSI6eyJ0YWJsZXQiOnt9LCJtb2JpbGUiOnsicGFkZGluZy10b3AiOiIxNSIsInBhZGRpbmctYm90dG9tIjoiMTUifX19&#8243; mobile_reset_margin=&#8220;no&#8220; tablet_reset_margin=&#8220;no&#8220; wd_z_index=&#8220;no&#8220;]\n\t\t<div id=\"wd-69a889a44934e\" class=\"title-wrapper wd-wpb wd-set-mb reset-last-child  wd-rs-69a889a44934e wd-title-color-white wd-title-style-default text-left vc_custom_1772652982089 wd-width-enabled wd-underline-colored\" style=\"--wd-max-width: 90%;\">\n\t\t\t\t\t\t\t\n\t\t\t\t<div class=\"title-subtitle  subtitle-color-white font-alt subtitle-style-default wd-font-weight-700 wd-fontsize-xs\">Gloves<\/div>\n\t\t\t\n\t\t\t<div class=\"liner-continer\">\n\t\t\t\t<h2 class=\"woodmart-title-container title  wd-font-weight-700 wd-fontsize-l\" >ForestXFiber\u2122 Schnittschutz<\/h2>\n\t\t\t\t\t\t\t<\/div>\n\t\t\t\n\t\t\t\t\t\t\t<div class=\"title-after_title reset-last-child  wd-fontsize-xs\">ForestXFiber\u2122 Technologie bietet Schnittschutz f\u00fcr die linke Hand; Stoffe sind ergonomisch integriert f\u00fcr maximalen Komfort bei der Arbeit.<br \/>\n(EN ISO 11393-4:2019 Class O (16m\/s))<\/div>\n\t\t\t\n\t\t\t\n\t\t<\/div>\n\t\t\n\t\t<div id=\"wd-68dbe5a533081\" class=\" wd-rs-68dbe5a533081  wd-button-wrapper text-left\"><a href=\"https:\/\/oregonprotectpro.com\/de\/products\/handschuhe\/protect-pro-handschuhe\/\" title=\"\" class=\"btn btn-color-primary btn-style-link btn-shape-rectangle btn-size-default prodLink\">Protect PRO Handschuhe \u2013 Rot\/Gelb<\/a><\/div><div id=\"wd-68dbe5b5c351a\" class=\" wd-rs-68dbe5b5c351a  wd-button-wrapper text-left\"><a href=\"https:\/\/oregonprotectpro.com\/de\/products\/handschuhe\/protect-pro-handschuhe-2\/\" title=\"\" class=\"btn btn-color-primary btn-style-link btn-shape-rectangle btn-size-default prodLink\">Protect PRO Handschuhe \u2013 Orange\/Schwarz<\/a><\/div>[\/vc_column][vc_column width=&#8220;5\/12&#8243; woodmart_css_id=&#8220;68de9cbbb8a1e&#8220; parallax_scroll=&#8220;no&#8220; woodmart_sticky_column=&#8220;false&#8220; wd_collapsible_content_switcher=&#8220;no&#8220; wd_column_role_offcanvas_desktop=&#8220;no&#8220; wd_column_role_offcanvas_tablet=&#8220;no&#8220; wd_column_role_offcanvas_mobile=&#8220;no&#8220; wd_column_role_content_desktop=&#8220;no&#8220; wd_column_role_content_tablet=&#8220;no&#8220; wd_column_role_content_mobile=&#8220;no&#8220; mobile_bg_img_hidden=&#8220;no&#8220; tablet_bg_img_hidden=&#8220;no&#8220; woodmart_parallax=&#8220;0&#8243; woodmart_box_shadow=&#8220;no&#8220; responsive_spacing=&#8220;eyJwYXJhbV90eXBlIjoid29vZG1hcnRfcmVzcG9uc2l2ZV9zcGFjaW5nIiwic2VsZWN0b3JfaWQiOiI2OGRlOWNiYmI4YTFlIiwic2hvcnRjb2RlIjoidmNfY29sdW1uIiwiZGF0YSI6eyJ0YWJsZXQiOnt9LCJtb2JpbGUiOnt9fX0=&#8220; mobile_reset_margin=&#8220;no&#8220; tablet_reset_margin=&#8220;no&#8220; wd_z_index=&#8220;no&#8220; css=&#8220;.vc_custom_1759419585702{margin: 0px !important;padding: 15px !important;}&#8220;]\t\t<div id=\"wd-68de9b75301a2\" class=\"wd-image wd-wpb wd-rs-68de9b75301a2 text-center vc_custom_1759419274105\">\n\t\t\t\n\t\t\t<img loading=\"lazy\" decoding=\"async\" width=\"1024\" height=\"808\" src=\"https:\/\/oregonprotectpro.com\/wp-content\/uploads\/forestXFiber-technology-gloves-1-1024x808.png\" class=\"attachment-medium size-medium\" alt=\"\" srcset=\"https:\/\/oregonprotectpro.com\/wp-content\/uploads\/forestXFiber-technology-gloves-1-1024x808.png 1024w, https:\/\/oregonprotectpro.com\/wp-content\/uploads\/forestXFiber-technology-gloves-1-150x118.png 150w, https:\/\/oregonprotectpro.com\/wp-content\/uploads\/forestXFiber-technology-gloves-1-600x473.png 600w, https:\/\/oregonprotectpro.com\/wp-content\/uploads\/forestXFiber-technology-gloves-1-768x606.png 768w, https:\/\/oregonprotectpro.com\/wp-content\/uploads\/forestXFiber-technology-gloves-1-1536x1212.png 1536w, https:\/\/oregonprotectpro.com\/wp-content\/uploads\/forestXFiber-technology-gloves-1.png 1600w\" sizes=\"auto, (max-width: 1024px) 100vw, 1024px\" \/>\n\t\t\t\t\t<\/div>\n\t\t[\/vc_column][\/vc_row][vc_row css=&#8220;.vc_custom_1759421875476{padding-right: 15px !important;padding-left: 15px !important;}&#8220; woodmart_css_id=&#8220;68dea5ad476a2&#8243; responsive_spacing=&#8220;eyJwYXJhbV90eXBlIjoid29vZG1hcnRfcmVzcG9uc2l2ZV9zcGFjaW5nIiwic2VsZWN0b3JfaWQiOiI2OGRlYTVhZDQ3NmEyIiwic2hvcnRjb2RlIjoidmNfcm93IiwiZGF0YSI6eyJ0YWJsZXQiOnt9LCJtb2JpbGUiOnsicGFkZGluZy1yaWdodCI6IjE1IiwicGFkZGluZy1sZWZ0IjoiMTUifX19&#8243; mobile_bg_img_hidden=&#8220;no&#8220; tablet_bg_img_hidden=&#8220;no&#8220; woodmart_parallax=&#8220;0&#8243; woodmart_gradient_switch=&#8220;no&#8220; woodmart_box_shadow=&#8220;no&#8220; wd_z_index=&#8220;no&#8220; woodmart_disable_overflow=&#8220;0&#8243; row_reverse_mobile=&#8220;0&#8243; row_reverse_tablet=&#8220;0&#8243;][vc_column css=&#8220;.vc_custom_1759247848979{margin: 0px !important;padding: 0px !important;}&#8220; woodmart_css_id=&#8220;68dbfddeb57c5&#8243; parallax_scroll=&#8220;no&#8220; woodmart_sticky_column=&#8220;false&#8220; wd_collapsible_content_switcher=&#8220;no&#8220; wd_column_role_offcanvas_desktop=&#8220;no&#8220; wd_column_role_offcanvas_tablet=&#8220;no&#8220; wd_column_role_offcanvas_mobile=&#8220;no&#8220; wd_column_role_content_desktop=&#8220;no&#8220; wd_column_role_content_tablet=&#8220;no&#8220; wd_column_role_content_mobile=&#8220;no&#8220; mobile_bg_img_hidden=&#8220;no&#8220; tablet_bg_img_hidden=&#8220;no&#8220; woodmart_parallax=&#8220;0&#8243; woodmart_box_shadow=&#8220;no&#8220; responsive_spacing=&#8220;eyJwYXJhbV90eXBlIjoid29vZG1hcnRfcmVzcG9uc2l2ZV9zcGFjaW5nIiwic2VsZWN0b3JfaWQiOiI2OGRiZmRkZWI1N2M1Iiwic2hvcnRjb2RlIjoidmNfY29sdW1uIiwiZGF0YSI6eyJ0YWJsZXQiOnt9LCJtb2JpbGUiOnt9fX0=&#8220; mobile_reset_margin=&#8220;no&#8220; tablet_reset_margin=&#8220;no&#8220; wd_z_index=&#8220;no&#8220;][vc_separator color=&#8220;custom&#8220; css=&#8220;.vc_custom_1759421933804{margin-top: 0px !important;margin-right: 0px !important;margin-bottom: 0px !important;margin-left: 0px !important;padding-top: 0px !important;padding-right: 0px !important;padding-bottom: 0px !important;padding-left: 0px !important;}&#8220; wd_hide_on_desktop=&#8220;no&#8220; wd_hide_on_tablet=&#8220;no&#8220; wd_hide_on_mobile=&#8220;no&#8220; accent_color=&#8220;#C2B59B&#8220; el_class=&#8220;lineBreak&#8220;][\/vc_column][\/vc_row][vc_row equal_height=&#8220;yes&#8220; content_placement=&#8220;middle&#8220; css=&#8220;.vc_custom_1759421885763{padding-top: 35px !important;padding-right: 35px !important;padding-bottom: 35px !important;padding-left: 35px !important;}&#8220; woodmart_css_id=&#8220;68dea5b56a323&#8243; responsive_spacing=&#8220;eyJwYXJhbV90eXBlIjoid29vZG1hcnRfcmVzcG9uc2l2ZV9zcGFjaW5nIiwic2VsZWN0b3JfaWQiOiI2OGRlYTViNTZhMzIzIiwic2hvcnRjb2RlIjoidmNfcm93IiwiZGF0YSI6eyJ0YWJsZXQiOnt9LCJtb2JpbGUiOnsicGFkZGluZy10b3AiOiIxNXB4IiwicGFkZGluZy1yaWdodCI6IjE1IiwicGFkZGluZy1ib3R0b20iOiIxNXB4IiwicGFkZGluZy1sZWZ0IjoiMTUifX19&#8243; mobile_bg_img_hidden=&#8220;no&#8220; tablet_bg_img_hidden=&#8220;no&#8220; woodmart_parallax=&#8220;0&#8243; woodmart_gradient_switch=&#8220;no&#8220; woodmart_box_shadow=&#8220;no&#8220; wd_z_index=&#8220;no&#8220; woodmart_disable_overflow=&#8220;0&#8243; row_reverse_mobile=&#8220;0&#8243; row_reverse_tablet=&#8220;0&#8243;][vc_column width=&#8220;7\/12&#8243; woodmart_css_id=&#8220;68dbfd0a3cc2d&#8220; parallax_scroll=&#8220;no&#8220; woodmart_sticky_column=&#8220;false&#8220; wd_collapsible_content_switcher=&#8220;no&#8220; wd_column_role_offcanvas_desktop=&#8220;no&#8220; wd_column_role_offcanvas_tablet=&#8220;no&#8220; wd_column_role_offcanvas_mobile=&#8220;no&#8220; wd_column_role_content_desktop=&#8220;no&#8220; wd_column_role_content_tablet=&#8220;no&#8220; wd_column_role_content_mobile=&#8220;no&#8220; mobile_bg_img_hidden=&#8220;no&#8220; tablet_bg_img_hidden=&#8220;no&#8220; woodmart_parallax=&#8220;0&#8243; woodmart_box_shadow=&#8220;no&#8220; responsive_spacing=&#8220;eyJwYXJhbV90eXBlIjoid29vZG1hcnRfcmVzcG9uc2l2ZV9zcGFjaW5nIiwic2VsZWN0b3JfaWQiOiI2OGRiZmQwYTNjYzJkIiwic2hvcnRjb2RlIjoidmNfY29sdW1uIiwiZGF0YSI6eyJ0YWJsZXQiOnt9LCJtb2JpbGUiOnsicGFkZGluZy10b3AiOiIxNSIsInBhZGRpbmctYm90dG9tIjoiMTUifX19&#8243; mobile_reset_margin=&#8220;no&#8220; tablet_reset_margin=&#8220;no&#8220; wd_z_index=&#8220;no&#8220;]\n\t\t<div id=\"wd-69a8897de66ce\" class=\"title-wrapper wd-wpb wd-set-mb reset-last-child  wd-rs-69a8897de66ce wd-title-color-white wd-title-style-default text-left vc_custom_1772652956760 wd-width-enabled wd-underline-colored\" style=\"--wd-max-width: 90%;\">\n\t\t\t\t\t\t\t\n\t\t\t\t<div class=\"title-subtitle  subtitle-color-white font-alt subtitle-style-default wd-font-weight-700 wd-fontsize-xs\">Stiefel<\/div>\n\t\t\t\n\t\t\t<div class=\"liner-continer\">\n\t\t\t\t<h2 class=\"woodmart-title-container title  wd-font-weight-700 wd-fontsize-l\" >Avertic\u2122 Schnittschutz<\/h2>\n\t\t\t\t\t\t\t<\/div>\n\t\t\t\n\t\t\t\t\t\t\t<div class=\"title-after_title reset-last-child  wd-fontsize-xs\">Avertic\u2122 Anti-cut Material \u2013 Made with Avertic\u2122 by Engtex \u2013 the original chainsaw protection.<br \/>\n(EN ISO 17349:2013 Level 2 -24m\/s, EN ISO 20345:2022 - S7L-CI-HRO-HI-SR-FO) <\/div>\n\t\t\t\n\t\t\t\n\t\t<\/div>\n\t\t\n\t\t<div id=\"wd-68dbe5e2ea10e\" class=\" wd-rs-68dbe5e2ea10e  wd-button-wrapper text-left\"><a href=\"https:\/\/oregonprotectpro.com\/de\/products\/stiefel\/protect-pro-stiefel\/\" title=\"\" class=\"btn btn-color-primary btn-style-link btn-shape-rectangle btn-size-default prodLink\">Protect PRO Stiefel \u2013 Rot\/Gelb<\/a><\/div>[\/vc_column][vc_column width=&#8220;5\/12&#8243; woodmart_css_id=&#8220;68de9cc4659e3&#8243; parallax_scroll=&#8220;no&#8220; woodmart_sticky_column=&#8220;false&#8220; wd_collapsible_content_switcher=&#8220;no&#8220; wd_column_role_offcanvas_desktop=&#8220;no&#8220; wd_column_role_offcanvas_tablet=&#8220;no&#8220; wd_column_role_offcanvas_mobile=&#8220;no&#8220; wd_column_role_content_desktop=&#8220;no&#8220; wd_column_role_content_tablet=&#8220;no&#8220; wd_column_role_content_mobile=&#8220;no&#8220; mobile_bg_img_hidden=&#8220;no&#8220; tablet_bg_img_hidden=&#8220;no&#8220; woodmart_parallax=&#8220;0&#8243; woodmart_box_shadow=&#8220;no&#8220; responsive_spacing=&#8220;eyJwYXJhbV90eXBlIjoid29vZG1hcnRfcmVzcG9uc2l2ZV9zcGFjaW5nIiwic2VsZWN0b3JfaWQiOiI2OGRlOWNjNDY1OWUzIiwic2hvcnRjb2RlIjoidmNfY29sdW1uIiwiZGF0YSI6eyJ0YWJsZXQiOnt9LCJtb2JpbGUiOnt9fX0=&#8220; mobile_reset_margin=&#8220;no&#8220; tablet_reset_margin=&#8220;no&#8220; wd_z_index=&#8220;no&#8220; css=&#8220;.vc_custom_1759419594262{margin: 0px !important;padding: 15px !important;}&#8220;]\t\t<div id=\"wd-68de9b8cb89bc\" class=\"wd-image wd-wpb wd-rs-68de9b8cb89bc text-center vc_custom_1759419304413\">\n\t\t\t\n\t\t\t<img loading=\"lazy\" decoding=\"async\" width=\"1024\" height=\"808\" src=\"https:\/\/oregonprotectpro.com\/wp-content\/uploads\/avertic-protection-boots-1-1024x808.png\" class=\"attachment-medium size-medium\" alt=\"\" srcset=\"https:\/\/oregonprotectpro.com\/wp-content\/uploads\/avertic-protection-boots-1-1024x808.png 1024w, https:\/\/oregonprotectpro.com\/wp-content\/uploads\/avertic-protection-boots-1-150x118.png 150w, https:\/\/oregonprotectpro.com\/wp-content\/uploads\/avertic-protection-boots-1-600x473.png 600w, https:\/\/oregonprotectpro.com\/wp-content\/uploads\/avertic-protection-boots-1-768x606.png 768w, https:\/\/oregonprotectpro.com\/wp-content\/uploads\/avertic-protection-boots-1-1536x1212.png 1536w, https:\/\/oregonprotectpro.com\/wp-content\/uploads\/avertic-protection-boots-1.png 1600w\" sizes=\"auto, (max-width: 1024px) 100vw, 1024px\" \/>\n\t\t\t\t\t<\/div>\n\t\t[\/vc_column][\/vc_row][\/vc_section]<\/p>\n<\/div>","protected":false},"excerpt":{"rendered":"<p>[vc_section woodmart_stretch_content=&#8220;section-stretch&#8220; el_class=&#8220;technology-section&#8220; woodmart_css_id=&#8220;68de99634cead&#8220; responsive_spacing=&#8220;eyJwYXJhbV90eXBlIjoid29vZG1hcnRfcmVzcG9uc2l2ZV9zcGFjaW5nIiwic2VsZWN0b3JfaWQiOiI2OGRlOTk2MzRjZWFkIiwic2hvcnRjb2RlIjoidmNfc2VjdGlvbiIsImRhdGEiOnsidGFibGV0Ijp7fSwibW9iaWxlIjp7fX19&#8243; mobile_bg_img_hidden=&#8220;no&#8220; tablet_bg_img_hidden=&#8220;no&#8220; woodmart_parallax=&#8220;0&#8243; woodmart_gradient_switch=&#8220;no&#8220; woodmart_box_shadow=&#8220;no&#8220; wd_z_index=&#8220;no&#8220; woodmart_disable_overflow=&#8220;0&#8243; css=&#8220;.vc_custom_1759418727915{margin-top: -40px !important;background-color: #000000 !important;}&#8220;][vc_row equal_height=&#8220;yes&#8220; content_placement=&#8220;middle&#8220; css=&#8220;.vc_custom_1759421850170{padding-top:<\/p>\n","protected":false},"author":2,"featured_media":0,"parent":0,"menu_order":2,"comment_status":"closed","ping_status":"closed","template":"","meta":{"footnotes":""},"class_list":["post-14706","page","type-page","status-publish","hentry"],"_links":{"self":[{"href":"https:\/\/oregonprotectpro.com\/de\/wp-json\/wp\/v2\/pages\/14706","targetHints":{"allow":["GET"]}}],"collection":[{"href":"https:\/\/oregonprotectpro.com\/de\/wp-json\/wp\/v2\/pages"}],"about":[{"href":"https:\/\/oregonprotectpro.com\/de\/wp-json\/wp\/v2\/types\/page"}],"author":[{"embeddable":true,"href":"https:\/\/oregonprotectpro.com\/de\/wp-json\/wp\/v2\/users\/2"}],"replies":[{"embeddable":true,"href":"https:\/\/oregonprotectpro.com\/de\/wp-json\/wp\/v2\/comments?post=14706"}],"version-history":[{"count":0,"href":"https:\/\/oregonprotectpro.com\/de\/wp-json\/wp\/v2\/pages\/14706\/revisions"}],"wp:attachment":[{"href":"https:\/\/oregonprotectpro.com\/de\/wp-json\/wp\/v2\/media?parent=14706"}],"curies":[{"name":"wp","href":"https:\/\/api.w.org\/{rel}","templated":true}]}}