{"id":14665,"date":"2023-02-16T11:40:36","date_gmt":"2023-02-16T11:40:36","guid":{"rendered":"https:\/\/oregonprotedev.wpenginepowered.com\/products\/uncategorized\/protect-pro-handschuhe\/"},"modified":"2026-03-04T17:49:16","modified_gmt":"2026-03-04T17:49:16","slug":"protect-pro-handschuhe","status":"publish","type":"product","link":"https:\/\/oregonprotectpro.com\/de\/products\/handschuhe\/protect-pro-handschuhe\/","title":{"rendered":"Protect PRO Handschuhe"},"content":{"rendered":"<div class=\"wpb-content-wrapper\"><p>[vc_row css=&#8220;.vc_custom_1758577763352{margin-top: -25px !important;padding-top: 0px !important;}&#8220; woodmart_css_id=&#8220;68d1c45de8cd4&#8243; responsive_spacing=&#8220;eyJwYXJhbV90eXBlIjoid29vZG1hcnRfcmVzcG9uc2l2ZV9zcGFjaW5nIiwic2VsZWN0b3JfaWQiOiI2OGQxYzQ1ZGU4Y2Q0Iiwic2hvcnRjb2RlIjoidmNfcm93IiwiZGF0YSI6eyJ0YWJsZXQiOnt9LCJtb2JpbGUiOnt9fX0=&#8220; mobile_bg_img_hidden=&#8220;no&#8220; tablet_bg_img_hidden=&#8220;no&#8220; woodmart_parallax=&#8220;0&#8243; woodmart_gradient_switch=&#8220;no&#8220; woodmart_box_shadow=&#8220;no&#8220; wd_z_index=&#8220;no&#8220; woodmart_disable_overflow=&#8220;0&#8243; row_reverse_mobile=&#8220;0&#8243; row_reverse_tablet=&#8220;0&#8243;][vc_column woodmart_text_align=&#8220;center&#8220; woodmart_css_id=&#8220;68dac33e2e6ac&#8220; parallax_scroll=&#8220;no&#8220; woodmart_sticky_column=&#8220;false&#8220; wd_collapsible_content_switcher=&#8220;no&#8220; wd_column_role_offcanvas_desktop=&#8220;no&#8220; wd_column_role_offcanvas_tablet=&#8220;no&#8220; wd_column_role_offcanvas_mobile=&#8220;no&#8220; wd_column_role_content_desktop=&#8220;no&#8220; wd_column_role_content_tablet=&#8220;no&#8220; wd_column_role_content_mobile=&#8220;no&#8220; mobile_bg_img_hidden=&#8220;no&#8220; tablet_bg_img_hidden=&#8220;no&#8220; woodmart_parallax=&#8220;0&#8243; woodmart_box_shadow=&#8220;no&#8220; responsive_spacing=&#8220;eyJwYXJhbV90eXBlIjoid29vZG1hcnRfcmVzcG9uc2l2ZV9zcGFjaW5nIiwic2VsZWN0b3JfaWQiOiI2OGRhYzMzZTJlNmFjIiwic2hvcnRjb2RlIjoidmNfY29sdW1uIiwiZGF0YSI6eyJ0YWJsZXQiOnt9LCJtb2JpbGUiOnt9fX0=&#8220; mobile_reset_margin=&#8220;no&#8220; tablet_reset_margin=&#8220;no&#8220; wd_z_index=&#8220;no&#8220;]\t\t\t<div id=\"wd-rs-68dac35ca646f\" class=\"wd-nested-carousel wd-carousel-container wd-rs-68dac35ca646f wd-wpb vc_custom_1759167334792\">\n\t\t\t\t<div class=\"wd-carousel-inner\">\n\t\t\t\t\t<div class=\"wd-carousel wd-grid scroll-init\" data-wrap=\"yes\" style=\"--wd-col-lg:4;--wd-col-md:2.5;--wd-col-sm:1;--wd-gap-lg:20px;--wd-gap-sm:10px;\">\n\t\t\t\t\t\t<div class=\"wd-carousel-wrap\">\n\t\t\t\t\t\t\t\t\t<div class=\"wd-carousel-item\">\n\t\t\t\t\t<div id=\"wd-68dac1ee737bb\" class=\"wd-image wd-wpb wd-rs-68dac1ee737bb text-center vc_custom_1759166987590 photoswipe-images\">\n\t\t\t\t\t\t\t<a href=\"https:\/\/oregonprotectpro.com\/wp-content\/uploads\/650300_ProtectPro_Gloves-RY-lifestyle_1600.jpg\"  data-width=\"1600\" data-height=\"1600\">\n\t\t\t\n\t\t\t<img loading=\"lazy\" decoding=\"async\" width=\"1600\" height=\"1600\" src=\"https:\/\/oregonprotectpro.com\/wp-content\/uploads\/650300_ProtectPro_Gloves-RY-lifestyle_1600.jpg\" class=\"attachment-full size-full\" alt=\"\" srcset=\"https:\/\/oregonprotectpro.com\/wp-content\/uploads\/650300_ProtectPro_Gloves-RY-lifestyle_1600.jpg 1600w, https:\/\/oregonprotectpro.com\/wp-content\/uploads\/650300_ProtectPro_Gloves-RY-lifestyle_1600-600x600.jpg 600w, https:\/\/oregonprotectpro.com\/wp-content\/uploads\/650300_ProtectPro_Gloves-RY-lifestyle_1600-150x150.jpg 150w, https:\/\/oregonprotectpro.com\/wp-content\/uploads\/650300_ProtectPro_Gloves-RY-lifestyle_1600-1024x1024.jpg 1024w, https:\/\/oregonprotectpro.com\/wp-content\/uploads\/650300_ProtectPro_Gloves-RY-lifestyle_1600-768x768.jpg 768w, https:\/\/oregonprotectpro.com\/wp-content\/uploads\/650300_ProtectPro_Gloves-RY-lifestyle_1600-1536x1536.jpg 1536w\" sizes=\"auto, (max-width: 1600px) 100vw, 1600px\" \/>\n\t\t\t\t\t\t\t<\/a>\n\t\t\t\t\t<\/div>\n\t\t\n\t\t<div id=\"wd-68dac37704b8e\" class=\"title-wrapper wd-wpb wd-set-mb reset-last-child  wd-rs-68dac37704b8e wd-title-color-default wd-title-style-default text-center feature-title vc_custom_1759167356888 wd-underline-colored\">\n\t\t\t\n\t\t\t<div class=\"liner-continer\">\n\t\t\t\t<h4 class=\"woodmart-title-container title  wd-font-weight- wd-fontsize-m\" >Schnittschutz mit Warnschutz<\/h4>\n\t\t\t\t\t\t\t<\/div>\n\t\t\t\n\t\t\t\n\t\t\t\n\t\t<\/div>\n\t\t\n\t\t\t\t<div id=\"wd-68dac1decb5d4\" class=\"wd-text-block wd-wpb reset-last-child wd-rs-68dac1decb5d4 text-center vc_custom_1759166956713\">\n\t\t\t<p>ForestXFiber\u2122 Technologie bietet Schnittschutz f\u00fcr die linke Hand (EN ISO 11393-4:2019 Klasse O (16 m\/s)), und Reflexstreifen sowie leuchtende Warnfarben erh\u00f6hen die Sichtbarkeit<\/p>\n\t\t<\/div>\n\t\t\t\t<\/div>\n\t\t\t\t<div class=\"wd-carousel-item\">\n\t\t\t\t\t<div id=\"wd-68dac228050f3\" class=\"wd-image wd-wpb wd-rs-68dac228050f3 text-center vc_custom_1759167030173 photoswipe-images\">\n\t\t\t\t\t\t\t<a href=\"https:\/\/oregonprotectpro.com\/wp-content\/uploads\/650300_ProtectPro_Gloves-RY-grip_1600.jpg\"  data-width=\"1600\" data-height=\"1600\">\n\t\t\t\n\t\t\t<img loading=\"lazy\" decoding=\"async\" width=\"1600\" height=\"1600\" src=\"https:\/\/oregonprotectpro.com\/wp-content\/uploads\/650300_ProtectPro_Gloves-RY-grip_1600.jpg\" class=\"attachment-full size-full\" alt=\"\" srcset=\"https:\/\/oregonprotectpro.com\/wp-content\/uploads\/650300_ProtectPro_Gloves-RY-grip_1600.jpg 1600w, https:\/\/oregonprotectpro.com\/wp-content\/uploads\/650300_ProtectPro_Gloves-RY-grip_1600-600x600.jpg 600w, https:\/\/oregonprotectpro.com\/wp-content\/uploads\/650300_ProtectPro_Gloves-RY-grip_1600-150x150.jpg 150w, https:\/\/oregonprotectpro.com\/wp-content\/uploads\/650300_ProtectPro_Gloves-RY-grip_1600-1024x1024.jpg 1024w, https:\/\/oregonprotectpro.com\/wp-content\/uploads\/650300_ProtectPro_Gloves-RY-grip_1600-768x768.jpg 768w, https:\/\/oregonprotectpro.com\/wp-content\/uploads\/650300_ProtectPro_Gloves-RY-grip_1600-1536x1536.jpg 1536w\" sizes=\"auto, (max-width: 1600px) 100vw, 1600px\" \/>\n\t\t\t\t\t\t\t<\/a>\n\t\t\t\t\t<\/div>\n\t\t\n\t\t<div id=\"wd-68dac20dd26d2\" class=\"title-wrapper wd-wpb wd-set-mb reset-last-child  wd-rs-68dac20dd26d2 wd-title-color-default wd-title-style-default text-center feature-title vc_custom_1759166998024 wd-underline-colored\">\n\t\t\t\n\t\t\t<div class=\"liner-continer\">\n\t\t\t\t<h4 class=\"woodmart-title-container title  wd-font-weight- wd-fontsize-m\" >Ergonomisch<\/h4>\n\t\t\t\t\t\t\t<\/div>\n\t\t\t\n\t\t\t\n\t\t\t\n\t\t<\/div>\n\t\t\n\t\t\t\t<div id=\"wd-68dac2179fc52\" class=\"wd-text-block wd-wpb reset-last-child wd-rs-68dac2179fc52 text-center vc_custom_1759167010233\">\n\t\t\t<p>Schnittschutz-Stoffe sind ergonomisch integriert f\u00fcr maximalen Komfort bei der Arbeit<\/p>\n\t\t<\/div>\n\t\t\t\t<\/div>\n\t\t\t\t<div class=\"wd-carousel-item\">\n\t\t\t\t\t<div id=\"wd-68dac2382deb4\" class=\"wd-image wd-wpb wd-rs-68dac2382deb4 text-center vc_custom_1759167047288 photoswipe-images\">\n\t\t\t\t\t\t\t<a href=\"https:\/\/oregonprotectpro.com\/wp-content\/uploads\/650300_ProtectPro_Gloves-RY-velcro_1600.jpg\"  data-width=\"1600\" data-height=\"1600\">\n\t\t\t\n\t\t\t<img loading=\"lazy\" decoding=\"async\" width=\"1600\" height=\"1600\" src=\"https:\/\/oregonprotectpro.com\/wp-content\/uploads\/650300_ProtectPro_Gloves-RY-velcro_1600.jpg\" class=\"attachment-full size-full\" alt=\"\" srcset=\"https:\/\/oregonprotectpro.com\/wp-content\/uploads\/650300_ProtectPro_Gloves-RY-velcro_1600.jpg 1600w, https:\/\/oregonprotectpro.com\/wp-content\/uploads\/650300_ProtectPro_Gloves-RY-velcro_1600-600x600.jpg 600w, https:\/\/oregonprotectpro.com\/wp-content\/uploads\/650300_ProtectPro_Gloves-RY-velcro_1600-150x150.jpg 150w, https:\/\/oregonprotectpro.com\/wp-content\/uploads\/650300_ProtectPro_Gloves-RY-velcro_1600-1024x1024.jpg 1024w, https:\/\/oregonprotectpro.com\/wp-content\/uploads\/650300_ProtectPro_Gloves-RY-velcro_1600-768x768.jpg 768w, https:\/\/oregonprotectpro.com\/wp-content\/uploads\/650300_ProtectPro_Gloves-RY-velcro_1600-1536x1536.jpg 1536w\" sizes=\"auto, (max-width: 1600px) 100vw, 1600px\" \/>\n\t\t\t\t\t\t\t<\/a>\n\t\t\t\t\t<\/div>\n\t\t\n\t\t<div id=\"wd-68dac24987ea1\" class=\"title-wrapper wd-wpb wd-set-mb reset-last-child  wd-rs-68dac24987ea1 wd-title-color-default wd-title-style-default text-center feature-title vc_custom_1759167056176 wd-underline-colored\">\n\t\t\t\n\t\t\t<div class=\"liner-continer\">\n\t\t\t\t<h4 class=\"woodmart-title-container title  wd-font-weight- wd-fontsize-m\" >Sicherer Sitz<\/h4>\n\t\t\t\t\t\t\t<\/div>\n\t\t\t\n\t\t\t\n\t\t\t\n\t\t<\/div>\n\t\t\n\t\t\t\t<div id=\"wd-68dac25632855\" class=\"wd-text-block wd-wpb reset-last-child wd-rs-68dac25632855 text-center vc_custom_1759167066574\">\n\t\t\t<p>Flexibles Neopren-B\u00fcndchen leicht anzuziehen; enth\u00e4lt Klettverschluss f\u00fcr passgenauen Sitz und h\u00e4lt Schmutz und Witterungseinfl\u00fcsse ab<\/p>\n\t\t<\/div>\n\t\t\t\t<\/div>\n\t\t\t\t<div class=\"wd-carousel-item\">\n\t\t\t\t\t<div id=\"wd-68dac25d9fa4a\" class=\"wd-image wd-wpb wd-rs-68dac25d9fa4a text-center vc_custom_1759167080064 photoswipe-images\">\n\t\t\t\t\t\t\t<a href=\"https:\/\/oregonprotectpro.com\/wp-content\/uploads\/650300_ProtectPro_Gloves-RY-stretch_1600.jpg\"  data-width=\"1600\" data-height=\"1600\">\n\t\t\t\n\t\t\t<img loading=\"lazy\" decoding=\"async\" width=\"1600\" height=\"1600\" src=\"https:\/\/oregonprotectpro.com\/wp-content\/uploads\/650300_ProtectPro_Gloves-RY-stretch_1600.jpg\" class=\"attachment-full size-full\" alt=\"\" srcset=\"https:\/\/oregonprotectpro.com\/wp-content\/uploads\/650300_ProtectPro_Gloves-RY-stretch_1600.jpg 1600w, https:\/\/oregonprotectpro.com\/wp-content\/uploads\/650300_ProtectPro_Gloves-RY-stretch_1600-600x600.jpg 600w, https:\/\/oregonprotectpro.com\/wp-content\/uploads\/650300_ProtectPro_Gloves-RY-stretch_1600-150x150.jpg 150w, https:\/\/oregonprotectpro.com\/wp-content\/uploads\/650300_ProtectPro_Gloves-RY-stretch_1600-1024x1024.jpg 1024w, https:\/\/oregonprotectpro.com\/wp-content\/uploads\/650300_ProtectPro_Gloves-RY-stretch_1600-768x768.jpg 768w, https:\/\/oregonprotectpro.com\/wp-content\/uploads\/650300_ProtectPro_Gloves-RY-stretch_1600-1536x1536.jpg 1536w\" sizes=\"auto, (max-width: 1600px) 100vw, 1600px\" \/>\n\t\t\t\t\t\t\t<\/a>\n\t\t\t\t\t<\/div>\n\t\t\n\t\t<div id=\"wd-68dac26a613ed\" class=\"title-wrapper wd-wpb wd-set-mb reset-last-child  wd-rs-68dac26a613ed wd-title-color-default wd-title-style-default text-center feature-title vc_custom_1759167093485 wd-underline-colored\">\n\t\t\t\n\t\t\t<div class=\"liner-continer\">\n\t\t\t\t<h4 class=\"woodmart-title-container title  wd-font-weight- wd-fontsize-m\" >Komfort und Flexibilit\u00e4t<\/h4>\n\t\t\t\t\t\t\t<\/div>\n\t\t\t\n\t\t\t\n\t\t\t\n\t\t<\/div>\n\t\t\n\t\t\t\t<div id=\"wd-68dac27a0429c\" class=\"wd-text-block wd-wpb reset-last-child wd-rs-68dac27a0429c text-center vc_custom_1759167102019\">\n\t\t\t<p>Ziegenleder mit Spandex-R\u00fccken bietet geschmeidigen, flexiblen Sitz; gepolsterte Handfl\u00e4chen unterst\u00fctzen Anti-Vibrations-Funktion<\/p>\n\t\t<\/div>\n\t\t\t\t<\/div>\n\t\t\t\t\t\t\t\t<\/div>\n\t\t\t\t\t<\/div>\n\t\t\t\t\t\t\t\t\t\t\t\t\t<div class=\"wd-nav-arrows wd-pos-sep wd-hover-1 wd-icon-1\">\n\t\t\t<div class=\"wd-btn-arrow wd-prev wd-disabled\">\n\t\t\t\t<div class=\"wd-arrow-inner\"><\/div>\n\t\t\t<\/div>\n\t\t\t<div class=\"wd-btn-arrow wd-next\">\n\t\t\t\t<div class=\"wd-arrow-inner\"><\/div>\n\t\t\t<\/div>\n\t\t<\/div>\n\t\t\t\t\t\t\t\t\t\t\t<\/div>\n\n\t\t\t\t\t\t<div class=\"wd-nav-pagin-wrap text-center wd-style-shape\">\n\t\t\t<ul class=\"wd-nav-pagin\"><\/ul>\n\t\t<\/div>\n\t\t\t\t\t\t\t\t\t<\/div>\n\t\t[\/vc_column][\/vc_row]<\/p>\n<\/div>","protected":false},"excerpt":{"rendered":"<p>[vc_row css=&#8220;.vc_custom_1758577763352{margin-top: -25px !important;padding-top: 0px !important;}&#8220; woodmart_css_id=&#8220;68d1c45de8cd4&#8243; responsive_spacing=&#8220;eyJwYXJhbV90eXBlIjoid29vZG1hcnRfcmVzcG9uc2l2ZV9zcGFjaW5nIiwic2VsZWN0b3JfaWQiOiI2OGQxYzQ1ZGU4Y2Q0Iiwic2hvcnRjb2RlIjoidmNfcm93IiwiZGF0YSI6eyJ0YWJsZXQiOnt9LCJtb2JpbGUiOnt9fX0=&#8220; mobile_bg_img_hidden=&#8220;no&#8220; tablet_bg_img_hidden=&#8220;no&#8220; woodmart_parallax=&#8220;0&#8243; woodmart_gradient_switch=&#8220;no&#8220; woodmart_box_shadow=&#8220;no&#8220; wd_z_index=&#8220;no&#8220; woodmart_disable_overflow=&#8220;0&#8243; row_reverse_mobile=&#8220;0&#8243; row_reverse_tablet=&#8220;0&#8243;][vc_column woodmart_text_align=&#8220;center&#8220; woodmart_css_id=&#8220;68dac33e2e6ac&#8220; parallax_scroll=&#8220;no&#8220;<\/p>\n","protected":false},"featured_media":14501,"template":"","meta":[],"product_brand":[],"product_cat":[72],"product_tag":[],"class_list":{"0":"post-14665","1":"product","2":"type-product","3":"status-publish","4":"has-post-thumbnail","6":"product_cat-handschuhe","8":"first","9":"instock","10":"shipping-taxable","11":"product-type-simple"},"_links":{"self":[{"href":"https:\/\/oregonprotectpro.com\/de\/wp-json\/wp\/v2\/product\/14665","targetHints":{"allow":["GET"]}}],"collection":[{"href":"https:\/\/oregonprotectpro.com\/de\/wp-json\/wp\/v2\/product"}],"about":[{"href":"https:\/\/oregonprotectpro.com\/de\/wp-json\/wp\/v2\/types\/product"}],"wp:featuredmedia":[{"embeddable":true,"href":"https:\/\/oregonprotectpro.com\/de\/wp-json\/wp\/v2\/media\/14501"}],"wp:attachment":[{"href":"https:\/\/oregonprotectpro.com\/de\/wp-json\/wp\/v2\/media?parent=14665"}],"wp:term":[{"taxonomy":"product_brand","embeddable":true,"href":"https:\/\/oregonprotectpro.com\/de\/wp-json\/wp\/v2\/product_brand?post=14665"},{"taxonomy":"product_cat","embeddable":true,"href":"https:\/\/oregonprotectpro.com\/de\/wp-json\/wp\/v2\/product_cat?post=14665"},{"taxonomy":"product_tag","embeddable":true,"href":"https:\/\/oregonprotectpro.com\/de\/wp-json\/wp\/v2\/product_tag?post=14665"}],"curies":[{"name":"wp","href":"https:\/\/api.w.org\/{rel}","templated":true}]}}