{"id":14674,"date":"2023-03-20T12:06:44","date_gmt":"2023-03-20T12:06:44","guid":{"rendered":"https:\/\/oregonprotedev.wpenginepowered.com\/products\/uncategorized\/protect-pro-hose\/"},"modified":"2026-03-04T18:13:12","modified_gmt":"2026-03-04T18:13:12","slug":"protect-pro-hose","status":"publish","type":"product","link":"https:\/\/oregonprotectpro.com\/de\/products\/hose\/protect-pro-hose\/","title":{"rendered":"Protect PRO Hose"},"content":{"rendered":"<div class=\"wpb-content-wrapper\"><p>[vc_row css=&#8220;.vc_custom_1758577763352{margin-top: -25px !important;padding-top: 0px !important;}&#8220; woodmart_css_id=&#8220;68d1c45de8cd4&#8243; responsive_spacing=&#8220;eyJwYXJhbV90eXBlIjoid29vZG1hcnRfcmVzcG9uc2l2ZV9zcGFjaW5nIiwic2VsZWN0b3JfaWQiOiI2OGQxYzQ1ZGU4Y2Q0Iiwic2hvcnRjb2RlIjoidmNfcm93IiwiZGF0YSI6eyJ0YWJsZXQiOnt9LCJtb2JpbGUiOnt9fX0=&#8220; mobile_bg_img_hidden=&#8220;no&#8220; tablet_bg_img_hidden=&#8220;no&#8220; woodmart_parallax=&#8220;0&#8243; woodmart_gradient_switch=&#8220;no&#8220; woodmart_box_shadow=&#8220;no&#8220; wd_z_index=&#8220;no&#8220; woodmart_disable_overflow=&#8220;0&#8243; row_reverse_mobile=&#8220;0&#8243; row_reverse_tablet=&#8220;0&#8243;][vc_column woodmart_text_align=&#8220;center&#8220; woodmart_css_id=&#8220;68dac32452fa0&#8243; parallax_scroll=&#8220;no&#8220; woodmart_sticky_column=&#8220;false&#8220; wd_collapsible_content_switcher=&#8220;no&#8220; wd_column_role_offcanvas_desktop=&#8220;no&#8220; wd_column_role_offcanvas_tablet=&#8220;no&#8220; wd_column_role_offcanvas_mobile=&#8220;no&#8220; wd_column_role_content_desktop=&#8220;no&#8220; wd_column_role_content_tablet=&#8220;no&#8220; wd_column_role_content_mobile=&#8220;no&#8220; mobile_bg_img_hidden=&#8220;no&#8220; tablet_bg_img_hidden=&#8220;no&#8220; woodmart_parallax=&#8220;0&#8243; woodmart_box_shadow=&#8220;no&#8220; responsive_spacing=&#8220;eyJwYXJhbV90eXBlIjoid29vZG1hcnRfcmVzcG9uc2l2ZV9zcGFjaW5nIiwic2VsZWN0b3JfaWQiOiI2OGRhYzMyNDUyZmEwIiwic2hvcnRjb2RlIjoidmNfY29sdW1uIiwiZGF0YSI6eyJ0YWJsZXQiOnt9LCJtb2JpbGUiOnt9fX0=&#8220; mobile_reset_margin=&#8220;no&#8220; tablet_reset_margin=&#8220;no&#8220; wd_z_index=&#8220;no&#8220;]\t\t\t<div id=\"wd-rs-68d420b748ed4\" class=\"wd-nested-carousel wd-carousel-container wd-rs-68d420b748ed4 wd-wpb vc_custom_1758732478693\">\n\t\t\t\t<div class=\"wd-carousel-inner\">\n\t\t\t\t\t<div class=\"wd-carousel wd-grid scroll-init\" data-wrap=\"yes\" style=\"--wd-col-lg:6;--wd-col-md:2.5;--wd-col-sm:1;--wd-gap-lg:20px;--wd-gap-sm:10px;\">\n\t\t\t\t\t\t<div class=\"wd-carousel-wrap\">\n\t\t\t\t\t\t\t\t\t<div class=\"wd-carousel-item\">\n\t\t\t\t\t<div id=\"wd-68dac8bb9db35\" class=\"wd-image wd-wpb wd-rs-68dac8bb9db35 text-center vc_custom_1759168704122 photoswipe-images\">\n\t\t\t\t\t\t\t<a href=\"https:\/\/oregonprotectpro.com\/wp-content\/uploads\/665100_ProtectPro_Boot_Hook_1600.jpg\"  data-width=\"1600\" data-height=\"1600\">\n\t\t\t\n\t\t\t<img loading=\"lazy\" decoding=\"async\" width=\"1600\" height=\"1600\" src=\"https:\/\/oregonprotectpro.com\/wp-content\/uploads\/665100_ProtectPro_Boot_Hook_1600.jpg\" class=\"attachment-full size-full\" alt=\"\" srcset=\"https:\/\/oregonprotectpro.com\/wp-content\/uploads\/665100_ProtectPro_Boot_Hook_1600.jpg 1600w, https:\/\/oregonprotectpro.com\/wp-content\/uploads\/665100_ProtectPro_Boot_Hook_1600-600x600.jpg 600w, https:\/\/oregonprotectpro.com\/wp-content\/uploads\/665100_ProtectPro_Boot_Hook_1600-150x150.jpg 150w, https:\/\/oregonprotectpro.com\/wp-content\/uploads\/665100_ProtectPro_Boot_Hook_1600-1024x1024.jpg 1024w, https:\/\/oregonprotectpro.com\/wp-content\/uploads\/665100_ProtectPro_Boot_Hook_1600-768x768.jpg 768w, https:\/\/oregonprotectpro.com\/wp-content\/uploads\/665100_ProtectPro_Boot_Hook_1600-1536x1536.jpg 1536w\" sizes=\"auto, (max-width: 1600px) 100vw, 1600px\" \/>\n\t\t\t\t\t\t\t<\/a>\n\t\t\t\t\t<\/div>\n\t\t\n\t\t<div id=\"wd-68dac6cc3f672\" class=\"title-wrapper wd-wpb wd-set-mb reset-last-child  wd-rs-68dac6cc3f672 wd-title-color-default wd-title-style-default text-center feature-title vc_custom_1759168222096 wd-underline-colored\">\n\t\t\t\n\t\t\t<div class=\"liner-continer\">\n\t\t\t\t<h4 class=\"woodmart-title-container title  wd-font-weight- wd-fontsize-m\" >Bleibt an Ort und Stelle, schmutzfrei<\/h4>\n\t\t\t\t\t\t\t<\/div>\n\t\t\t\n\t\t\t\n\t\t\t\n\t\t<\/div>\n\t\t\n\t\t\t\t<div id=\"wd-68dac71a13075\" class=\"wd-text-block wd-wpb reset-last-child wd-rs-68dac71a13075 text-center vc_custom_1759168284521\">\n\t\t\t<p>Innere Stiefelgamaschen mit elastischem Griff halten Schmutz und Witterungseinfl\u00fcsse ab. Zus\u00e4tzlicher Stiefelhaken au\u00dfen befestigt Gamaschen an Schn\u00fcrsenkeln.<\/p>\n\t\t<\/div>\n\t\t\t\t<\/div>\n\t\t\t\t<div class=\"wd-carousel-item\">\n\t\t\t\t\t<div id=\"wd-68dac8c200460\" class=\"wd-image wd-wpb wd-rs-68dac8c200460 text-center vc_custom_1759168760941 photoswipe-images\">\n\t\t\t\t\t\t\t<a href=\"https:\/\/oregonprotectpro.com\/wp-content\/uploads\/695600_ProtectPro_Trousers-RY_Knee_1600.jpg\"  data-width=\"1600\" data-height=\"1600\">\n\t\t\t\n\t\t\t<img loading=\"lazy\" decoding=\"async\" width=\"1600\" height=\"1600\" src=\"https:\/\/oregonprotectpro.com\/wp-content\/uploads\/695600_ProtectPro_Trousers-RY_Knee_1600.jpg\" class=\"attachment-full size-full\" alt=\"\" srcset=\"https:\/\/oregonprotectpro.com\/wp-content\/uploads\/695600_ProtectPro_Trousers-RY_Knee_1600.jpg 1600w, https:\/\/oregonprotectpro.com\/wp-content\/uploads\/695600_ProtectPro_Trousers-RY_Knee_1600-600x600.jpg 600w, https:\/\/oregonprotectpro.com\/wp-content\/uploads\/695600_ProtectPro_Trousers-RY_Knee_1600-150x150.jpg 150w, https:\/\/oregonprotectpro.com\/wp-content\/uploads\/695600_ProtectPro_Trousers-RY_Knee_1600-1024x1024.jpg 1024w, https:\/\/oregonprotectpro.com\/wp-content\/uploads\/695600_ProtectPro_Trousers-RY_Knee_1600-768x768.jpg 768w, https:\/\/oregonprotectpro.com\/wp-content\/uploads\/695600_ProtectPro_Trousers-RY_Knee_1600-1536x1536.jpg 1536w\" sizes=\"auto, (max-width: 1600px) 100vw, 1600px\" \/>\n\t\t\t\t\t\t\t<\/a>\n\t\t\t\t\t<\/div>\n\t\t\n\t\t<div id=\"wd-68dac6fdb47b1\" class=\"title-wrapper wd-wpb wd-set-mb reset-last-child  wd-rs-68dac6fdb47b1 wd-title-color-default wd-title-style-default text-center feature-title vc_custom_1759168270349 wd-underline-colored\">\n\t\t\t\n\t\t\t<div class=\"liner-continer\">\n\t\t\t\t<h4 class=\"woodmart-title-container title  wd-font-weight- wd-fontsize-m\" >Bessere Flexibilit\u00e4t &amp; au\u00dfergew\u00f6hnliche Haltbarkeit<\/h4>\n\t\t\t\t\t\t\t<\/div>\n\t\t\t\n\t\t\t\n\t\t\t\n\t\t<\/div>\n\t\t\n\t\t\t\t<div id=\"wd-68dac7108dee3\" class=\"wd-text-block wd-wpb reset-last-child wd-rs-68dac7108dee3 text-center vc_custom_1759168280484\">\n\t\t\t<p>Gefaltete Knie f\u00fcr maximale Flexibilit\u00e4t und strapazierf\u00e4higes, wasserdichtes Gewebe in stark beanspruchten Bereichen, einschlie\u00dflich Knie und Kn\u00f6chel, bieten au\u00dfergew\u00f6hnliche Abriebfestigkeit<\/p>\n\t\t<\/div>\n\t\t\t\t<\/div>\n\t\t\t\t<div class=\"wd-carousel-item\">\n\t\t\t\t\t<div id=\"wd-68dac8fdc5fcd\" class=\"wd-image wd-wpb wd-rs-68dac8fdc5fcd text-center vc_custom_1759168777777 photoswipe-images\">\n\t\t\t\t\t\t\t<a href=\"https:\/\/oregonprotectpro.com\/wp-content\/uploads\/695600_ProtectPro_Trousers-RY_Lifestyle_1600.jpg\"  data-width=\"1600\" data-height=\"1600\">\n\t\t\t\n\t\t\t<img loading=\"lazy\" decoding=\"async\" width=\"1600\" height=\"1600\" src=\"https:\/\/oregonprotectpro.com\/wp-content\/uploads\/695600_ProtectPro_Trousers-RY_Lifestyle_1600.jpg\" class=\"attachment-full size-full\" alt=\"\" srcset=\"https:\/\/oregonprotectpro.com\/wp-content\/uploads\/695600_ProtectPro_Trousers-RY_Lifestyle_1600.jpg 1600w, https:\/\/oregonprotectpro.com\/wp-content\/uploads\/695600_ProtectPro_Trousers-RY_Lifestyle_1600-600x600.jpg 600w, https:\/\/oregonprotectpro.com\/wp-content\/uploads\/695600_ProtectPro_Trousers-RY_Lifestyle_1600-150x150.jpg 150w, https:\/\/oregonprotectpro.com\/wp-content\/uploads\/695600_ProtectPro_Trousers-RY_Lifestyle_1600-1024x1024.jpg 1024w, https:\/\/oregonprotectpro.com\/wp-content\/uploads\/695600_ProtectPro_Trousers-RY_Lifestyle_1600-768x768.jpg 768w, https:\/\/oregonprotectpro.com\/wp-content\/uploads\/695600_ProtectPro_Trousers-RY_Lifestyle_1600-1536x1536.jpg 1536w\" sizes=\"auto, (max-width: 1600px) 100vw, 1600px\" \/>\n\t\t\t\t\t\t\t<\/a>\n\t\t\t\t\t<\/div>\n\t\t\n\t\t<div id=\"wd-68dac71f7fbc9\" class=\"title-wrapper wd-wpb wd-set-mb reset-last-child  wd-rs-68dac71f7fbc9 wd-title-color-default wd-title-style-default text-center feature-title vc_custom_1759168304696 wd-underline-colored\">\n\t\t\t\n\t\t\t<div class=\"liner-continer\">\n\t\t\t\t<h4 class=\"woodmart-title-container title  wd-font-weight- wd-fontsize-m\" >Schnittschutz mit Warnschutz<\/h4>\n\t\t\t\t\t\t\t<\/div>\n\t\t\t\n\t\t\t\n\t\t\t\n\t\t<\/div>\n\t\t\n\t\t\t\t<div id=\"wd-68dac73960c7a\" class=\"wd-text-block wd-wpb reset-last-child wd-rs-68dac73960c7a text-center vc_custom_1759168317745\">\n\t\t\t<p>ForestXFiber\u2122 Technologie bietet Schnittschutz (EN ISO 11393-2 Klasse 1 20 m\/s), und Reflexstreifen sowie leuchtende Warnfarben erh\u00f6hen die Sichtbarkeit<\/p>\n\t\t<\/div>\n\t\t\t\t<\/div>\n\t\t\t\t<div class=\"wd-carousel-item\">\n\t\t\t\t\t<div id=\"wd-68dac90e20bf3\" class=\"wd-image wd-wpb wd-rs-68dac90e20bf3 text-center vc_custom_1759168790734 photoswipe-images\">\n\t\t\t\t\t\t\t<a href=\"https:\/\/oregonprotectpro.com\/wp-content\/uploads\/695600_ProtectPro_Trousers-RY_PocketPhone-1600.jpg\"  data-width=\"1600\" data-height=\"1600\">\n\t\t\t\n\t\t\t<img loading=\"lazy\" decoding=\"async\" width=\"1600\" height=\"1600\" src=\"https:\/\/oregonprotectpro.com\/wp-content\/uploads\/695600_ProtectPro_Trousers-RY_PocketPhone-1600.jpg\" class=\"attachment-full size-full\" alt=\"\" srcset=\"https:\/\/oregonprotectpro.com\/wp-content\/uploads\/695600_ProtectPro_Trousers-RY_PocketPhone-1600.jpg 1600w, https:\/\/oregonprotectpro.com\/wp-content\/uploads\/695600_ProtectPro_Trousers-RY_PocketPhone-1600-600x600.jpg 600w, https:\/\/oregonprotectpro.com\/wp-content\/uploads\/695600_ProtectPro_Trousers-RY_PocketPhone-1600-150x150.jpg 150w, https:\/\/oregonprotectpro.com\/wp-content\/uploads\/695600_ProtectPro_Trousers-RY_PocketPhone-1600-1024x1024.jpg 1024w, https:\/\/oregonprotectpro.com\/wp-content\/uploads\/695600_ProtectPro_Trousers-RY_PocketPhone-1600-768x768.jpg 768w, https:\/\/oregonprotectpro.com\/wp-content\/uploads\/695600_ProtectPro_Trousers-RY_PocketPhone-1600-1536x1536.jpg 1536w\" sizes=\"auto, (max-width: 1600px) 100vw, 1600px\" \/>\n\t\t\t\t\t\t\t<\/a>\n\t\t\t\t\t<\/div>\n\t\t\n\t\t<div id=\"wd-68dac7400f4a1\" class=\"title-wrapper wd-wpb wd-set-mb reset-last-child  wd-rs-68dac7400f4a1 wd-title-color-default wd-title-style-default text-center feature-title vc_custom_1759168343468 wd-underline-colored\">\n\t\t\t\n\t\t\t<div class=\"liner-continer\">\n\t\t\t\t<h4 class=\"woodmart-title-container title  wd-font-weight- wd-fontsize-m\" >4 gro\u00dfe Taschen und langlebige &apos;umgekehrte&apos; Rei\u00dfverschl\u00fcsse<\/h4>\n\t\t\t\t\t\t\t<\/div>\n\t\t\t\n\t\t\t\n\t\t\t\n\t\t<\/div>\n\t\t\n\t\t\t\t<div id=\"wd-68dac766609c0\" class=\"wd-text-block wd-wpb reset-last-child wd-rs-68dac766609c0 text-center vc_custom_1759168366556\">\n\t\t\t<p>2 H\u00fcfttaschen mit Rei\u00dfverschluss, 1 Beintasche mit Rei\u00dfverschluss und Handyfach, 1 seitliche Werkzeugtasche mit Klappe gegen S\u00e4gesp\u00e4ne, zus\u00e4tzliches Loch und elastische Kordel f\u00fcr Kombischl\u00fcssel. &#8218;Umgekehrte Rei\u00dfverschl\u00fcsse&#8216; verhindern das Verstopfen der Z\u00e4hne durch Schmutz und Harz; mit leicht greifbarem Zipper.<\/p>\n\t\t<\/div>\n\t\t\t\t<\/div>\n\t\t\t\t<div class=\"wd-carousel-item\">\n\t\t\t\t\t<div id=\"wd-68dac9190ff15\" class=\"wd-image wd-wpb wd-rs-68dac9190ff15 text-center vc_custom_1759168805014 photoswipe-images\">\n\t\t\t\t\t\t\t<a href=\"https:\/\/oregonprotectpro.com\/wp-content\/uploads\/695600_ProtectPro_Trousers-RY_Back-Detail_1600.jpg\"  data-width=\"1600\" data-height=\"1600\">\n\t\t\t\n\t\t\t<img loading=\"lazy\" decoding=\"async\" width=\"1600\" height=\"1600\" src=\"https:\/\/oregonprotectpro.com\/wp-content\/uploads\/695600_ProtectPro_Trousers-RY_Back-Detail_1600.jpg\" class=\"attachment-full size-full\" alt=\"\" srcset=\"https:\/\/oregonprotectpro.com\/wp-content\/uploads\/695600_ProtectPro_Trousers-RY_Back-Detail_1600.jpg 1600w, https:\/\/oregonprotectpro.com\/wp-content\/uploads\/695600_ProtectPro_Trousers-RY_Back-Detail_1600-600x600.jpg 600w, https:\/\/oregonprotectpro.com\/wp-content\/uploads\/695600_ProtectPro_Trousers-RY_Back-Detail_1600-150x150.jpg 150w, https:\/\/oregonprotectpro.com\/wp-content\/uploads\/695600_ProtectPro_Trousers-RY_Back-Detail_1600-1024x1024.jpg 1024w, https:\/\/oregonprotectpro.com\/wp-content\/uploads\/695600_ProtectPro_Trousers-RY_Back-Detail_1600-768x768.jpg 768w, https:\/\/oregonprotectpro.com\/wp-content\/uploads\/695600_ProtectPro_Trousers-RY_Back-Detail_1600-1536x1536.jpg 1536w\" sizes=\"auto, (max-width: 1600px) 100vw, 1600px\" \/>\n\t\t\t\t\t\t\t<\/a>\n\t\t\t\t\t<\/div>\n\t\t\n\t\t<div id=\"wd-68dac775290b8\" class=\"title-wrapper wd-wpb wd-set-mb reset-last-child  wd-rs-68dac775290b8 wd-title-color-default wd-title-style-default text-center feature-title vc_custom_1759168382199 wd-underline-colored\">\n\t\t\t\n\t\t\t<div class=\"liner-continer\">\n\t\t\t\t<h4 class=\"woodmart-title-container title  wd-font-weight- wd-fontsize-m\" >Hosentr\u00e4ger, G\u00fcrtel &amp; mehr<\/h4>\n\t\t\t\t\t\t\t<\/div>\n\t\t\t\n\t\t\t\n\t\t\t\n\t\t<\/div>\n\t\t\n\t\t\t\t<div id=\"wd-68dac783217bf\" class=\"wd-text-block wd-wpb reset-last-child wd-rs-68dac783217bf text-center vc_custom_1759168392567\">\n\t\t\t<p>Verstellbare Taille mit integrierten Hosentr\u00e4gerschlaufen (2 vorne und 1 hinten) und 5 extra verst\u00e4rkten breiten G\u00fcrtelschlaufen; Metall-D-Ring ideal zum Befestigen von Werkzeugen oder Messband<\/p>\n\t\t<\/div>\n\t\t\t\t<\/div>\n\t\t\t\t<div class=\"wd-carousel-item\">\n\t\t\t\t\t<div id=\"wd-68dac9272c9ff\" class=\"wd-image wd-wpb wd-rs-68dac9272c9ff text-center vc_custom_1759168818423 photoswipe-images\">\n\t\t\t\t\t\t\t<a href=\"https:\/\/oregonprotectpro.com\/wp-content\/uploads\/695600_ProtectPro_Trousers-RY_Back-Iso-VentsOpen_detail_1600.jpg\"  data-width=\"1600\" data-height=\"1600\">\n\t\t\t\n\t\t\t<img loading=\"lazy\" decoding=\"async\" width=\"1600\" height=\"1600\" src=\"https:\/\/oregonprotectpro.com\/wp-content\/uploads\/695600_ProtectPro_Trousers-RY_Back-Iso-VentsOpen_detail_1600.jpg\" class=\"attachment-full size-full\" alt=\"\" srcset=\"https:\/\/oregonprotectpro.com\/wp-content\/uploads\/695600_ProtectPro_Trousers-RY_Back-Iso-VentsOpen_detail_1600.jpg 1600w, https:\/\/oregonprotectpro.com\/wp-content\/uploads\/695600_ProtectPro_Trousers-RY_Back-Iso-VentsOpen_detail_1600-600x600.jpg 600w, https:\/\/oregonprotectpro.com\/wp-content\/uploads\/695600_ProtectPro_Trousers-RY_Back-Iso-VentsOpen_detail_1600-150x150.jpg 150w, https:\/\/oregonprotectpro.com\/wp-content\/uploads\/695600_ProtectPro_Trousers-RY_Back-Iso-VentsOpen_detail_1600-1024x1024.jpg 1024w, https:\/\/oregonprotectpro.com\/wp-content\/uploads\/695600_ProtectPro_Trousers-RY_Back-Iso-VentsOpen_detail_1600-768x768.jpg 768w, https:\/\/oregonprotectpro.com\/wp-content\/uploads\/695600_ProtectPro_Trousers-RY_Back-Iso-VentsOpen_detail_1600-1536x1536.jpg 1536w\" sizes=\"auto, (max-width: 1600px) 100vw, 1600px\" \/>\n\t\t\t\t\t\t\t<\/a>\n\t\t\t\t\t<\/div>\n\t\t\n\t\t<div id=\"wd-68dac78e7e11c\" class=\"title-wrapper wd-wpb wd-set-mb reset-last-child  wd-rs-68dac78e7e11c wd-title-color-default wd-title-style-default text-center feature-title vc_custom_1759168409199 wd-underline-colored\">\n\t\t\t\n\t\t\t<div class=\"liner-continer\">\n\t\t\t\t<h4 class=\"woodmart-title-container title  wd-font-weight- wd-fontsize-m\" >Bel\u00fcftungsschlitze &amp; atmungsaktives Gewebe<\/h4>\n\t\t\t\t\t\t\t<\/div>\n\t\t\t\n\t\t\t\n\t\t\t\n\t\t<\/div>\n\t\t\n\t\t\t\t<div id=\"wd-68dac79ec42fd\" class=\"wd-text-block wd-wpb reset-last-child wd-rs-68dac79ec42fd text-center vc_custom_1759168421577\">\n\t\t\t<p>Gro\u00dfe Bel\u00fcftungsschlitze mit Rei\u00dfverschluss an der Beinr\u00fcckseite mit Innennetz gegen Schmutz; gefertigt aus atmungsaktivem Jade-Gewebe, mit wasserabweisender Vorderseite und 4-Wege-Stretch-R\u00fcckseite mit nahtlosem Cordura\u2122-Schritt<\/p>\n\t\t<\/div>\n\t\t\t\t<\/div>\n\t\t\t\t\t\t\t\t<\/div>\n\t\t\t\t\t<\/div>\n\t\t\t\t\t\t\t\t\t\t\t\t\t<div class=\"wd-nav-arrows wd-pos-sep wd-hover-1 wd-icon-1\">\n\t\t\t<div class=\"wd-btn-arrow wd-prev wd-disabled\">\n\t\t\t\t<div class=\"wd-arrow-inner\"><\/div>\n\t\t\t<\/div>\n\t\t\t<div class=\"wd-btn-arrow wd-next\">\n\t\t\t\t<div class=\"wd-arrow-inner\"><\/div>\n\t\t\t<\/div>\n\t\t<\/div>\n\t\t\t\t\t\t\t\t\t\t\t<\/div>\n\n\t\t\t\t\t\t<div class=\"wd-nav-pagin-wrap text-center wd-style-shape\">\n\t\t\t<ul class=\"wd-nav-pagin\"><\/ul>\n\t\t<\/div>\n\t\t\t\t\t\t\t\t\t<\/div>\n\t\t[\/vc_column][\/vc_row]<\/p>\n<\/div>","protected":false},"excerpt":{"rendered":"<p>[vc_row css=&#8220;.vc_custom_1758577763352{margin-top: -25px !important;padding-top: 0px !important;}&#8220; woodmart_css_id=&#8220;68d1c45de8cd4&#8243; responsive_spacing=&#8220;eyJwYXJhbV90eXBlIjoid29vZG1hcnRfcmVzcG9uc2l2ZV9zcGFjaW5nIiwic2VsZWN0b3JfaWQiOiI2OGQxYzQ1ZGU4Y2Q0Iiwic2hvcnRjb2RlIjoidmNfcm93IiwiZGF0YSI6eyJ0YWJsZXQiOnt9LCJtb2JpbGUiOnt9fX0=&#8220; mobile_bg_img_hidden=&#8220;no&#8220; tablet_bg_img_hidden=&#8220;no&#8220; woodmart_parallax=&#8220;0&#8243; woodmart_gradient_switch=&#8220;no&#8220; woodmart_box_shadow=&#8220;no&#8220; wd_z_index=&#8220;no&#8220; woodmart_disable_overflow=&#8220;0&#8243; row_reverse_mobile=&#8220;0&#8243; row_reverse_tablet=&#8220;0&#8243;][vc_column woodmart_text_align=&#8220;center&#8220; woodmart_css_id=&#8220;68dac32452fa0&#8243; parallax_scroll=&#8220;no&#8220;<\/p>\n","protected":false},"featured_media":14499,"template":"","meta":[],"product_brand":[],"product_cat":[74],"product_tag":[],"class_list":{"0":"post-14674","1":"product","2":"type-product","3":"status-publish","4":"has-post-thumbnail","6":"product_cat-hose","8":"first","9":"instock","10":"shipping-taxable","11":"product-type-simple"},"_links":{"self":[{"href":"https:\/\/oregonprotectpro.com\/de\/wp-json\/wp\/v2\/product\/14674","targetHints":{"allow":["GET"]}}],"collection":[{"href":"https:\/\/oregonprotectpro.com\/de\/wp-json\/wp\/v2\/product"}],"about":[{"href":"https:\/\/oregonprotectpro.com\/de\/wp-json\/wp\/v2\/types\/product"}],"wp:featuredmedia":[{"embeddable":true,"href":"https:\/\/oregonprotectpro.com\/de\/wp-json\/wp\/v2\/media\/14499"}],"wp:attachment":[{"href":"https:\/\/oregonprotectpro.com\/de\/wp-json\/wp\/v2\/media?parent=14674"}],"wp:term":[{"taxonomy":"product_brand","embeddable":true,"href":"https:\/\/oregonprotectpro.com\/de\/wp-json\/wp\/v2\/product_brand?post=14674"},{"taxonomy":"product_cat","embeddable":true,"href":"https:\/\/oregonprotectpro.com\/de\/wp-json\/wp\/v2\/product_cat?post=14674"},{"taxonomy":"product_tag","embeddable":true,"href":"https:\/\/oregonprotectpro.com\/de\/wp-json\/wp\/v2\/product_tag?post=14674"}],"curies":[{"name":"wp","href":"https:\/\/api.w.org\/{rel}","templated":true}]}}