{"id":14681,"date":"2023-03-22T10:30:22","date_gmt":"2023-03-22T10:30:22","guid":{"rendered":"https:\/\/oregonprotedev.wpenginepowered.com\/products\/uncategorized\/protect-pro-jacke\/"},"modified":"2026-03-17T15:25:59","modified_gmt":"2026-03-17T15:25:59","slug":"protect-pro-jacke","status":"publish","type":"product","link":"https:\/\/oregonprotectpro.com\/de\/products\/jacke\/protect-pro-jacke\/","title":{"rendered":"Protect PRO Jacke"},"content":{"rendered":"<div class=\"wpb-content-wrapper\"><p>[vc_row css=&#8220;.vc_custom_1758577763352{margin-top: -25px !important;padding-top: 0px !important;}&#8220; woodmart_css_id=&#8220;68d1c45de8cd4&#8243; responsive_spacing=&#8220;eyJwYXJhbV90eXBlIjoid29vZG1hcnRfcmVzcG9uc2l2ZV9zcGFjaW5nIiwic2VsZWN0b3JfaWQiOiI2OGQxYzQ1ZGU4Y2Q0Iiwic2hvcnRjb2RlIjoidmNfcm93IiwiZGF0YSI6eyJ0YWJsZXQiOnt9LCJtb2JpbGUiOnt9fX0=&#8220; mobile_bg_img_hidden=&#8220;no&#8220; tablet_bg_img_hidden=&#8220;no&#8220; woodmart_parallax=&#8220;0&#8243; woodmart_gradient_switch=&#8220;no&#8220; woodmart_box_shadow=&#8220;no&#8220; wd_z_index=&#8220;no&#8220; woodmart_disable_overflow=&#8220;0&#8243; row_reverse_mobile=&#8220;0&#8243; row_reverse_tablet=&#8220;0&#8243;][vc_column woodmart_text_align=&#8220;center&#8220; woodmart_css_id=&#8220;68dac32452fa0&#8243; parallax_scroll=&#8220;no&#8220; woodmart_sticky_column=&#8220;false&#8220; wd_collapsible_content_switcher=&#8220;no&#8220; wd_column_role_offcanvas_desktop=&#8220;no&#8220; wd_column_role_offcanvas_tablet=&#8220;no&#8220; wd_column_role_offcanvas_mobile=&#8220;no&#8220; wd_column_role_content_desktop=&#8220;no&#8220; wd_column_role_content_tablet=&#8220;no&#8220; wd_column_role_content_mobile=&#8220;no&#8220; mobile_bg_img_hidden=&#8220;no&#8220; tablet_bg_img_hidden=&#8220;no&#8220; woodmart_parallax=&#8220;0&#8243; woodmart_box_shadow=&#8220;no&#8220; responsive_spacing=&#8220;eyJwYXJhbV90eXBlIjoid29vZG1hcnRfcmVzcG9uc2l2ZV9zcGFjaW5nIiwic2VsZWN0b3JfaWQiOiI2OGRhYzMyNDUyZmEwIiwic2hvcnRjb2RlIjoidmNfY29sdW1uIiwiZGF0YSI6eyJ0YWJsZXQiOnt9LCJtb2JpbGUiOnt9fX0=&#8220; mobile_reset_margin=&#8220;no&#8220; tablet_reset_margin=&#8220;no&#8220; wd_z_index=&#8220;no&#8220;]\t\t\t<div id=\"wd-rs-68d420b748ed4\" class=\"wd-nested-carousel wd-carousel-container wd-rs-68d420b748ed4 wd-wpb vc_custom_1758732478693\">\n\t\t\t\t<div class=\"wd-carousel-inner\">\n\t\t\t\t\t<div class=\"wd-carousel wd-grid scroll-init\" data-wrap=\"yes\" style=\"--wd-col-lg:6;--wd-col-md:2.5;--wd-col-sm:1;--wd-gap-lg:20px;--wd-gap-sm:10px;\">\n\t\t\t\t\t\t<div class=\"wd-carousel-wrap\">\n\t\t\t\t\t\t\t\t\t<div class=\"wd-carousel-item\">\n\t\t\t\t\t<div id=\"wd-68d1c5403cdaf\" class=\"wd-image wd-wpb wd-rs-68d1c5403cdaf text-center vc_custom_1758577991890 photoswipe-images\">\n\t\t\t\t\t\t\t<a href=\"https:\/\/oregonprotectpro.com\/wp-content\/uploads\/2023\/03\/695650_ProtectPro_Jacket-RY_waterproof_2400.jpg\"  data-width=\"2400\" data-height=\"2400\">\n\t\t\t\n\t\t\t<img loading=\"lazy\" decoding=\"async\" width=\"2400\" height=\"2400\" src=\"https:\/\/oregonprotectpro.com\/wp-content\/uploads\/2023\/03\/695650_ProtectPro_Jacket-RY_waterproof_2400.jpg\" class=\"attachment-full size-full\" alt=\"\" srcset=\"https:\/\/oregonprotectpro.com\/wp-content\/uploads\/2023\/03\/695650_ProtectPro_Jacket-RY_waterproof_2400.jpg 2400w, https:\/\/oregonprotectpro.com\/wp-content\/uploads\/2023\/03\/695650_ProtectPro_Jacket-RY_waterproof_2400-600x600.jpg 600w, https:\/\/oregonprotectpro.com\/wp-content\/uploads\/2023\/03\/695650_ProtectPro_Jacket-RY_waterproof_2400-150x150.jpg 150w, https:\/\/oregonprotectpro.com\/wp-content\/uploads\/2023\/03\/695650_ProtectPro_Jacket-RY_waterproof_2400-1024x1024.jpg 1024w, https:\/\/oregonprotectpro.com\/wp-content\/uploads\/2023\/03\/695650_ProtectPro_Jacket-RY_waterproof_2400-1600x1600.jpg 1600w, https:\/\/oregonprotectpro.com\/wp-content\/uploads\/2023\/03\/695650_ProtectPro_Jacket-RY_waterproof_2400-768x768.jpg 768w, https:\/\/oregonprotectpro.com\/wp-content\/uploads\/2023\/03\/695650_ProtectPro_Jacket-RY_waterproof_2400-1536x1536.jpg 1536w, https:\/\/oregonprotectpro.com\/wp-content\/uploads\/2023\/03\/695650_ProtectPro_Jacket-RY_waterproof_2400-2048x2048.jpg 2048w, https:\/\/oregonprotectpro.com\/wp-content\/uploads\/2023\/03\/695650_ProtectPro_Jacket-RY_waterproof_2400-1200x1200.jpg 1200w, https:\/\/oregonprotectpro.com\/wp-content\/uploads\/2023\/03\/695650_ProtectPro_Jacket-RY_waterproof_2400-300x300.jpg 300w\" sizes=\"auto, (max-width: 2400px) 100vw, 2400px\" \/>\n\t\t\t\t\t\t\t<\/a>\n\t\t\t\t\t<\/div>\n\t\t\n\t\t<div id=\"wd-68d41de4d8f90\" class=\"title-wrapper wd-wpb wd-set-mb reset-last-child  wd-rs-68d41de4d8f90 wd-title-color-default wd-title-style-default text-center feature-title vc_custom_1758731782369 wd-underline-colored\">\n\t\t\t\n\t\t\t<div class=\"liner-continer\">\n\t\t\t\t<h4 class=\"woodmart-title-container title  wd-font-weight- wd-fontsize-m\" >Wasserdicht &amp; atmungsaktiv mit Warnschutz<\/h4>\n\t\t\t\t\t\t\t<\/div>\n\t\t\t\n\t\t\t\n\t\t\t\n\t\t<\/div>\n\t\t\n\t\t\t\t<div id=\"wd-68d1772a222b3\" class=\"wd-text-block wd-wpb reset-last-child wd-rs-68d1772a222b3 text-center vc_custom_1758558009382\">\n\t\t\t<p>Atmungsaktives Gewebe mit wasserabweisender Au\u00dfenschicht; erh\u00f6hte Sichtbarkeit durch Reflexstreifen und leuchtende Warnfarben <\/p>\n\t\t<\/div>\n\t\t\t\t<\/div>\n\t\t\t\t<div class=\"wd-carousel-item\">\n\t\t\t\t\t<div id=\"wd-68d1c54ab1033\" class=\"wd-image wd-wpb wd-rs-68d1c54ab1033 text-center vc_custom_1758577998324 photoswipe-images\">\n\t\t\t\t\t\t\t<a href=\"https:\/\/oregonprotectpro.com\/wp-content\/uploads\/2023\/03\/ProtectPro_Zipper_RY_Detail_2400.jpg\"  data-width=\"2400\" data-height=\"2400\">\n\t\t\t\n\t\t\t<img loading=\"lazy\" decoding=\"async\" width=\"2400\" height=\"2400\" src=\"https:\/\/oregonprotectpro.com\/wp-content\/uploads\/2023\/03\/ProtectPro_Zipper_RY_Detail_2400.jpg\" class=\"attachment-full size-full\" alt=\"\" srcset=\"https:\/\/oregonprotectpro.com\/wp-content\/uploads\/2023\/03\/ProtectPro_Zipper_RY_Detail_2400.jpg 2400w, https:\/\/oregonprotectpro.com\/wp-content\/uploads\/2023\/03\/ProtectPro_Zipper_RY_Detail_2400-600x600.jpg 600w, https:\/\/oregonprotectpro.com\/wp-content\/uploads\/2023\/03\/ProtectPro_Zipper_RY_Detail_2400-150x150.jpg 150w, https:\/\/oregonprotectpro.com\/wp-content\/uploads\/2023\/03\/ProtectPro_Zipper_RY_Detail_2400-1024x1024.jpg 1024w, https:\/\/oregonprotectpro.com\/wp-content\/uploads\/2023\/03\/ProtectPro_Zipper_RY_Detail_2400-1600x1600.jpg 1600w, https:\/\/oregonprotectpro.com\/wp-content\/uploads\/2023\/03\/ProtectPro_Zipper_RY_Detail_2400-768x768.jpg 768w, https:\/\/oregonprotectpro.com\/wp-content\/uploads\/2023\/03\/ProtectPro_Zipper_RY_Detail_2400-1536x1536.jpg 1536w, https:\/\/oregonprotectpro.com\/wp-content\/uploads\/2023\/03\/ProtectPro_Zipper_RY_Detail_2400-2048x2048.jpg 2048w, https:\/\/oregonprotectpro.com\/wp-content\/uploads\/2023\/03\/ProtectPro_Zipper_RY_Detail_2400-1200x1200.jpg 1200w, https:\/\/oregonprotectpro.com\/wp-content\/uploads\/2023\/03\/ProtectPro_Zipper_RY_Detail_2400-300x300.jpg 300w\" sizes=\"auto, (max-width: 2400px) 100vw, 2400px\" \/>\n\t\t\t\t\t\t\t<\/a>\n\t\t\t\t\t<\/div>\n\t\t\n\t\t<div id=\"wd-68d41e22f3cce\" class=\"title-wrapper wd-wpb wd-set-mb reset-last-child  wd-rs-68d41e22f3cce wd-title-color-default wd-title-style-default text-center feature-title vc_custom_1758731823992 wd-underline-colored\">\n\t\t\t\n\t\t\t<div class=\"liner-continer\">\n\t\t\t\t<h4 class=\"woodmart-title-container title  wd-font-weight- wd-fontsize-m\" >Langlebige &apos;umgekehrte&apos; Rei\u00dfverschl\u00fcsse<\/h4>\n\t\t\t\t\t\t\t<\/div>\n\t\t\t\n\t\t\t\n\t\t\t\n\t\t<\/div>\n\t\t\n\t\t\t\t<div id=\"wd-68d1771ec738b\" class=\"wd-text-block wd-wpb reset-last-child wd-rs-68d1771ec738b text-center vc_custom_1758557991996\">\n\t\t\t<p>Verhindern das Verstopfen der Z\u00e4hne durch Schmutz und Harz; leicht greifbarer Zipper; vorne mit 2-Wege-Rei\u00dfverschluss<\/p>\n\t\t<\/div>\n\t\t\t\t<\/div>\n\t\t\t\t<div class=\"wd-carousel-item\">\n\t\t\t\t\t<div id=\"wd-68d1c5514a223\" class=\"wd-image wd-wpb wd-rs-68d1c5514a223 text-center vc_custom_1758578005468 photoswipe-images\">\n\t\t\t\t\t\t\t<a href=\"https:\/\/oregonprotectpro.com\/wp-content\/uploads\/2023\/03\/695650_ProtectPro_Jacket-RY_lifestyle1_2400.jpg\"  data-width=\"2400\" data-height=\"2400\">\n\t\t\t\n\t\t\t<img loading=\"lazy\" decoding=\"async\" width=\"2400\" height=\"2400\" src=\"https:\/\/oregonprotectpro.com\/wp-content\/uploads\/2023\/03\/695650_ProtectPro_Jacket-RY_lifestyle1_2400.jpg\" class=\"attachment-full size-full\" alt=\"\" srcset=\"https:\/\/oregonprotectpro.com\/wp-content\/uploads\/2023\/03\/695650_ProtectPro_Jacket-RY_lifestyle1_2400.jpg 2400w, https:\/\/oregonprotectpro.com\/wp-content\/uploads\/2023\/03\/695650_ProtectPro_Jacket-RY_lifestyle1_2400-600x600.jpg 600w, https:\/\/oregonprotectpro.com\/wp-content\/uploads\/2023\/03\/695650_ProtectPro_Jacket-RY_lifestyle1_2400-150x150.jpg 150w, https:\/\/oregonprotectpro.com\/wp-content\/uploads\/2023\/03\/695650_ProtectPro_Jacket-RY_lifestyle1_2400-1024x1024.jpg 1024w, https:\/\/oregonprotectpro.com\/wp-content\/uploads\/2023\/03\/695650_ProtectPro_Jacket-RY_lifestyle1_2400-1600x1600.jpg 1600w, https:\/\/oregonprotectpro.com\/wp-content\/uploads\/2023\/03\/695650_ProtectPro_Jacket-RY_lifestyle1_2400-768x768.jpg 768w, https:\/\/oregonprotectpro.com\/wp-content\/uploads\/2023\/03\/695650_ProtectPro_Jacket-RY_lifestyle1_2400-1536x1536.jpg 1536w, https:\/\/oregonprotectpro.com\/wp-content\/uploads\/2023\/03\/695650_ProtectPro_Jacket-RY_lifestyle1_2400-2048x2048.jpg 2048w, https:\/\/oregonprotectpro.com\/wp-content\/uploads\/2023\/03\/695650_ProtectPro_Jacket-RY_lifestyle1_2400-1200x1200.jpg 1200w, https:\/\/oregonprotectpro.com\/wp-content\/uploads\/2023\/03\/695650_ProtectPro_Jacket-RY_lifestyle1_2400-300x300.jpg 300w\" sizes=\"auto, (max-width: 2400px) 100vw, 2400px\" \/>\n\t\t\t\t\t\t\t<\/a>\n\t\t\t\t\t<\/div>\n\t\t\n\t\t<div id=\"wd-68d41e320b620\" class=\"title-wrapper wd-wpb wd-set-mb reset-last-child  wd-rs-68d41e320b620 wd-title-color-default wd-title-style-default text-center feature-title vc_custom_1758731835227 wd-underline-colored\">\n\t\t\t\n\t\t\t<div class=\"liner-continer\">\n\t\t\t\t<h4 class=\"woodmart-title-container title  wd-font-weight- wd-fontsize-m\" >Au\u00dfergew\u00f6hnliche Haltbarkeit<\/h4>\n\t\t\t\t\t\t\t<\/div>\n\t\t\t\n\t\t\t\n\t\t\t\n\t\t<\/div>\n\t\t\n\t\t\t\t<div id=\"wd-68d177480b483\" class=\"wd-text-block wd-wpb reset-last-child wd-rs-68d177480b483 text-center vc_custom_1758558032270\">\n\t\t\t<p>Strapazierf\u00e4higes Gewebe in stark beanspruchten Bereichen, plus Nylon-Ellbogenpolster f\u00fcr au\u00dfergew\u00f6hnliche Abriebfestigkeit <\/p>\n\t\t<\/div>\n\t\t\t\t<\/div>\n\t\t\t\t<div class=\"wd-carousel-item\">\n\t\t\t\t\t<div id=\"wd-68d1c55910edf\" class=\"wd-image wd-wpb wd-rs-68d1c55910edf text-center vc_custom_1758578012443 photoswipe-images\">\n\t\t\t\t\t\t\t<a href=\"https:\/\/oregonprotectpro.com\/wp-content\/uploads\/2023\/03\/695650_ProtectPro_Jacket-RY_chestpocket_2400.jpg\"  data-width=\"2400\" data-height=\"2400\">\n\t\t\t\n\t\t\t<img loading=\"lazy\" decoding=\"async\" width=\"2400\" height=\"2400\" src=\"https:\/\/oregonprotectpro.com\/wp-content\/uploads\/2023\/03\/695650_ProtectPro_Jacket-RY_chestpocket_2400.jpg\" class=\"attachment-full size-full\" alt=\"\" srcset=\"https:\/\/oregonprotectpro.com\/wp-content\/uploads\/2023\/03\/695650_ProtectPro_Jacket-RY_chestpocket_2400.jpg 2400w, https:\/\/oregonprotectpro.com\/wp-content\/uploads\/2023\/03\/695650_ProtectPro_Jacket-RY_chestpocket_2400-600x600.jpg 600w, https:\/\/oregonprotectpro.com\/wp-content\/uploads\/2023\/03\/695650_ProtectPro_Jacket-RY_chestpocket_2400-150x150.jpg 150w, https:\/\/oregonprotectpro.com\/wp-content\/uploads\/2023\/03\/695650_ProtectPro_Jacket-RY_chestpocket_2400-1024x1024.jpg 1024w, https:\/\/oregonprotectpro.com\/wp-content\/uploads\/2023\/03\/695650_ProtectPro_Jacket-RY_chestpocket_2400-1600x1600.jpg 1600w, https:\/\/oregonprotectpro.com\/wp-content\/uploads\/2023\/03\/695650_ProtectPro_Jacket-RY_chestpocket_2400-768x768.jpg 768w, https:\/\/oregonprotectpro.com\/wp-content\/uploads\/2023\/03\/695650_ProtectPro_Jacket-RY_chestpocket_2400-1536x1536.jpg 1536w, https:\/\/oregonprotectpro.com\/wp-content\/uploads\/2023\/03\/695650_ProtectPro_Jacket-RY_chestpocket_2400-2048x2048.jpg 2048w, https:\/\/oregonprotectpro.com\/wp-content\/uploads\/2023\/03\/695650_ProtectPro_Jacket-RY_chestpocket_2400-1200x1200.jpg 1200w, https:\/\/oregonprotectpro.com\/wp-content\/uploads\/2023\/03\/695650_ProtectPro_Jacket-RY_chestpocket_2400-300x300.jpg 300w\" sizes=\"auto, (max-width: 2400px) 100vw, 2400px\" \/>\n\t\t\t\t\t\t\t<\/a>\n\t\t\t\t\t<\/div>\n\t\t\n\t\t<div id=\"wd-68d41e3e25a4a\" class=\"title-wrapper wd-wpb wd-set-mb reset-last-child  wd-rs-68d41e3e25a4a wd-title-color-default wd-title-style-default text-center feature-title vc_custom_1758731848093 wd-underline-colored\">\n\t\t\t\n\t\t\t<div class=\"liner-continer\">\n\t\t\t\t<h4 class=\"woodmart-title-container title  wd-font-weight- wd-fontsize-m\" >5 gro\u00dfe Taschen<\/h4>\n\t\t\t\t\t\t\t<\/div>\n\t\t\t\n\t\t\t\n\t\t\t\n\t\t<\/div>\n\t\t\n\t\t\t\t<div id=\"wd-68d177585feb0\" class=\"wd-text-block wd-wpb reset-last-child wd-rs-68d177585feb0 text-center vc_custom_1758558051681\">\n\t\t\t<p>2 vorne: Zugang mit Werkzeugg\u00fcrtel oder Gurt m\u00f6glich, 1 Brusttasche: f\u00fcr A5-Notizbuch, 1 \u00c4rmeltasche: praktisch f\u00fcr Telefon oder Stifte, 1 Innentasche hinten: f\u00fcr Erste-Hilfe-Set (nicht enthalten) <\/p>\n\t\t<\/div>\n\t\t\t\t<\/div>\n\t\t\t\t<div class=\"wd-carousel-item\">\n\t\t\t\t\t<div id=\"wd-68d1c55f5425f\" class=\"wd-image wd-wpb wd-rs-68d1c55f5425f text-center vc_custom_1758578018786 photoswipe-images\">\n\t\t\t\t\t\t\t<a href=\"https:\/\/oregonprotectpro.com\/wp-content\/uploads\/2023\/03\/650300_ProtectPro_Gloves-RY-stretch_2400.jpg\"  data-width=\"2400\" data-height=\"2400\">\n\t\t\t\n\t\t\t<img loading=\"lazy\" decoding=\"async\" width=\"2400\" height=\"2400\" src=\"https:\/\/oregonprotectpro.com\/wp-content\/uploads\/2023\/03\/650300_ProtectPro_Gloves-RY-stretch_2400.jpg\" class=\"attachment-full size-full\" alt=\"\" srcset=\"https:\/\/oregonprotectpro.com\/wp-content\/uploads\/2023\/03\/650300_ProtectPro_Gloves-RY-stretch_2400.jpg 2400w, https:\/\/oregonprotectpro.com\/wp-content\/uploads\/2023\/03\/650300_ProtectPro_Gloves-RY-stretch_2400-600x600.jpg 600w, https:\/\/oregonprotectpro.com\/wp-content\/uploads\/2023\/03\/650300_ProtectPro_Gloves-RY-stretch_2400-150x150.jpg 150w, https:\/\/oregonprotectpro.com\/wp-content\/uploads\/2023\/03\/650300_ProtectPro_Gloves-RY-stretch_2400-1024x1024.jpg 1024w, https:\/\/oregonprotectpro.com\/wp-content\/uploads\/2023\/03\/650300_ProtectPro_Gloves-RY-stretch_2400-1600x1600.jpg 1600w, https:\/\/oregonprotectpro.com\/wp-content\/uploads\/2023\/03\/650300_ProtectPro_Gloves-RY-stretch_2400-768x768.jpg 768w, https:\/\/oregonprotectpro.com\/wp-content\/uploads\/2023\/03\/650300_ProtectPro_Gloves-RY-stretch_2400-1536x1536.jpg 1536w, https:\/\/oregonprotectpro.com\/wp-content\/uploads\/2023\/03\/650300_ProtectPro_Gloves-RY-stretch_2400-2048x2048.jpg 2048w, https:\/\/oregonprotectpro.com\/wp-content\/uploads\/2023\/03\/650300_ProtectPro_Gloves-RY-stretch_2400-1200x1200.jpg 1200w, https:\/\/oregonprotectpro.com\/wp-content\/uploads\/2023\/03\/650300_ProtectPro_Gloves-RY-stretch_2400-300x300.jpg 300w\" sizes=\"auto, (max-width: 2400px) 100vw, 2400px\" \/>\n\t\t\t\t\t\t\t<\/a>\n\t\t\t\t\t<\/div>\n\t\t\n\t\t<div id=\"wd-68d41e57e1ed7\" class=\"title-wrapper wd-wpb wd-set-mb reset-last-child  wd-rs-68d41e57e1ed7 wd-title-color-default wd-title-style-default text-center feature-title vc_custom_1758731871728 wd-underline-colored\">\n\t\t\t\n\t\t\t<div class=\"liner-continer\">\n\t\t\t\t<h4 class=\"woodmart-title-container title  wd-font-weight- wd-fontsize-m\" >Komfortabel &amp; Verstellbar<\/h4>\n\t\t\t\t\t\t\t<\/div>\n\t\t\t\n\t\t\t\n\t\t\t\n\t\t<\/div>\n\t\t\n\t\t\t\t<div id=\"wd-68d1776cadee5\" class=\"wd-text-block wd-wpb reset-last-child wd-rs-68d1776cadee5 text-center vc_custom_1758558069757\">\n\t\t\t<p>B\u00fcndchen mit 4-Wege-Stretch und Klettverschluss; Taille mit elastischen Kordeln und Stoppern; weich gef\u00fctterter Kragen mit elastischer Kordel h\u00e4lt Schmutz ab und enth\u00e4lt Rei\u00dfverschluss-Garage<\/p>\n\t\t<\/div>\n\t\t\t\t<\/div>\n\t\t\t\t<div class=\"wd-carousel-item\">\n\t\t\t\t\t<div id=\"wd-68d1c5663bf83\" class=\"wd-image wd-wpb wd-rs-68d1c5663bf83 text-center vc_custom_1758578025790 photoswipe-images\">\n\t\t\t\t\t\t\t<a href=\"https:\/\/oregonprotectpro.com\/wp-content\/uploads\/2023\/03\/695650_ProtectPro_Jacket-Vest-RY_Front-Iso_2400crop.jpg\"  data-width=\"2400\" data-height=\"2400\">\n\t\t\t\n\t\t\t<img loading=\"lazy\" decoding=\"async\" width=\"2400\" height=\"2400\" src=\"https:\/\/oregonprotectpro.com\/wp-content\/uploads\/2023\/03\/695650_ProtectPro_Jacket-Vest-RY_Front-Iso_2400crop.jpg\" class=\"attachment-full size-full\" alt=\"\" srcset=\"https:\/\/oregonprotectpro.com\/wp-content\/uploads\/2023\/03\/695650_ProtectPro_Jacket-Vest-RY_Front-Iso_2400crop.jpg 2400w, https:\/\/oregonprotectpro.com\/wp-content\/uploads\/2023\/03\/695650_ProtectPro_Jacket-Vest-RY_Front-Iso_2400crop-600x600.jpg 600w, https:\/\/oregonprotectpro.com\/wp-content\/uploads\/2023\/03\/695650_ProtectPro_Jacket-Vest-RY_Front-Iso_2400crop-150x150.jpg 150w, https:\/\/oregonprotectpro.com\/wp-content\/uploads\/2023\/03\/695650_ProtectPro_Jacket-Vest-RY_Front-Iso_2400crop-1024x1024.jpg 1024w, https:\/\/oregonprotectpro.com\/wp-content\/uploads\/2023\/03\/695650_ProtectPro_Jacket-Vest-RY_Front-Iso_2400crop-1600x1600.jpg 1600w, https:\/\/oregonprotectpro.com\/wp-content\/uploads\/2023\/03\/695650_ProtectPro_Jacket-Vest-RY_Front-Iso_2400crop-768x768.jpg 768w, https:\/\/oregonprotectpro.com\/wp-content\/uploads\/2023\/03\/695650_ProtectPro_Jacket-Vest-RY_Front-Iso_2400crop-1536x1536.jpg 1536w, https:\/\/oregonprotectpro.com\/wp-content\/uploads\/2023\/03\/695650_ProtectPro_Jacket-Vest-RY_Front-Iso_2400crop-2048x2048.jpg 2048w, https:\/\/oregonprotectpro.com\/wp-content\/uploads\/2023\/03\/695650_ProtectPro_Jacket-Vest-RY_Front-Iso_2400crop-1200x1200.jpg 1200w, https:\/\/oregonprotectpro.com\/wp-content\/uploads\/2023\/03\/695650_ProtectPro_Jacket-Vest-RY_Front-Iso_2400crop-300x300.jpg 300w\" sizes=\"auto, (max-width: 2400px) 100vw, 2400px\" \/>\n\t\t\t\t\t\t\t<\/a>\n\t\t\t\t\t<\/div>\n\t\t\n\t\t<div id=\"wd-68d41e4a6c71a\" class=\"title-wrapper wd-wpb wd-set-mb reset-last-child  wd-rs-68d41e4a6c71a wd-title-color-default wd-title-style-default text-center feature-title vc_custom_1758731861432 wd-underline-colored\">\n\t\t\t\n\t\t\t<div class=\"liner-continer\">\n\t\t\t\t<h4 class=\"woodmart-title-container title  wd-font-weight- wd-fontsize-m\" >Ganzjahresjacke &amp; verwandelbar zur Weste<\/h4>\n\t\t\t\t\t\t\t<\/div>\n\t\t\t\n\t\t\t\n\t\t\t\n\t\t<\/div>\n\t\t\n\t\t\t\t<div id=\"wd-68d1778f44012\" class=\"wd-text-block wd-wpb reset-last-child wd-rs-68d1778f44012 text-center vc_custom_1758558106988\">\n\t\t\t<p>Abnehmbare \u00c4rmel mit Rei\u00dfverschluss zum Tragen als Weste, enth\u00e4lt bel\u00fcfteten R\u00fccken mit Innennetz gegen Schmutz<\/p>\n\t\t<\/div>\n\t\t\t\t<\/div>\n\t\t\t\t\t\t\t\t<\/div>\n\t\t\t\t\t<\/div>\n\t\t\t\t\t\t\t\t\t\t\t\t\t<div class=\"wd-nav-arrows wd-pos-sep wd-hover-1 wd-icon-1\">\n\t\t\t<div class=\"wd-btn-arrow wd-prev wd-disabled\">\n\t\t\t\t<div class=\"wd-arrow-inner\"><\/div>\n\t\t\t<\/div>\n\t\t\t<div class=\"wd-btn-arrow wd-next\">\n\t\t\t\t<div class=\"wd-arrow-inner\"><\/div>\n\t\t\t<\/div>\n\t\t<\/div>\n\t\t\t\t\t\t\t\t\t\t\t<\/div>\n\n\t\t\t\t\t\t<div class=\"wd-nav-pagin-wrap text-center wd-style-shape\">\n\t\t\t<ul class=\"wd-nav-pagin\"><\/ul>\n\t\t<\/div>\n\t\t\t\t\t\t\t\t\t<\/div>\n\t\t[\/vc_column][\/vc_row]<\/p>\n<\/div>","protected":false},"excerpt":{"rendered":"<p>[vc_row css=&#8220;.vc_custom_1758577763352{margin-top: -25px !important;padding-top: 0px !important;}&#8220; woodmart_css_id=&#8220;68d1c45de8cd4&#8243; responsive_spacing=&#8220;eyJwYXJhbV90eXBlIjoid29vZG1hcnRfcmVzcG9uc2l2ZV9zcGFjaW5nIiwic2VsZWN0b3JfaWQiOiI2OGQxYzQ1ZGU4Y2Q0Iiwic2hvcnRjb2RlIjoidmNfcm93IiwiZGF0YSI6eyJ0YWJsZXQiOnt9LCJtb2JpbGUiOnt9fX0=&#8220; mobile_bg_img_hidden=&#8220;no&#8220; tablet_bg_img_hidden=&#8220;no&#8220; woodmart_parallax=&#8220;0&#8243; woodmart_gradient_switch=&#8220;no&#8220; woodmart_box_shadow=&#8220;no&#8220; wd_z_index=&#8220;no&#8220; woodmart_disable_overflow=&#8220;0&#8243; row_reverse_mobile=&#8220;0&#8243; row_reverse_tablet=&#8220;0&#8243;][vc_column woodmart_text_align=&#8220;center&#8220; woodmart_css_id=&#8220;68dac32452fa0&#8243; parallax_scroll=&#8220;no&#8220;<\/p>\n","protected":false},"featured_media":14672,"template":"","meta":[],"product_brand":[],"product_cat":[73],"product_tag":[],"class_list":{"0":"post-14681","1":"product","2":"type-product","3":"status-publish","4":"has-post-thumbnail","6":"product_cat-jacke","8":"first","9":"instock","10":"shipping-taxable","11":"product-type-simple"},"_links":{"self":[{"href":"https:\/\/oregonprotectpro.com\/de\/wp-json\/wp\/v2\/product\/14681","targetHints":{"allow":["GET"]}}],"collection":[{"href":"https:\/\/oregonprotectpro.com\/de\/wp-json\/wp\/v2\/product"}],"about":[{"href":"https:\/\/oregonprotectpro.com\/de\/wp-json\/wp\/v2\/types\/product"}],"wp:featuredmedia":[{"embeddable":true,"href":"https:\/\/oregonprotectpro.com\/de\/wp-json\/wp\/v2\/media\/14672"}],"wp:attachment":[{"href":"https:\/\/oregonprotectpro.com\/de\/wp-json\/wp\/v2\/media?parent=14681"}],"wp:term":[{"taxonomy":"product_brand","embeddable":true,"href":"https:\/\/oregonprotectpro.com\/de\/wp-json\/wp\/v2\/product_brand?post=14681"},{"taxonomy":"product_cat","embeddable":true,"href":"https:\/\/oregonprotectpro.com\/de\/wp-json\/wp\/v2\/product_cat?post=14681"},{"taxonomy":"product_tag","embeddable":true,"href":"https:\/\/oregonprotectpro.com\/de\/wp-json\/wp\/v2\/product_tag?post=14681"}],"curies":[{"name":"wp","href":"https:\/\/api.w.org\/{rel}","templated":true}]}}