{"id":14603,"date":"2023-03-22T10:30:22","date_gmt":"2023-03-22T10:30:22","guid":{"rendered":"https:\/\/oregonprotedev.wpenginepowered.com\/products\/non%20class\u00e9\/veste-protect-pro\/"},"modified":"2026-03-17T15:39:08","modified_gmt":"2026-03-17T15:39:08","slug":"veste-protect-pro","status":"publish","type":"product","link":"https:\/\/oregonprotectpro.com\/fr\/products\/veste\/veste-protect-pro\/","title":{"rendered":"Veste Protect PRO"},"content":{"rendered":"<div class=\"wpb-content-wrapper\"><p>[vc_row css=\u00a0\u00bb.vc_custom_1758577763352{margin-top: -25px !important;padding-top: 0px !important;}\u00a0\u00bb woodmart_css_id=\u00a0\u00bb68d1c45de8cd4&Prime; responsive_spacing=\u00a0\u00bbeyJwYXJhbV90eXBlIjoid29vZG1hcnRfcmVzcG9uc2l2ZV9zcGFjaW5nIiwic2VsZWN0b3JfaWQiOiI2OGQxYzQ1ZGU4Y2Q0Iiwic2hvcnRjb2RlIjoidmNfcm93IiwiZGF0YSI6eyJ0YWJsZXQiOnt9LCJtb2JpbGUiOnt9fX0=\u00a0\u00bb mobile_bg_img_hidden=\u00a0\u00bbno\u00a0\u00bb tablet_bg_img_hidden=\u00a0\u00bbno\u00a0\u00bb woodmart_parallax=\u00a0\u00bb0&Prime; woodmart_gradient_switch=\u00a0\u00bbno\u00a0\u00bb woodmart_box_shadow=\u00a0\u00bbno\u00a0\u00bb wd_z_index=\u00a0\u00bbno\u00a0\u00bb woodmart_disable_overflow=\u00a0\u00bb0&Prime; row_reverse_mobile=\u00a0\u00bb0&Prime; row_reverse_tablet=\u00a0\u00bb0&Prime;][vc_column woodmart_text_align=\u00a0\u00bbcenter\u00a0\u00bb woodmart_css_id=\u00a0\u00bb68dac32452fa0&Prime; parallax_scroll=\u00a0\u00bbno\u00a0\u00bb woodmart_sticky_column=\u00a0\u00bbfalse\u00a0\u00bb wd_collapsible_content_switcher=\u00a0\u00bbno\u00a0\u00bb wd_column_role_offcanvas_desktop=\u00a0\u00bbno\u00a0\u00bb wd_column_role_offcanvas_tablet=\u00a0\u00bbno\u00a0\u00bb wd_column_role_offcanvas_mobile=\u00a0\u00bbno\u00a0\u00bb wd_column_role_content_desktop=\u00a0\u00bbno\u00a0\u00bb wd_column_role_content_tablet=\u00a0\u00bbno\u00a0\u00bb wd_column_role_content_mobile=\u00a0\u00bbno\u00a0\u00bb mobile_bg_img_hidden=\u00a0\u00bbno\u00a0\u00bb tablet_bg_img_hidden=\u00a0\u00bbno\u00a0\u00bb woodmart_parallax=\u00a0\u00bb0&Prime; woodmart_box_shadow=\u00a0\u00bbno\u00a0\u00bb responsive_spacing=\u00a0\u00bbeyJwYXJhbV90eXBlIjoid29vZG1hcnRfcmVzcG9uc2l2ZV9zcGFjaW5nIiwic2VsZWN0b3JfaWQiOiI2OGRhYzMyNDUyZmEwIiwic2hvcnRjb2RlIjoidmNfY29sdW1uIiwiZGF0YSI6eyJ0YWJsZXQiOnt9LCJtb2JpbGUiOnt9fX0=\u00a0\u00bb mobile_reset_margin=\u00a0\u00bbno\u00a0\u00bb tablet_reset_margin=\u00a0\u00bbno\u00a0\u00bb wd_z_index=\u00a0\u00bbno\u00a0\u00bb]\t\t\t<div id=\"wd-rs-68d420b748ed4\" class=\"wd-nested-carousel wd-carousel-container wd-rs-68d420b748ed4 wd-wpb vc_custom_1758732478693\">\n\t\t\t\t<div class=\"wd-carousel-inner\">\n\t\t\t\t\t<div class=\"wd-carousel wd-grid scroll-init\" data-wrap=\"yes\" style=\"--wd-col-lg:6;--wd-col-md:2.5;--wd-col-sm:1;--wd-gap-lg:20px;--wd-gap-sm:10px;\">\n\t\t\t\t\t\t<div class=\"wd-carousel-wrap\">\n\t\t\t\t\t\t\t\t\t<div class=\"wd-carousel-item\">\n\t\t\t\t\t<div id=\"wd-68d1c5403cdaf\" class=\"wd-image wd-wpb wd-rs-68d1c5403cdaf text-center vc_custom_1758577991890 photoswipe-images\">\n\t\t\t\t\t\t\t<a href=\"https:\/\/oregonprotectpro.com\/wp-content\/uploads\/2023\/03\/695650_ProtectPro_Jacket-RY_waterproof_2400.jpg\"  data-width=\"2400\" data-height=\"2400\">\n\t\t\t\n\t\t\t<img loading=\"lazy\" decoding=\"async\" width=\"2400\" height=\"2400\" src=\"https:\/\/oregonprotectpro.com\/wp-content\/uploads\/2023\/03\/695650_ProtectPro_Jacket-RY_waterproof_2400.jpg\" class=\"attachment-full size-full\" alt=\"\" srcset=\"https:\/\/oregonprotectpro.com\/wp-content\/uploads\/2023\/03\/695650_ProtectPro_Jacket-RY_waterproof_2400.jpg 2400w, https:\/\/oregonprotectpro.com\/wp-content\/uploads\/2023\/03\/695650_ProtectPro_Jacket-RY_waterproof_2400-600x600.jpg 600w, https:\/\/oregonprotectpro.com\/wp-content\/uploads\/2023\/03\/695650_ProtectPro_Jacket-RY_waterproof_2400-150x150.jpg 150w, https:\/\/oregonprotectpro.com\/wp-content\/uploads\/2023\/03\/695650_ProtectPro_Jacket-RY_waterproof_2400-1024x1024.jpg 1024w, https:\/\/oregonprotectpro.com\/wp-content\/uploads\/2023\/03\/695650_ProtectPro_Jacket-RY_waterproof_2400-1600x1600.jpg 1600w, https:\/\/oregonprotectpro.com\/wp-content\/uploads\/2023\/03\/695650_ProtectPro_Jacket-RY_waterproof_2400-768x768.jpg 768w, https:\/\/oregonprotectpro.com\/wp-content\/uploads\/2023\/03\/695650_ProtectPro_Jacket-RY_waterproof_2400-1536x1536.jpg 1536w, https:\/\/oregonprotectpro.com\/wp-content\/uploads\/2023\/03\/695650_ProtectPro_Jacket-RY_waterproof_2400-2048x2048.jpg 2048w, https:\/\/oregonprotectpro.com\/wp-content\/uploads\/2023\/03\/695650_ProtectPro_Jacket-RY_waterproof_2400-1200x1200.jpg 1200w, https:\/\/oregonprotectpro.com\/wp-content\/uploads\/2023\/03\/695650_ProtectPro_Jacket-RY_waterproof_2400-300x300.jpg 300w\" sizes=\"auto, (max-width: 2400px) 100vw, 2400px\" \/>\n\t\t\t\t\t\t\t<\/a>\n\t\t\t\t\t<\/div>\n\t\t\n\t\t<div id=\"wd-68d41de4d8f90\" class=\"title-wrapper wd-wpb wd-set-mb reset-last-child  wd-rs-68d41de4d8f90 wd-title-color-default wd-title-style-default text-center feature-title vc_custom_1758731782369 wd-underline-colored\">\n\t\t\t\n\t\t\t<div class=\"liner-continer\">\n\t\t\t\t<h4 class=\"woodmart-title-container title  wd-font-weight- wd-fontsize-m\" >Imperm\u00e9able &amp; respirante avec haute visibilit\u00e9<\/h4>\n\t\t\t\t\t\t\t<\/div>\n\t\t\t\n\t\t\t\n\t\t\t\n\t\t<\/div>\n\t\t\n\t\t\t\t<div id=\"wd-68d1772a222b3\" class=\"wd-text-block wd-wpb reset-last-child wd-rs-68d1772a222b3 text-center vc_custom_1758558009382\">\n\t\t\t<p>Tissu respirant avec couche ext\u00e9rieure d\u00e9perlante ; bandes r\u00e9fl\u00e9chissantes et couleurs haute visibilit\u00e9 <\/p>\n\t\t<\/div>\n\t\t\t\t<\/div>\n\t\t\t\t<div class=\"wd-carousel-item\">\n\t\t\t\t\t<div id=\"wd-68d1c54ab1033\" class=\"wd-image wd-wpb wd-rs-68d1c54ab1033 text-center vc_custom_1758577998324 photoswipe-images\">\n\t\t\t\t\t\t\t<a href=\"https:\/\/oregonprotectpro.com\/wp-content\/uploads\/2023\/03\/ProtectPro_Zipper_RY_Detail_2400.jpg\"  data-width=\"2400\" data-height=\"2400\">\n\t\t\t\n\t\t\t<img loading=\"lazy\" decoding=\"async\" width=\"2400\" height=\"2400\" src=\"https:\/\/oregonprotectpro.com\/wp-content\/uploads\/2023\/03\/ProtectPro_Zipper_RY_Detail_2400.jpg\" class=\"attachment-full size-full\" alt=\"\" srcset=\"https:\/\/oregonprotectpro.com\/wp-content\/uploads\/2023\/03\/ProtectPro_Zipper_RY_Detail_2400.jpg 2400w, https:\/\/oregonprotectpro.com\/wp-content\/uploads\/2023\/03\/ProtectPro_Zipper_RY_Detail_2400-600x600.jpg 600w, https:\/\/oregonprotectpro.com\/wp-content\/uploads\/2023\/03\/ProtectPro_Zipper_RY_Detail_2400-150x150.jpg 150w, https:\/\/oregonprotectpro.com\/wp-content\/uploads\/2023\/03\/ProtectPro_Zipper_RY_Detail_2400-1024x1024.jpg 1024w, https:\/\/oregonprotectpro.com\/wp-content\/uploads\/2023\/03\/ProtectPro_Zipper_RY_Detail_2400-1600x1600.jpg 1600w, https:\/\/oregonprotectpro.com\/wp-content\/uploads\/2023\/03\/ProtectPro_Zipper_RY_Detail_2400-768x768.jpg 768w, https:\/\/oregonprotectpro.com\/wp-content\/uploads\/2023\/03\/ProtectPro_Zipper_RY_Detail_2400-1536x1536.jpg 1536w, https:\/\/oregonprotectpro.com\/wp-content\/uploads\/2023\/03\/ProtectPro_Zipper_RY_Detail_2400-2048x2048.jpg 2048w, https:\/\/oregonprotectpro.com\/wp-content\/uploads\/2023\/03\/ProtectPro_Zipper_RY_Detail_2400-1200x1200.jpg 1200w, https:\/\/oregonprotectpro.com\/wp-content\/uploads\/2023\/03\/ProtectPro_Zipper_RY_Detail_2400-300x300.jpg 300w\" sizes=\"auto, (max-width: 2400px) 100vw, 2400px\" \/>\n\t\t\t\t\t\t\t<\/a>\n\t\t\t\t\t<\/div>\n\t\t\n\t\t<div id=\"wd-68d41e22f3cce\" class=\"title-wrapper wd-wpb wd-set-mb reset-last-child  wd-rs-68d41e22f3cce wd-title-color-default wd-title-style-default text-center feature-title vc_custom_1758731823992 wd-underline-colored\">\n\t\t\t\n\t\t\t<div class=\"liner-continer\">\n\t\t\t\t<h4 class=\"woodmart-title-container title  wd-font-weight- wd-fontsize-m\" >Fermetures \u00e9clair invers\u00e9es durables<\/h4>\n\t\t\t\t\t\t\t<\/div>\n\t\t\t\n\t\t\t\n\t\t\t\n\t\t<\/div>\n\t\t\n\t\t\t\t<div id=\"wd-68d1771ec738b\" class=\"wd-text-block wd-wpb reset-last-child wd-rs-68d1771ec738b text-center vc_custom_1758557991996\">\n\t\t\t<p>Emp\u00eachent la salet\u00e9 et la r\u00e9sine d\u2019encrasser la fermeture eclair; tirettes faciles \u00e0 saisir. Fermeture principale \u00e0 double curseur<\/p>\n\t\t<\/div>\n\t\t\t\t<\/div>\n\t\t\t\t<div class=\"wd-carousel-item\">\n\t\t\t\t\t<div id=\"wd-68d1c5514a223\" class=\"wd-image wd-wpb wd-rs-68d1c5514a223 text-center vc_custom_1758578005468 photoswipe-images\">\n\t\t\t\t\t\t\t<a href=\"https:\/\/oregonprotectpro.com\/wp-content\/uploads\/2023\/03\/695650_ProtectPro_Jacket-RY_lifestyle1_2400.jpg\"  data-width=\"2400\" data-height=\"2400\">\n\t\t\t\n\t\t\t<img loading=\"lazy\" decoding=\"async\" width=\"2400\" height=\"2400\" src=\"https:\/\/oregonprotectpro.com\/wp-content\/uploads\/2023\/03\/695650_ProtectPro_Jacket-RY_lifestyle1_2400.jpg\" class=\"attachment-full size-full\" alt=\"\" srcset=\"https:\/\/oregonprotectpro.com\/wp-content\/uploads\/2023\/03\/695650_ProtectPro_Jacket-RY_lifestyle1_2400.jpg 2400w, https:\/\/oregonprotectpro.com\/wp-content\/uploads\/2023\/03\/695650_ProtectPro_Jacket-RY_lifestyle1_2400-600x600.jpg 600w, https:\/\/oregonprotectpro.com\/wp-content\/uploads\/2023\/03\/695650_ProtectPro_Jacket-RY_lifestyle1_2400-150x150.jpg 150w, https:\/\/oregonprotectpro.com\/wp-content\/uploads\/2023\/03\/695650_ProtectPro_Jacket-RY_lifestyle1_2400-1024x1024.jpg 1024w, https:\/\/oregonprotectpro.com\/wp-content\/uploads\/2023\/03\/695650_ProtectPro_Jacket-RY_lifestyle1_2400-1600x1600.jpg 1600w, https:\/\/oregonprotectpro.com\/wp-content\/uploads\/2023\/03\/695650_ProtectPro_Jacket-RY_lifestyle1_2400-768x768.jpg 768w, https:\/\/oregonprotectpro.com\/wp-content\/uploads\/2023\/03\/695650_ProtectPro_Jacket-RY_lifestyle1_2400-1536x1536.jpg 1536w, https:\/\/oregonprotectpro.com\/wp-content\/uploads\/2023\/03\/695650_ProtectPro_Jacket-RY_lifestyle1_2400-2048x2048.jpg 2048w, https:\/\/oregonprotectpro.com\/wp-content\/uploads\/2023\/03\/695650_ProtectPro_Jacket-RY_lifestyle1_2400-1200x1200.jpg 1200w, https:\/\/oregonprotectpro.com\/wp-content\/uploads\/2023\/03\/695650_ProtectPro_Jacket-RY_lifestyle1_2400-300x300.jpg 300w\" sizes=\"auto, (max-width: 2400px) 100vw, 2400px\" \/>\n\t\t\t\t\t\t\t<\/a>\n\t\t\t\t\t<\/div>\n\t\t\n\t\t<div id=\"wd-68d41e320b620\" class=\"title-wrapper wd-wpb wd-set-mb reset-last-child  wd-rs-68d41e320b620 wd-title-color-default wd-title-style-default text-center feature-title vc_custom_1758731835227 wd-underline-colored\">\n\t\t\t\n\t\t\t<div class=\"liner-continer\">\n\t\t\t\t<h4 class=\"woodmart-title-container title  wd-font-weight- wd-fontsize-m\" >Durabilit\u00e9 exceptionnelle<\/h4>\n\t\t\t\t\t\t\t<\/div>\n\t\t\t\n\t\t\t\n\t\t\t\n\t\t<\/div>\n\t\t\n\t\t\t\t<div id=\"wd-68d177480b483\" class=\"wd-text-block wd-wpb reset-last-child wd-rs-68d177480b483 text-center vc_custom_1758558032270\">\n\t\t\t<p>Tissu r\u00e9sistant dans les zones \u00e0 forte abrasion + renforts en nylon aux coudes <\/p>\n\t\t<\/div>\n\t\t\t\t<\/div>\n\t\t\t\t<div class=\"wd-carousel-item\">\n\t\t\t\t\t<div id=\"wd-68d1c55910edf\" class=\"wd-image wd-wpb wd-rs-68d1c55910edf text-center vc_custom_1758578012443 photoswipe-images\">\n\t\t\t\t\t\t\t<a href=\"https:\/\/oregonprotectpro.com\/wp-content\/uploads\/2023\/03\/695650_ProtectPro_Jacket-RY_chestpocket_2400.jpg\"  data-width=\"2400\" data-height=\"2400\">\n\t\t\t\n\t\t\t<img loading=\"lazy\" decoding=\"async\" width=\"2400\" height=\"2400\" src=\"https:\/\/oregonprotectpro.com\/wp-content\/uploads\/2023\/03\/695650_ProtectPro_Jacket-RY_chestpocket_2400.jpg\" class=\"attachment-full size-full\" alt=\"\" srcset=\"https:\/\/oregonprotectpro.com\/wp-content\/uploads\/2023\/03\/695650_ProtectPro_Jacket-RY_chestpocket_2400.jpg 2400w, https:\/\/oregonprotectpro.com\/wp-content\/uploads\/2023\/03\/695650_ProtectPro_Jacket-RY_chestpocket_2400-600x600.jpg 600w, https:\/\/oregonprotectpro.com\/wp-content\/uploads\/2023\/03\/695650_ProtectPro_Jacket-RY_chestpocket_2400-150x150.jpg 150w, https:\/\/oregonprotectpro.com\/wp-content\/uploads\/2023\/03\/695650_ProtectPro_Jacket-RY_chestpocket_2400-1024x1024.jpg 1024w, https:\/\/oregonprotectpro.com\/wp-content\/uploads\/2023\/03\/695650_ProtectPro_Jacket-RY_chestpocket_2400-1600x1600.jpg 1600w, https:\/\/oregonprotectpro.com\/wp-content\/uploads\/2023\/03\/695650_ProtectPro_Jacket-RY_chestpocket_2400-768x768.jpg 768w, https:\/\/oregonprotectpro.com\/wp-content\/uploads\/2023\/03\/695650_ProtectPro_Jacket-RY_chestpocket_2400-1536x1536.jpg 1536w, https:\/\/oregonprotectpro.com\/wp-content\/uploads\/2023\/03\/695650_ProtectPro_Jacket-RY_chestpocket_2400-2048x2048.jpg 2048w, https:\/\/oregonprotectpro.com\/wp-content\/uploads\/2023\/03\/695650_ProtectPro_Jacket-RY_chestpocket_2400-1200x1200.jpg 1200w, https:\/\/oregonprotectpro.com\/wp-content\/uploads\/2023\/03\/695650_ProtectPro_Jacket-RY_chestpocket_2400-300x300.jpg 300w\" sizes=\"auto, (max-width: 2400px) 100vw, 2400px\" \/>\n\t\t\t\t\t\t\t<\/a>\n\t\t\t\t\t<\/div>\n\t\t\n\t\t<div id=\"wd-68d41e3e25a4a\" class=\"title-wrapper wd-wpb wd-set-mb reset-last-child  wd-rs-68d41e3e25a4a wd-title-color-default wd-title-style-default text-center feature-title vc_custom_1758731848093 wd-underline-colored\">\n\t\t\t\n\t\t\t<div class=\"liner-continer\">\n\t\t\t\t<h4 class=\"woodmart-title-container title  wd-font-weight- wd-fontsize-m\" >5 grandes poches<\/h4>\n\t\t\t\t\t\t\t<\/div>\n\t\t\t\n\t\t\t\n\t\t\t\n\t\t<\/div>\n\t\t\n\t\t\t\t<div id=\"wd-68d177585feb0\" class=\"wd-text-block wd-wpb reset-last-child wd-rs-68d177585feb0 text-center vc_custom_1758558051681\">\n\t\t\t<p>2 poches avant : accessibles avec une ceinture \u00e0 outils ou un harnais ; 1 poche poitrine : adapt\u00e9e \u00e0 un carnet A5 ; 1 poche manche : id\u00e9ale pour t\u00e9l\u00e9phone ou stylos ; 1 poche int\u00e9rieure arri\u00e8re : pour une trousse de premiers secours (non incluse) <\/p>\n\t\t<\/div>\n\t\t\t\t<\/div>\n\t\t\t\t<div class=\"wd-carousel-item\">\n\t\t\t\t\t<div id=\"wd-68d1c55f5425f\" class=\"wd-image wd-wpb wd-rs-68d1c55f5425f text-center vc_custom_1758578018786 photoswipe-images\">\n\t\t\t\t\t\t\t<a href=\"https:\/\/oregonprotectpro.com\/wp-content\/uploads\/2023\/03\/650300_ProtectPro_Gloves-RY-stretch_2400.jpg\"  data-width=\"2400\" data-height=\"2400\">\n\t\t\t\n\t\t\t<img loading=\"lazy\" decoding=\"async\" width=\"2400\" height=\"2400\" src=\"https:\/\/oregonprotectpro.com\/wp-content\/uploads\/2023\/03\/650300_ProtectPro_Gloves-RY-stretch_2400.jpg\" class=\"attachment-full size-full\" alt=\"\" srcset=\"https:\/\/oregonprotectpro.com\/wp-content\/uploads\/2023\/03\/650300_ProtectPro_Gloves-RY-stretch_2400.jpg 2400w, https:\/\/oregonprotectpro.com\/wp-content\/uploads\/2023\/03\/650300_ProtectPro_Gloves-RY-stretch_2400-600x600.jpg 600w, https:\/\/oregonprotectpro.com\/wp-content\/uploads\/2023\/03\/650300_ProtectPro_Gloves-RY-stretch_2400-150x150.jpg 150w, https:\/\/oregonprotectpro.com\/wp-content\/uploads\/2023\/03\/650300_ProtectPro_Gloves-RY-stretch_2400-1024x1024.jpg 1024w, https:\/\/oregonprotectpro.com\/wp-content\/uploads\/2023\/03\/650300_ProtectPro_Gloves-RY-stretch_2400-1600x1600.jpg 1600w, https:\/\/oregonprotectpro.com\/wp-content\/uploads\/2023\/03\/650300_ProtectPro_Gloves-RY-stretch_2400-768x768.jpg 768w, https:\/\/oregonprotectpro.com\/wp-content\/uploads\/2023\/03\/650300_ProtectPro_Gloves-RY-stretch_2400-1536x1536.jpg 1536w, https:\/\/oregonprotectpro.com\/wp-content\/uploads\/2023\/03\/650300_ProtectPro_Gloves-RY-stretch_2400-2048x2048.jpg 2048w, https:\/\/oregonprotectpro.com\/wp-content\/uploads\/2023\/03\/650300_ProtectPro_Gloves-RY-stretch_2400-1200x1200.jpg 1200w, https:\/\/oregonprotectpro.com\/wp-content\/uploads\/2023\/03\/650300_ProtectPro_Gloves-RY-stretch_2400-300x300.jpg 300w\" sizes=\"auto, (max-width: 2400px) 100vw, 2400px\" \/>\n\t\t\t\t\t\t\t<\/a>\n\t\t\t\t\t<\/div>\n\t\t\n\t\t<div id=\"wd-68d41e57e1ed7\" class=\"title-wrapper wd-wpb wd-set-mb reset-last-child  wd-rs-68d41e57e1ed7 wd-title-color-default wd-title-style-default text-center feature-title vc_custom_1758731871728 wd-underline-colored\">\n\t\t\t\n\t\t\t<div class=\"liner-continer\">\n\t\t\t\t<h4 class=\"woodmart-title-container title  wd-font-weight- wd-fontsize-m\" >Confort &amp; ajustabilit\u00e9<\/h4>\n\t\t\t\t\t\t\t<\/div>\n\t\t\t\n\t\t\t\n\t\t\t\n\t\t<\/div>\n\t\t\n\t\t\t\t<div id=\"wd-68d1776cadee5\" class=\"wd-text-block wd-wpb reset-last-child wd-rs-68d1776cadee5 text-center vc_custom_1758558069757\">\n\t\t\t<p>Poignets en tissu extensible 4 directions avec fermeture auto-agrippante ; cordons \u00e9lastiques \u00e0 la taille ; Col doux doubl\u00e9, muni d\u2019un cordon \u00e9lastique et d\u2019un emplacement \u00e0 zip pour bloquer les d\u00e9bris<\/p>\n\t\t<\/div>\n\t\t\t\t<\/div>\n\t\t\t\t<div class=\"wd-carousel-item\">\n\t\t\t\t\t<div id=\"wd-68d1c5663bf83\" class=\"wd-image wd-wpb wd-rs-68d1c5663bf83 text-center vc_custom_1758578025790 photoswipe-images\">\n\t\t\t\t\t\t\t<a href=\"https:\/\/oregonprotectpro.com\/wp-content\/uploads\/2023\/03\/695650_ProtectPro_Jacket-Vest-RY_Front-Iso_2400crop.jpg\"  data-width=\"2400\" data-height=\"2400\">\n\t\t\t\n\t\t\t<img loading=\"lazy\" decoding=\"async\" width=\"2400\" height=\"2400\" src=\"https:\/\/oregonprotectpro.com\/wp-content\/uploads\/2023\/03\/695650_ProtectPro_Jacket-Vest-RY_Front-Iso_2400crop.jpg\" class=\"attachment-full size-full\" alt=\"\" srcset=\"https:\/\/oregonprotectpro.com\/wp-content\/uploads\/2023\/03\/695650_ProtectPro_Jacket-Vest-RY_Front-Iso_2400crop.jpg 2400w, https:\/\/oregonprotectpro.com\/wp-content\/uploads\/2023\/03\/695650_ProtectPro_Jacket-Vest-RY_Front-Iso_2400crop-600x600.jpg 600w, https:\/\/oregonprotectpro.com\/wp-content\/uploads\/2023\/03\/695650_ProtectPro_Jacket-Vest-RY_Front-Iso_2400crop-150x150.jpg 150w, https:\/\/oregonprotectpro.com\/wp-content\/uploads\/2023\/03\/695650_ProtectPro_Jacket-Vest-RY_Front-Iso_2400crop-1024x1024.jpg 1024w, https:\/\/oregonprotectpro.com\/wp-content\/uploads\/2023\/03\/695650_ProtectPro_Jacket-Vest-RY_Front-Iso_2400crop-1600x1600.jpg 1600w, https:\/\/oregonprotectpro.com\/wp-content\/uploads\/2023\/03\/695650_ProtectPro_Jacket-Vest-RY_Front-Iso_2400crop-768x768.jpg 768w, https:\/\/oregonprotectpro.com\/wp-content\/uploads\/2023\/03\/695650_ProtectPro_Jacket-Vest-RY_Front-Iso_2400crop-1536x1536.jpg 1536w, https:\/\/oregonprotectpro.com\/wp-content\/uploads\/2023\/03\/695650_ProtectPro_Jacket-Vest-RY_Front-Iso_2400crop-2048x2048.jpg 2048w, https:\/\/oregonprotectpro.com\/wp-content\/uploads\/2023\/03\/695650_ProtectPro_Jacket-Vest-RY_Front-Iso_2400crop-1200x1200.jpg 1200w, https:\/\/oregonprotectpro.com\/wp-content\/uploads\/2023\/03\/695650_ProtectPro_Jacket-Vest-RY_Front-Iso_2400crop-300x300.jpg 300w\" sizes=\"auto, (max-width: 2400px) 100vw, 2400px\" \/>\n\t\t\t\t\t\t\t<\/a>\n\t\t\t\t\t<\/div>\n\t\t\n\t\t<div id=\"wd-68d41e4a6c71a\" class=\"title-wrapper wd-wpb wd-set-mb reset-last-child  wd-rs-68d41e4a6c71a wd-title-color-default wd-title-style-default text-center feature-title vc_custom_1758731861432 wd-underline-colored\">\n\t\t\t\n\t\t\t<div class=\"liner-continer\">\n\t\t\t\t<h4 class=\"woodmart-title-container title  wd-font-weight- wd-fontsize-m\" >Veste toutes saisons &amp; convertible en gilet<\/h4>\n\t\t\t\t\t\t\t<\/div>\n\t\t\t\n\t\t\t\n\t\t\t\n\t\t<\/div>\n\t\t\n\t\t\t\t<div id=\"wd-68d1778f44012\" class=\"wd-text-block wd-wpb reset-last-child wd-rs-68d1778f44012 text-center vc_custom_1758558106988\">\n\t\t\t<p>Manches d\u00e9tachables par fermeture \u00e9clair ; dos ventil\u00e9 avec maille int\u00e9rieure pour emp\u00eacher l\u2019intrusion de d\u00e9bris<\/p>\n\t\t<\/div>\n\t\t\t\t<\/div>\n\t\t\t\t\t\t\t\t<\/div>\n\t\t\t\t\t<\/div>\n\t\t\t\t\t\t\t\t\t\t\t\t\t<div class=\"wd-nav-arrows wd-pos-sep wd-hover-1 wd-icon-1\">\n\t\t\t<div class=\"wd-btn-arrow wd-prev wd-disabled\">\n\t\t\t\t<div class=\"wd-arrow-inner\"><\/div>\n\t\t\t<\/div>\n\t\t\t<div class=\"wd-btn-arrow wd-next\">\n\t\t\t\t<div class=\"wd-arrow-inner\"><\/div>\n\t\t\t<\/div>\n\t\t<\/div>\n\t\t\t\t\t\t\t\t\t\t\t<\/div>\n\n\t\t\t\t\t\t<div class=\"wd-nav-pagin-wrap text-center wd-style-shape\">\n\t\t\t<ul class=\"wd-nav-pagin\"><\/ul>\n\t\t<\/div>\n\t\t\t\t\t\t\t\t\t<\/div>\n\t\t[\/vc_column][\/vc_row]<\/p>\n<\/div>","protected":false},"excerpt":{"rendered":"<p>[vc_row css=\u00a0\u00bb.vc_custom_1758577763352{margin-top: -25px !important;padding-top: 0px !important;}\u00a0\u00bb woodmart_css_id=\u00a0\u00bb68d1c45de8cd4&Prime; responsive_spacing=\u00a0\u00bbeyJwYXJhbV90eXBlIjoid29vZG1hcnRfcmVzcG9uc2l2ZV9zcGFjaW5nIiwic2VsZWN0b3JfaWQiOiI2OGQxYzQ1ZGU4Y2Q0Iiwic2hvcnRjb2RlIjoidmNfcm93IiwiZGF0YSI6eyJ0YWJsZXQiOnt9LCJtb2JpbGUiOnt9fX0=\u00a0\u00bb mobile_bg_img_hidden=\u00a0\u00bbno\u00a0\u00bb tablet_bg_img_hidden=\u00a0\u00bbno\u00a0\u00bb woodmart_parallax=\u00a0\u00bb0&Prime; woodmart_gradient_switch=\u00a0\u00bbno\u00a0\u00bb woodmart_box_shadow=\u00a0\u00bbno\u00a0\u00bb wd_z_index=\u00a0\u00bbno\u00a0\u00bb woodmart_disable_overflow=\u00a0\u00bb0&Prime; row_reverse_mobile=\u00a0\u00bb0&Prime; row_reverse_tablet=\u00a0\u00bb0&Prime;][vc_column woodmart_text_align=\u00a0\u00bbcenter\u00a0\u00bb woodmart_css_id=\u00a0\u00bb68dac32452fa0&Prime; parallax_scroll=\u00a0\u00bbno\u00a0\u00bb<\/p>\n","protected":false},"featured_media":14601,"template":"","meta":[],"product_brand":[],"product_cat":[57],"product_tag":[],"class_list":{"0":"post-14603","1":"product","2":"type-product","3":"status-publish","4":"has-post-thumbnail","6":"product_cat-veste","8":"first","9":"instock","10":"shipping-taxable","11":"product-type-simple"},"_links":{"self":[{"href":"https:\/\/oregonprotectpro.com\/fr\/wp-json\/wp\/v2\/product\/14603","targetHints":{"allow":["GET"]}}],"collection":[{"href":"https:\/\/oregonprotectpro.com\/fr\/wp-json\/wp\/v2\/product"}],"about":[{"href":"https:\/\/oregonprotectpro.com\/fr\/wp-json\/wp\/v2\/types\/product"}],"wp:featuredmedia":[{"embeddable":true,"href":"https:\/\/oregonprotectpro.com\/fr\/wp-json\/wp\/v2\/media\/14601"}],"wp:attachment":[{"href":"https:\/\/oregonprotectpro.com\/fr\/wp-json\/wp\/v2\/media?parent=14603"}],"wp:term":[{"taxonomy":"product_brand","embeddable":true,"href":"https:\/\/oregonprotectpro.com\/fr\/wp-json\/wp\/v2\/product_brand?post=14603"},{"taxonomy":"product_cat","embeddable":true,"href":"https:\/\/oregonprotectpro.com\/fr\/wp-json\/wp\/v2\/product_cat?post=14603"},{"taxonomy":"product_tag","embeddable":true,"href":"https:\/\/oregonprotectpro.com\/fr\/wp-json\/wp\/v2\/product_tag?post=14603"}],"curies":[{"name":"wp","href":"https:\/\/api.w.org\/{rel}","templated":true}]}}