{"id":14613,"date":"2023-03-20T12:06:44","date_gmt":"2023-03-20T17:06:44","guid":{"rendered":"https:\/\/oregonprotedev.wpenginepowered.com\/products\/non%20class\u00e9\/protect-pro-trousers\/"},"modified":"2026-03-03T22:26:59","modified_gmt":"2026-03-03T22:26:59","slug":"protect-pro-trousers","status":"publish","type":"product","link":"https:\/\/oregonprotectpro.com\/fr\/products\/pantalon\/protect-pro-trousers\/","title":{"rendered":"Pantalon Protect PRO"},"content":{"rendered":"<div class=\"wpb-content-wrapper\"><p>[vc_row css=\u00a0\u00bb.vc_custom_1758577763352{margin-top: -25px !important;padding-top: 0px !important;}\u00a0\u00bb woodmart_css_id=\u00a0\u00bb68d1c45de8cd4&Prime; responsive_spacing=\u00a0\u00bbeyJwYXJhbV90eXBlIjoid29vZG1hcnRfcmVzcG9uc2l2ZV9zcGFjaW5nIiwic2VsZWN0b3JfaWQiOiI2OGQxYzQ1ZGU4Y2Q0Iiwic2hvcnRjb2RlIjoidmNfcm93IiwiZGF0YSI6eyJ0YWJsZXQiOnt9LCJtb2JpbGUiOnt9fX0=\u00a0\u00bb mobile_bg_img_hidden=\u00a0\u00bbno\u00a0\u00bb tablet_bg_img_hidden=\u00a0\u00bbno\u00a0\u00bb woodmart_parallax=\u00a0\u00bb0&Prime; woodmart_gradient_switch=\u00a0\u00bbno\u00a0\u00bb woodmart_box_shadow=\u00a0\u00bbno\u00a0\u00bb wd_z_index=\u00a0\u00bbno\u00a0\u00bb woodmart_disable_overflow=\u00a0\u00bb0&Prime; row_reverse_mobile=\u00a0\u00bb0&Prime; row_reverse_tablet=\u00a0\u00bb0&Prime;][vc_column woodmart_text_align=\u00a0\u00bbcenter\u00a0\u00bb woodmart_css_id=\u00a0\u00bb68dac32452fa0&Prime; parallax_scroll=\u00a0\u00bbno\u00a0\u00bb woodmart_sticky_column=\u00a0\u00bbfalse\u00a0\u00bb wd_collapsible_content_switcher=\u00a0\u00bbno\u00a0\u00bb wd_column_role_offcanvas_desktop=\u00a0\u00bbno\u00a0\u00bb wd_column_role_offcanvas_tablet=\u00a0\u00bbno\u00a0\u00bb wd_column_role_offcanvas_mobile=\u00a0\u00bbno\u00a0\u00bb wd_column_role_content_desktop=\u00a0\u00bbno\u00a0\u00bb wd_column_role_content_tablet=\u00a0\u00bbno\u00a0\u00bb wd_column_role_content_mobile=\u00a0\u00bbno\u00a0\u00bb mobile_bg_img_hidden=\u00a0\u00bbno\u00a0\u00bb tablet_bg_img_hidden=\u00a0\u00bbno\u00a0\u00bb woodmart_parallax=\u00a0\u00bb0&Prime; woodmart_box_shadow=\u00a0\u00bbno\u00a0\u00bb responsive_spacing=\u00a0\u00bbeyJwYXJhbV90eXBlIjoid29vZG1hcnRfcmVzcG9uc2l2ZV9zcGFjaW5nIiwic2VsZWN0b3JfaWQiOiI2OGRhYzMyNDUyZmEwIiwic2hvcnRjb2RlIjoidmNfY29sdW1uIiwiZGF0YSI6eyJ0YWJsZXQiOnt9LCJtb2JpbGUiOnt9fX0=\u00a0\u00bb mobile_reset_margin=\u00a0\u00bbno\u00a0\u00bb tablet_reset_margin=\u00a0\u00bbno\u00a0\u00bb wd_z_index=\u00a0\u00bbno\u00a0\u00bb]\t\t\t<div id=\"wd-rs-68d420b748ed4\" class=\"wd-nested-carousel wd-carousel-container wd-rs-68d420b748ed4 wd-wpb vc_custom_1758732478693\">\n\t\t\t\t<div class=\"wd-carousel-inner\">\n\t\t\t\t\t<div class=\"wd-carousel wd-grid scroll-init\" data-wrap=\"yes\" style=\"--wd-col-lg:6;--wd-col-md:2.5;--wd-col-sm:1;--wd-gap-lg:20px;--wd-gap-sm:10px;\">\n\t\t\t\t\t\t<div class=\"wd-carousel-wrap\">\n\t\t\t\t\t\t\t\t\t<div class=\"wd-carousel-item\">\n\t\t\t\t\t<div id=\"wd-68dac8bb9db35\" class=\"wd-image wd-wpb wd-rs-68dac8bb9db35 text-center vc_custom_1759168704122 photoswipe-images\">\n\t\t\t\t\t\t\t<a href=\"https:\/\/oregonprotectpro.com\/wp-content\/uploads\/665100_ProtectPro_Boot_Hook_1600.jpg\"  data-width=\"1600\" data-height=\"1600\">\n\t\t\t\n\t\t\t<img loading=\"lazy\" decoding=\"async\" width=\"1600\" height=\"1600\" src=\"https:\/\/oregonprotectpro.com\/wp-content\/uploads\/665100_ProtectPro_Boot_Hook_1600.jpg\" class=\"attachment-full size-full\" alt=\"\" srcset=\"https:\/\/oregonprotectpro.com\/wp-content\/uploads\/665100_ProtectPro_Boot_Hook_1600.jpg 1600w, https:\/\/oregonprotectpro.com\/wp-content\/uploads\/665100_ProtectPro_Boot_Hook_1600-600x600.jpg 600w, https:\/\/oregonprotectpro.com\/wp-content\/uploads\/665100_ProtectPro_Boot_Hook_1600-150x150.jpg 150w, https:\/\/oregonprotectpro.com\/wp-content\/uploads\/665100_ProtectPro_Boot_Hook_1600-1024x1024.jpg 1024w, https:\/\/oregonprotectpro.com\/wp-content\/uploads\/665100_ProtectPro_Boot_Hook_1600-768x768.jpg 768w, https:\/\/oregonprotectpro.com\/wp-content\/uploads\/665100_ProtectPro_Boot_Hook_1600-1536x1536.jpg 1536w\" sizes=\"auto, (max-width: 1600px) 100vw, 1600px\" \/>\n\t\t\t\t\t\t\t<\/a>\n\t\t\t\t\t<\/div>\n\t\t\n\t\t<div id=\"wd-68dac6cc3f672\" class=\"title-wrapper wd-wpb wd-set-mb reset-last-child  wd-rs-68dac6cc3f672 wd-title-color-default wd-title-style-default text-center feature-title vc_custom_1759168222096 wd-underline-colored\">\n\t\t\t\n\t\t\t<div class=\"liner-continer\">\n\t\t\t\t<h4 class=\"woodmart-title-container title  wd-font-weight- wd-fontsize-m\" >Reste en place, sans d\u00e9bris<\/h4>\n\t\t\t\t\t\t\t<\/div>\n\t\t\t\n\t\t\t\n\t\t\t\n\t\t<\/div>\n\t\t\n\t\t\t\t<div id=\"wd-68dac71a13075\" class=\"wd-text-block wd-wpb reset-last-child wd-rs-68dac71a13075 text-center vc_custom_1759168284521\">\n\t\t\t<p>Gu\u00eatres int\u00e9rieures avec grip \u00e9lastique emp\u00eachant l\u2019entr\u00e9e des d\u00e9bris et prot\u00e8gent des intemp\u00e9ries ; un crochet ext\u00e9rieur permet de fixer les gu\u00eatres aux lacets pour une tenue parfaite.<\/p>\n\t\t<\/div>\n\t\t\t\t<\/div>\n\t\t\t\t<div class=\"wd-carousel-item\">\n\t\t\t\t\t<div id=\"wd-68dac8c200460\" class=\"wd-image wd-wpb wd-rs-68dac8c200460 text-center vc_custom_1759168760941 photoswipe-images\">\n\t\t\t\t\t\t\t<a href=\"https:\/\/oregonprotectpro.com\/wp-content\/uploads\/695600_ProtectPro_Trousers-RY_Knee_1600.jpg\"  data-width=\"1600\" data-height=\"1600\">\n\t\t\t\n\t\t\t<img loading=\"lazy\" decoding=\"async\" width=\"1600\" height=\"1600\" src=\"https:\/\/oregonprotectpro.com\/wp-content\/uploads\/695600_ProtectPro_Trousers-RY_Knee_1600.jpg\" class=\"attachment-full size-full\" alt=\"\" srcset=\"https:\/\/oregonprotectpro.com\/wp-content\/uploads\/695600_ProtectPro_Trousers-RY_Knee_1600.jpg 1600w, https:\/\/oregonprotectpro.com\/wp-content\/uploads\/695600_ProtectPro_Trousers-RY_Knee_1600-600x600.jpg 600w, https:\/\/oregonprotectpro.com\/wp-content\/uploads\/695600_ProtectPro_Trousers-RY_Knee_1600-150x150.jpg 150w, https:\/\/oregonprotectpro.com\/wp-content\/uploads\/695600_ProtectPro_Trousers-RY_Knee_1600-1024x1024.jpg 1024w, https:\/\/oregonprotectpro.com\/wp-content\/uploads\/695600_ProtectPro_Trousers-RY_Knee_1600-768x768.jpg 768w, https:\/\/oregonprotectpro.com\/wp-content\/uploads\/695600_ProtectPro_Trousers-RY_Knee_1600-1536x1536.jpg 1536w\" sizes=\"auto, (max-width: 1600px) 100vw, 1600px\" \/>\n\t\t\t\t\t\t\t<\/a>\n\t\t\t\t\t<\/div>\n\t\t\n\t\t<div id=\"wd-68dac6fdb47b1\" class=\"title-wrapper wd-wpb wd-set-mb reset-last-child  wd-rs-68dac6fdb47b1 wd-title-color-default wd-title-style-default text-center feature-title vc_custom_1759168270349 wd-underline-colored\">\n\t\t\t\n\t\t\t<div class=\"liner-continer\">\n\t\t\t\t<h4 class=\"woodmart-title-container title  wd-font-weight- wd-fontsize-m\" >Flexibilit\u00e9 &amp; durabilit\u00e9 exceptionnelles<\/h4>\n\t\t\t\t\t\t\t<\/div>\n\t\t\t\n\t\t\t\n\t\t\t\n\t\t<\/div>\n\t\t\n\t\t\t\t<div id=\"wd-68dac7108dee3\" class=\"wd-text-block wd-wpb reset-last-child wd-rs-68dac7108dee3 text-center vc_custom_1759168280484\">\n\t\t\t<p>Genoux pliss\u00e9s pour plus de flexibilit\u00e9 ; tissu imperm\u00e9able renforc\u00e9 aux zones d\u2019abrasion (genoux + chevilles)<\/p>\n\t\t<\/div>\n\t\t\t\t<\/div>\n\t\t\t\t<div class=\"wd-carousel-item\">\n\t\t\t\t\t<div id=\"wd-68dac8fdc5fcd\" class=\"wd-image wd-wpb wd-rs-68dac8fdc5fcd text-center vc_custom_1759168777777 photoswipe-images\">\n\t\t\t\t\t\t\t<a href=\"https:\/\/oregonprotectpro.com\/wp-content\/uploads\/695600_ProtectPro_Trousers-RY_Lifestyle_1600.jpg\"  data-width=\"1600\" data-height=\"1600\">\n\t\t\t\n\t\t\t<img loading=\"lazy\" decoding=\"async\" width=\"1600\" height=\"1600\" src=\"https:\/\/oregonprotectpro.com\/wp-content\/uploads\/695600_ProtectPro_Trousers-RY_Lifestyle_1600.jpg\" class=\"attachment-full size-full\" alt=\"\" srcset=\"https:\/\/oregonprotectpro.com\/wp-content\/uploads\/695600_ProtectPro_Trousers-RY_Lifestyle_1600.jpg 1600w, https:\/\/oregonprotectpro.com\/wp-content\/uploads\/695600_ProtectPro_Trousers-RY_Lifestyle_1600-600x600.jpg 600w, https:\/\/oregonprotectpro.com\/wp-content\/uploads\/695600_ProtectPro_Trousers-RY_Lifestyle_1600-150x150.jpg 150w, https:\/\/oregonprotectpro.com\/wp-content\/uploads\/695600_ProtectPro_Trousers-RY_Lifestyle_1600-1024x1024.jpg 1024w, https:\/\/oregonprotectpro.com\/wp-content\/uploads\/695600_ProtectPro_Trousers-RY_Lifestyle_1600-768x768.jpg 768w, https:\/\/oregonprotectpro.com\/wp-content\/uploads\/695600_ProtectPro_Trousers-RY_Lifestyle_1600-1536x1536.jpg 1536w\" sizes=\"auto, (max-width: 1600px) 100vw, 1600px\" \/>\n\t\t\t\t\t\t\t<\/a>\n\t\t\t\t\t<\/div>\n\t\t\n\t\t<div id=\"wd-68dac71f7fbc9\" class=\"title-wrapper wd-wpb wd-set-mb reset-last-child  wd-rs-68dac71f7fbc9 wd-title-color-default wd-title-style-default text-center feature-title vc_custom_1759168304696 wd-underline-colored\">\n\t\t\t\n\t\t\t<div class=\"liner-continer\">\n\t\t\t\t<h4 class=\"woodmart-title-container title  wd-font-weight- wd-fontsize-m\" >Protection tron\u00e7onneuse + haute visibilit\u00e9<\/h4>\n\t\t\t\t\t\t\t<\/div>\n\t\t\t\n\t\t\t\n\t\t\t\n\t\t<\/div>\n\t\t\n\t\t\t\t<div id=\"wd-68dac73960c7a\" class=\"wd-text-block wd-wpb reset-last-child wd-rs-68dac73960c7a text-center vc_custom_1759168317745\">\n\t\t\t<p>ForestXFiber\u2122 : protection anticoupure (EN ISO 11393-2 Classe 1 20 m\/s) + bandes r\u00e9fl\u00e9chissantes et tissu haute visibilit\u00e9<\/p>\n\t\t<\/div>\n\t\t\t\t<\/div>\n\t\t\t\t<div class=\"wd-carousel-item\">\n\t\t\t\t\t<div id=\"wd-68dac90e20bf3\" class=\"wd-image wd-wpb wd-rs-68dac90e20bf3 text-center vc_custom_1759168790734 photoswipe-images\">\n\t\t\t\t\t\t\t<a href=\"https:\/\/oregonprotectpro.com\/wp-content\/uploads\/695600_ProtectPro_Trousers-RY_PocketPhone-1600.jpg\"  data-width=\"1600\" data-height=\"1600\">\n\t\t\t\n\t\t\t<img loading=\"lazy\" decoding=\"async\" width=\"1600\" height=\"1600\" src=\"https:\/\/oregonprotectpro.com\/wp-content\/uploads\/695600_ProtectPro_Trousers-RY_PocketPhone-1600.jpg\" class=\"attachment-full size-full\" alt=\"\" srcset=\"https:\/\/oregonprotectpro.com\/wp-content\/uploads\/695600_ProtectPro_Trousers-RY_PocketPhone-1600.jpg 1600w, https:\/\/oregonprotectpro.com\/wp-content\/uploads\/695600_ProtectPro_Trousers-RY_PocketPhone-1600-600x600.jpg 600w, https:\/\/oregonprotectpro.com\/wp-content\/uploads\/695600_ProtectPro_Trousers-RY_PocketPhone-1600-150x150.jpg 150w, https:\/\/oregonprotectpro.com\/wp-content\/uploads\/695600_ProtectPro_Trousers-RY_PocketPhone-1600-1024x1024.jpg 1024w, https:\/\/oregonprotectpro.com\/wp-content\/uploads\/695600_ProtectPro_Trousers-RY_PocketPhone-1600-768x768.jpg 768w, https:\/\/oregonprotectpro.com\/wp-content\/uploads\/695600_ProtectPro_Trousers-RY_PocketPhone-1600-1536x1536.jpg 1536w\" sizes=\"auto, (max-width: 1600px) 100vw, 1600px\" \/>\n\t\t\t\t\t\t\t<\/a>\n\t\t\t\t\t<\/div>\n\t\t\n\t\t<div id=\"wd-68dac7400f4a1\" class=\"title-wrapper wd-wpb wd-set-mb reset-last-child  wd-rs-68dac7400f4a1 wd-title-color-default wd-title-style-default text-center feature-title vc_custom_1759168343468 wd-underline-colored\">\n\t\t\t\n\t\t\t<div class=\"liner-continer\">\n\t\t\t\t<h4 class=\"woodmart-title-container title  wd-font-weight- wd-fontsize-m\" >4 grandes poches + fermetures invers\u00e9es<\/h4>\n\t\t\t\t\t\t\t<\/div>\n\t\t\t\n\t\t\t\n\t\t\t\n\t\t<\/div>\n\t\t\n\t\t\t\t<div id=\"wd-68dac766609c0\" class=\"wd-text-block wd-wpb reset-last-child wd-rs-68dac766609c0 text-center vc_custom_1759168366556\">\n\t\t\t<p>2 poches zipp\u00e9es aux hanches ; 1 poche zipp\u00e9e jambe avec compartiment t\u00e9l\u00e9phone ; 1 poche outil lat\u00e9rale avec rabat anti-sciure ; trou suppl\u00e9mentaire + cordon \u00e9lastique pour maintenir la cl\u00e9 de r\u00e9glage tron\u00e7onneuse<\/p>\n\t\t<\/div>\n\t\t\t\t<\/div>\n\t\t\t\t<div class=\"wd-carousel-item\">\n\t\t\t\t\t<div id=\"wd-68dac9190ff15\" class=\"wd-image wd-wpb wd-rs-68dac9190ff15 text-center vc_custom_1759168805014 photoswipe-images\">\n\t\t\t\t\t\t\t<a href=\"https:\/\/oregonprotectpro.com\/wp-content\/uploads\/695600_ProtectPro_Trousers-RY_Back-Detail_1600.jpg\"  data-width=\"1600\" data-height=\"1600\">\n\t\t\t\n\t\t\t<img loading=\"lazy\" decoding=\"async\" width=\"1600\" height=\"1600\" src=\"https:\/\/oregonprotectpro.com\/wp-content\/uploads\/695600_ProtectPro_Trousers-RY_Back-Detail_1600.jpg\" class=\"attachment-full size-full\" alt=\"\" srcset=\"https:\/\/oregonprotectpro.com\/wp-content\/uploads\/695600_ProtectPro_Trousers-RY_Back-Detail_1600.jpg 1600w, https:\/\/oregonprotectpro.com\/wp-content\/uploads\/695600_ProtectPro_Trousers-RY_Back-Detail_1600-600x600.jpg 600w, https:\/\/oregonprotectpro.com\/wp-content\/uploads\/695600_ProtectPro_Trousers-RY_Back-Detail_1600-150x150.jpg 150w, https:\/\/oregonprotectpro.com\/wp-content\/uploads\/695600_ProtectPro_Trousers-RY_Back-Detail_1600-1024x1024.jpg 1024w, https:\/\/oregonprotectpro.com\/wp-content\/uploads\/695600_ProtectPro_Trousers-RY_Back-Detail_1600-768x768.jpg 768w, https:\/\/oregonprotectpro.com\/wp-content\/uploads\/695600_ProtectPro_Trousers-RY_Back-Detail_1600-1536x1536.jpg 1536w\" sizes=\"auto, (max-width: 1600px) 100vw, 1600px\" \/>\n\t\t\t\t\t\t\t<\/a>\n\t\t\t\t\t<\/div>\n\t\t\n\t\t<div id=\"wd-68dac775290b8\" class=\"title-wrapper wd-wpb wd-set-mb reset-last-child  wd-rs-68dac775290b8 wd-title-color-default wd-title-style-default text-center feature-title vc_custom_1759168382199 wd-underline-colored\">\n\t\t\t\n\t\t\t<div class=\"liner-continer\">\n\t\t\t\t<h4 class=\"woodmart-title-container title  wd-font-weight- wd-fontsize-m\" >Bretelles, ceintures &amp; plus<\/h4>\n\t\t\t\t\t\t\t<\/div>\n\t\t\t\n\t\t\t\n\t\t\t\n\t\t<\/div>\n\t\t\n\t\t\t\t<div id=\"wd-68dac783217bf\" class=\"wd-text-block wd-wpb reset-last-child wd-rs-68dac783217bf text-center vc_custom_1759168392567\">\n\t\t\t<p>Taille r\u00e9glable avec passants pour bretelles (2 avant, 1 arri\u00e8re) ; 5 passants renforc\u00e9s pour ceinture ; boucle D en m\u00e9tal pour accessoires<\/p>\n\t\t<\/div>\n\t\t\t\t<\/div>\n\t\t\t\t<div class=\"wd-carousel-item\">\n\t\t\t\t\t<div id=\"wd-68dac9272c9ff\" class=\"wd-image wd-wpb wd-rs-68dac9272c9ff text-center vc_custom_1759168818423 photoswipe-images\">\n\t\t\t\t\t\t\t<a href=\"https:\/\/oregonprotectpro.com\/wp-content\/uploads\/695600_ProtectPro_Trousers-RY_Back-Iso-VentsOpen_detail_1600.jpg\"  data-width=\"1600\" data-height=\"1600\">\n\t\t\t\n\t\t\t<img loading=\"lazy\" decoding=\"async\" width=\"1600\" height=\"1600\" src=\"https:\/\/oregonprotectpro.com\/wp-content\/uploads\/695600_ProtectPro_Trousers-RY_Back-Iso-VentsOpen_detail_1600.jpg\" class=\"attachment-full size-full\" alt=\"\" srcset=\"https:\/\/oregonprotectpro.com\/wp-content\/uploads\/695600_ProtectPro_Trousers-RY_Back-Iso-VentsOpen_detail_1600.jpg 1600w, https:\/\/oregonprotectpro.com\/wp-content\/uploads\/695600_ProtectPro_Trousers-RY_Back-Iso-VentsOpen_detail_1600-600x600.jpg 600w, https:\/\/oregonprotectpro.com\/wp-content\/uploads\/695600_ProtectPro_Trousers-RY_Back-Iso-VentsOpen_detail_1600-150x150.jpg 150w, https:\/\/oregonprotectpro.com\/wp-content\/uploads\/695600_ProtectPro_Trousers-RY_Back-Iso-VentsOpen_detail_1600-1024x1024.jpg 1024w, https:\/\/oregonprotectpro.com\/wp-content\/uploads\/695600_ProtectPro_Trousers-RY_Back-Iso-VentsOpen_detail_1600-768x768.jpg 768w, https:\/\/oregonprotectpro.com\/wp-content\/uploads\/695600_ProtectPro_Trousers-RY_Back-Iso-VentsOpen_detail_1600-1536x1536.jpg 1536w\" sizes=\"auto, (max-width: 1600px) 100vw, 1600px\" \/>\n\t\t\t\t\t\t\t<\/a>\n\t\t\t\t\t<\/div>\n\t\t\n\t\t<div id=\"wd-68dac78e7e11c\" class=\"title-wrapper wd-wpb wd-set-mb reset-last-child  wd-rs-68dac78e7e11c wd-title-color-default wd-title-style-default text-center feature-title vc_custom_1759168409199 wd-underline-colored\">\n\t\t\t\n\t\t\t<div class=\"liner-continer\">\n\t\t\t\t<h4 class=\"woodmart-title-container title  wd-font-weight- wd-fontsize-m\" >Fentes de ventilation &amp; tissu respirant<\/h4>\n\t\t\t\t\t\t\t<\/div>\n\t\t\t\n\t\t\t\n\t\t\t\n\t\t<\/div>\n\t\t\n\t\t\t\t<div id=\"wd-68dac79ec42fd\" class=\"wd-text-block wd-wpb reset-last-child wd-rs-68dac79ec42fd text-center vc_custom_1759168421577\">\n\t\t\t<p>de large ouvertures zipp\u00e9es \u00e0 l\u2019arri\u00e8re des jambes + maille int\u00e9rieure anti-d\u00e9bris ; tissu respirant combiant une coque avant d\u00e9parlante et un panneau dorsal extensible 4 directions extensible \u00e0 l\u2019arri\u00e8re + entrejambe Cordura\u2122 sans couture pour plus de confort et de souplesse.<\/p>\n\t\t<\/div>\n\t\t\t\t<\/div>\n\t\t\t\t\t\t\t\t<\/div>\n\t\t\t\t\t<\/div>\n\t\t\t\t\t\t\t\t\t\t\t\t\t<div class=\"wd-nav-arrows wd-pos-sep wd-hover-1 wd-icon-1\">\n\t\t\t<div class=\"wd-btn-arrow wd-prev wd-disabled\">\n\t\t\t\t<div class=\"wd-arrow-inner\"><\/div>\n\t\t\t<\/div>\n\t\t\t<div class=\"wd-btn-arrow wd-next\">\n\t\t\t\t<div class=\"wd-arrow-inner\"><\/div>\n\t\t\t<\/div>\n\t\t<\/div>\n\t\t\t\t\t\t\t\t\t\t\t<\/div>\n\n\t\t\t\t\t\t<div class=\"wd-nav-pagin-wrap text-center wd-style-shape\">\n\t\t\t<ul class=\"wd-nav-pagin\"><\/ul>\n\t\t<\/div>\n\t\t\t\t\t\t\t\t\t<\/div>\n\t\t[\/vc_column][\/vc_row]<\/p>\n<\/div>","protected":false},"excerpt":{"rendered":"<p>[vc_row css=\u00a0\u00bb.vc_custom_1758577763352{margin-top: -25px !important;padding-top: 0px !important;}\u00a0\u00bb woodmart_css_id=\u00a0\u00bb68d1c45de8cd4&Prime; responsive_spacing=\u00a0\u00bbeyJwYXJhbV90eXBlIjoid29vZG1hcnRfcmVzcG9uc2l2ZV9zcGFjaW5nIiwic2VsZWN0b3JfaWQiOiI2OGQxYzQ1ZGU4Y2Q0Iiwic2hvcnRjb2RlIjoidmNfcm93IiwiZGF0YSI6eyJ0YWJsZXQiOnt9LCJtb2JpbGUiOnt9fX0=\u00a0\u00bb mobile_bg_img_hidden=\u00a0\u00bbno\u00a0\u00bb tablet_bg_img_hidden=\u00a0\u00bbno\u00a0\u00bb woodmart_parallax=\u00a0\u00bb0&Prime; woodmart_gradient_switch=\u00a0\u00bbno\u00a0\u00bb woodmart_box_shadow=\u00a0\u00bbno\u00a0\u00bb wd_z_index=\u00a0\u00bbno\u00a0\u00bb woodmart_disable_overflow=\u00a0\u00bb0&Prime; row_reverse_mobile=\u00a0\u00bb0&Prime; row_reverse_tablet=\u00a0\u00bb0&Prime;][vc_column woodmart_text_align=\u00a0\u00bbcenter\u00a0\u00bb woodmart_css_id=\u00a0\u00bb68dac32452fa0&Prime; parallax_scroll=\u00a0\u00bbno\u00a0\u00bb<\/p>\n","protected":false},"featured_media":14611,"template":"","meta":[],"product_brand":[],"product_cat":[58],"product_tag":[],"class_list":{"0":"post-14613","1":"product","2":"type-product","3":"status-publish","4":"has-post-thumbnail","6":"product_cat-pantalon","8":"first","9":"instock","10":"shipping-taxable","11":"product-type-simple"},"_links":{"self":[{"href":"https:\/\/oregonprotectpro.com\/fr\/wp-json\/wp\/v2\/product\/14613","targetHints":{"allow":["GET"]}}],"collection":[{"href":"https:\/\/oregonprotectpro.com\/fr\/wp-json\/wp\/v2\/product"}],"about":[{"href":"https:\/\/oregonprotectpro.com\/fr\/wp-json\/wp\/v2\/types\/product"}],"wp:featuredmedia":[{"embeddable":true,"href":"https:\/\/oregonprotectpro.com\/fr\/wp-json\/wp\/v2\/media\/14611"}],"wp:attachment":[{"href":"https:\/\/oregonprotectpro.com\/fr\/wp-json\/wp\/v2\/media?parent=14613"}],"wp:term":[{"taxonomy":"product_brand","embeddable":true,"href":"https:\/\/oregonprotectpro.com\/fr\/wp-json\/wp\/v2\/product_brand?post=14613"},{"taxonomy":"product_cat","embeddable":true,"href":"https:\/\/oregonprotectpro.com\/fr\/wp-json\/wp\/v2\/product_cat?post=14613"},{"taxonomy":"product_tag","embeddable":true,"href":"https:\/\/oregonprotectpro.com\/fr\/wp-json\/wp\/v2\/product_tag?post=14613"}],"curies":[{"name":"wp","href":"https:\/\/api.w.org\/{rel}","templated":true}]}}