{"id":14620,"date":"2023-02-16T11:40:36","date_gmt":"2023-02-16T17:40:36","guid":{"rendered":"https:\/\/oregonprotedev.wpenginepowered.com\/products\/non%20class\u00e9\/gants-protect-pro\/"},"modified":"2026-03-03T20:44:11","modified_gmt":"2026-03-03T20:44:11","slug":"gants-protect-pro","status":"publish","type":"product","link":"https:\/\/oregonprotectpro.com\/fr\/products\/gants\/gants-protect-pro\/","title":{"rendered":"Gants Protect PRO"},"content":{"rendered":"<div class=\"wpb-content-wrapper\"><p>[vc_row css=\u00a0\u00bb.vc_custom_1758577763352{margin-top: -25px !important;padding-top: 0px !important;}\u00a0\u00bb woodmart_css_id=\u00a0\u00bb68d1c45de8cd4&Prime; responsive_spacing=\u00a0\u00bbeyJwYXJhbV90eXBlIjoid29vZG1hcnRfcmVzcG9uc2l2ZV9zcGFjaW5nIiwic2VsZWN0b3JfaWQiOiI2OGQxYzQ1ZGU4Y2Q0Iiwic2hvcnRjb2RlIjoidmNfcm93IiwiZGF0YSI6eyJ0YWJsZXQiOnt9LCJtb2JpbGUiOnt9fX0=\u00a0\u00bb mobile_bg_img_hidden=\u00a0\u00bbno\u00a0\u00bb tablet_bg_img_hidden=\u00a0\u00bbno\u00a0\u00bb woodmart_parallax=\u00a0\u00bb0&Prime; woodmart_gradient_switch=\u00a0\u00bbno\u00a0\u00bb woodmart_box_shadow=\u00a0\u00bbno\u00a0\u00bb wd_z_index=\u00a0\u00bbno\u00a0\u00bb woodmart_disable_overflow=\u00a0\u00bb0&Prime; row_reverse_mobile=\u00a0\u00bb0&Prime; row_reverse_tablet=\u00a0\u00bb0&Prime;][vc_column woodmart_text_align=\u00a0\u00bbcenter\u00a0\u00bb woodmart_css_id=\u00a0\u00bb68dac33e2e6ac\u00a0\u00bb parallax_scroll=\u00a0\u00bbno\u00a0\u00bb woodmart_sticky_column=\u00a0\u00bbfalse\u00a0\u00bb wd_collapsible_content_switcher=\u00a0\u00bbno\u00a0\u00bb wd_column_role_offcanvas_desktop=\u00a0\u00bbno\u00a0\u00bb wd_column_role_offcanvas_tablet=\u00a0\u00bbno\u00a0\u00bb wd_column_role_offcanvas_mobile=\u00a0\u00bbno\u00a0\u00bb wd_column_role_content_desktop=\u00a0\u00bbno\u00a0\u00bb wd_column_role_content_tablet=\u00a0\u00bbno\u00a0\u00bb wd_column_role_content_mobile=\u00a0\u00bbno\u00a0\u00bb mobile_bg_img_hidden=\u00a0\u00bbno\u00a0\u00bb tablet_bg_img_hidden=\u00a0\u00bbno\u00a0\u00bb woodmart_parallax=\u00a0\u00bb0&Prime; woodmart_box_shadow=\u00a0\u00bbno\u00a0\u00bb responsive_spacing=\u00a0\u00bbeyJwYXJhbV90eXBlIjoid29vZG1hcnRfcmVzcG9uc2l2ZV9zcGFjaW5nIiwic2VsZWN0b3JfaWQiOiI2OGRhYzMzZTJlNmFjIiwic2hvcnRjb2RlIjoidmNfY29sdW1uIiwiZGF0YSI6eyJ0YWJsZXQiOnt9LCJtb2JpbGUiOnt9fX0=\u00a0\u00bb mobile_reset_margin=\u00a0\u00bbno\u00a0\u00bb tablet_reset_margin=\u00a0\u00bbno\u00a0\u00bb wd_z_index=\u00a0\u00bbno\u00a0\u00bb]\t\t\t<div id=\"wd-rs-68dac35ca646f\" class=\"wd-nested-carousel wd-carousel-container wd-rs-68dac35ca646f wd-wpb vc_custom_1759167334792\">\n\t\t\t\t<div class=\"wd-carousel-inner\">\n\t\t\t\t\t<div class=\"wd-carousel wd-grid scroll-init\" data-wrap=\"yes\" style=\"--wd-col-lg:4;--wd-col-md:2.5;--wd-col-sm:1;--wd-gap-lg:20px;--wd-gap-sm:10px;\">\n\t\t\t\t\t\t<div class=\"wd-carousel-wrap\">\n\t\t\t\t\t\t\t\t\t<div class=\"wd-carousel-item\">\n\t\t\t\t\t<div id=\"wd-68dac1ee737bb\" class=\"wd-image wd-wpb wd-rs-68dac1ee737bb text-center vc_custom_1759166987590 photoswipe-images\">\n\t\t\t\t\t\t\t<a href=\"https:\/\/oregonprotectpro.com\/wp-content\/uploads\/650300_ProtectPro_Gloves-RY-lifestyle_1600.jpg\"  data-width=\"1600\" data-height=\"1600\">\n\t\t\t\n\t\t\t<img loading=\"lazy\" decoding=\"async\" width=\"1600\" height=\"1600\" src=\"https:\/\/oregonprotectpro.com\/wp-content\/uploads\/650300_ProtectPro_Gloves-RY-lifestyle_1600.jpg\" class=\"attachment-full size-full\" alt=\"\" srcset=\"https:\/\/oregonprotectpro.com\/wp-content\/uploads\/650300_ProtectPro_Gloves-RY-lifestyle_1600.jpg 1600w, https:\/\/oregonprotectpro.com\/wp-content\/uploads\/650300_ProtectPro_Gloves-RY-lifestyle_1600-600x600.jpg 600w, https:\/\/oregonprotectpro.com\/wp-content\/uploads\/650300_ProtectPro_Gloves-RY-lifestyle_1600-150x150.jpg 150w, https:\/\/oregonprotectpro.com\/wp-content\/uploads\/650300_ProtectPro_Gloves-RY-lifestyle_1600-1024x1024.jpg 1024w, https:\/\/oregonprotectpro.com\/wp-content\/uploads\/650300_ProtectPro_Gloves-RY-lifestyle_1600-768x768.jpg 768w, https:\/\/oregonprotectpro.com\/wp-content\/uploads\/650300_ProtectPro_Gloves-RY-lifestyle_1600-1536x1536.jpg 1536w\" sizes=\"auto, (max-width: 1600px) 100vw, 1600px\" \/>\n\t\t\t\t\t\t\t<\/a>\n\t\t\t\t\t<\/div>\n\t\t\n\t\t<div id=\"wd-68dac37704b8e\" class=\"title-wrapper wd-wpb wd-set-mb reset-last-child  wd-rs-68dac37704b8e wd-title-color-default wd-title-style-default text-center feature-title vc_custom_1759167356888 wd-underline-colored\">\n\t\t\t\n\t\t\t<div class=\"liner-continer\">\n\t\t\t\t<h4 class=\"woodmart-title-container title  wd-font-weight- wd-fontsize-m\" >Protection tron\u00e7onneuse + haute visibilit\u00e9<\/h4>\n\t\t\t\t\t\t\t<\/div>\n\t\t\t\n\t\t\t\n\t\t\t\n\t\t<\/div>\n\t\t\n\t\t\t\t<div id=\"wd-68dac1decb5d4\" class=\"wd-text-block wd-wpb reset-last-child wd-rs-68dac1decb5d4 text-center vc_custom_1759166956713\">\n\t\t\t<p>Technologie ForestXFiber\u2122 offrant une protection anticoupure main gauche (EN ISO 11393-4:2019 Classe O (16 m\/s)); bandes r\u00e9fl\u00e9chissantes + tissu haute visibilit\u00e9<\/p>\n\t\t<\/div>\n\t\t\t\t<\/div>\n\t\t\t\t<div class=\"wd-carousel-item\">\n\t\t\t\t\t<div id=\"wd-68dac228050f3\" class=\"wd-image wd-wpb wd-rs-68dac228050f3 text-center vc_custom_1759167030173 photoswipe-images\">\n\t\t\t\t\t\t\t<a href=\"https:\/\/oregonprotectpro.com\/wp-content\/uploads\/650300_ProtectPro_Gloves-RY-grip_1600.jpg\"  data-width=\"1600\" data-height=\"1600\">\n\t\t\t\n\t\t\t<img loading=\"lazy\" decoding=\"async\" width=\"1600\" height=\"1600\" src=\"https:\/\/oregonprotectpro.com\/wp-content\/uploads\/650300_ProtectPro_Gloves-RY-grip_1600.jpg\" class=\"attachment-full size-full\" alt=\"\" srcset=\"https:\/\/oregonprotectpro.com\/wp-content\/uploads\/650300_ProtectPro_Gloves-RY-grip_1600.jpg 1600w, https:\/\/oregonprotectpro.com\/wp-content\/uploads\/650300_ProtectPro_Gloves-RY-grip_1600-600x600.jpg 600w, https:\/\/oregonprotectpro.com\/wp-content\/uploads\/650300_ProtectPro_Gloves-RY-grip_1600-150x150.jpg 150w, https:\/\/oregonprotectpro.com\/wp-content\/uploads\/650300_ProtectPro_Gloves-RY-grip_1600-1024x1024.jpg 1024w, https:\/\/oregonprotectpro.com\/wp-content\/uploads\/650300_ProtectPro_Gloves-RY-grip_1600-768x768.jpg 768w, https:\/\/oregonprotectpro.com\/wp-content\/uploads\/650300_ProtectPro_Gloves-RY-grip_1600-1536x1536.jpg 1536w\" sizes=\"auto, (max-width: 1600px) 100vw, 1600px\" \/>\n\t\t\t\t\t\t\t<\/a>\n\t\t\t\t\t<\/div>\n\t\t\n\t\t<div id=\"wd-68dac20dd26d2\" class=\"title-wrapper wd-wpb wd-set-mb reset-last-child  wd-rs-68dac20dd26d2 wd-title-color-default wd-title-style-default text-center feature-title vc_custom_1759166998024 wd-underline-colored\">\n\t\t\t\n\t\t\t<div class=\"liner-continer\">\n\t\t\t\t<h4 class=\"woodmart-title-container title  wd-font-weight- wd-fontsize-m\" >Ergonomiques<\/h4>\n\t\t\t\t\t\t\t<\/div>\n\t\t\t\n\t\t\t\n\t\t\t\n\t\t<\/div>\n\t\t\n\t\t\t\t<div id=\"wd-68dac2179fc52\" class=\"wd-text-block wd-wpb reset-last-child wd-rs-68dac2179fc52 text-center vc_custom_1759167010233\">\n\t\t\t<p>Les mat\u00e9riaux anticoupure sont int\u00e9gr\u00e9s de mani\u00e8re ergonomique pour un confort optimal<\/p>\n\t\t<\/div>\n\t\t\t\t<\/div>\n\t\t\t\t<div class=\"wd-carousel-item\">\n\t\t\t\t\t<div id=\"wd-68dac2382deb4\" class=\"wd-image wd-wpb wd-rs-68dac2382deb4 text-center vc_custom_1759167047288 photoswipe-images\">\n\t\t\t\t\t\t\t<a href=\"https:\/\/oregonprotectpro.com\/wp-content\/uploads\/650300_ProtectPro_Gloves-RY-velcro_1600.jpg\"  data-width=\"1600\" data-height=\"1600\">\n\t\t\t\n\t\t\t<img loading=\"lazy\" decoding=\"async\" width=\"1600\" height=\"1600\" src=\"https:\/\/oregonprotectpro.com\/wp-content\/uploads\/650300_ProtectPro_Gloves-RY-velcro_1600.jpg\" class=\"attachment-full size-full\" alt=\"\" srcset=\"https:\/\/oregonprotectpro.com\/wp-content\/uploads\/650300_ProtectPro_Gloves-RY-velcro_1600.jpg 1600w, https:\/\/oregonprotectpro.com\/wp-content\/uploads\/650300_ProtectPro_Gloves-RY-velcro_1600-600x600.jpg 600w, https:\/\/oregonprotectpro.com\/wp-content\/uploads\/650300_ProtectPro_Gloves-RY-velcro_1600-150x150.jpg 150w, https:\/\/oregonprotectpro.com\/wp-content\/uploads\/650300_ProtectPro_Gloves-RY-velcro_1600-1024x1024.jpg 1024w, https:\/\/oregonprotectpro.com\/wp-content\/uploads\/650300_ProtectPro_Gloves-RY-velcro_1600-768x768.jpg 768w, https:\/\/oregonprotectpro.com\/wp-content\/uploads\/650300_ProtectPro_Gloves-RY-velcro_1600-1536x1536.jpg 1536w\" sizes=\"auto, (max-width: 1600px) 100vw, 1600px\" \/>\n\t\t\t\t\t\t\t<\/a>\n\t\t\t\t\t<\/div>\n\t\t\n\t\t<div id=\"wd-68dac24987ea1\" class=\"title-wrapper wd-wpb wd-set-mb reset-last-child  wd-rs-68dac24987ea1 wd-title-color-default wd-title-style-default text-center feature-title vc_custom_1759167056176 wd-underline-colored\">\n\t\t\t\n\t\t\t<div class=\"liner-continer\">\n\t\t\t\t<h4 class=\"woodmart-title-container title  wd-font-weight- wd-fontsize-m\" >Ajustement s\u00e9curis\u00e9<\/h4>\n\t\t\t\t\t\t\t<\/div>\n\t\t\t\n\t\t\t\n\t\t\t\n\t\t<\/div>\n\t\t\n\t\t\t\t<div id=\"wd-68dac25632855\" class=\"wd-text-block wd-wpb reset-last-child wd-rs-68dac25632855 text-center vc_custom_1759167066574\">\n\t\t\t<p>Poignet n\u00e9opr\u00e8ne flexible facile \u00e0 enfiler ; fermeture auto-agrippante assurant un maintien parfait et emp\u00eachant l\u2019entr\u00e9e des d\u00e9bris<\/p>\n\t\t<\/div>\n\t\t\t\t<\/div>\n\t\t\t\t<div class=\"wd-carousel-item\">\n\t\t\t\t\t<div id=\"wd-68dac25d9fa4a\" class=\"wd-image wd-wpb wd-rs-68dac25d9fa4a text-center vc_custom_1759167080064 photoswipe-images\">\n\t\t\t\t\t\t\t<a href=\"https:\/\/oregonprotectpro.com\/wp-content\/uploads\/650300_ProtectPro_Gloves-RY-stretch_1600.jpg\"  data-width=\"1600\" data-height=\"1600\">\n\t\t\t\n\t\t\t<img loading=\"lazy\" decoding=\"async\" width=\"1600\" height=\"1600\" src=\"https:\/\/oregonprotectpro.com\/wp-content\/uploads\/650300_ProtectPro_Gloves-RY-stretch_1600.jpg\" class=\"attachment-full size-full\" alt=\"\" srcset=\"https:\/\/oregonprotectpro.com\/wp-content\/uploads\/650300_ProtectPro_Gloves-RY-stretch_1600.jpg 1600w, https:\/\/oregonprotectpro.com\/wp-content\/uploads\/650300_ProtectPro_Gloves-RY-stretch_1600-600x600.jpg 600w, https:\/\/oregonprotectpro.com\/wp-content\/uploads\/650300_ProtectPro_Gloves-RY-stretch_1600-150x150.jpg 150w, https:\/\/oregonprotectpro.com\/wp-content\/uploads\/650300_ProtectPro_Gloves-RY-stretch_1600-1024x1024.jpg 1024w, https:\/\/oregonprotectpro.com\/wp-content\/uploads\/650300_ProtectPro_Gloves-RY-stretch_1600-768x768.jpg 768w, https:\/\/oregonprotectpro.com\/wp-content\/uploads\/650300_ProtectPro_Gloves-RY-stretch_1600-1536x1536.jpg 1536w\" sizes=\"auto, (max-width: 1600px) 100vw, 1600px\" \/>\n\t\t\t\t\t\t\t<\/a>\n\t\t\t\t\t<\/div>\n\t\t\n\t\t<div id=\"wd-68dac26a613ed\" class=\"title-wrapper wd-wpb wd-set-mb reset-last-child  wd-rs-68dac26a613ed wd-title-color-default wd-title-style-default text-center feature-title vc_custom_1759167093485 wd-underline-colored\">\n\t\t\t\n\t\t\t<div class=\"liner-continer\">\n\t\t\t\t<h4 class=\"woodmart-title-container title  wd-font-weight- wd-fontsize-m\" >Confort &amp; flexibilit\u00e9<\/h4>\n\t\t\t\t\t\t\t<\/div>\n\t\t\t\n\t\t\t\n\t\t\t\n\t\t<\/div>\n\t\t\n\t\t\t\t<div id=\"wd-68dac27a0429c\" class=\"wd-text-block wd-wpb reset-last-child wd-rs-68dac27a0429c text-center vc_custom_1759167102019\">\n\t\t\t<p>Goat skin leather with spandex back provides smooth, flexible fit; padded palms support anti-vibration functionality<\/p>\n\t\t<\/div>\n\t\t\t\t<\/div>\n\t\t\t\t\t\t\t\t<\/div>\n\t\t\t\t\t<\/div>\n\t\t\t\t\t\t\t\t\t\t\t\t\t<div class=\"wd-nav-arrows wd-pos-sep wd-hover-1 wd-icon-1\">\n\t\t\t<div class=\"wd-btn-arrow wd-prev wd-disabled\">\n\t\t\t\t<div class=\"wd-arrow-inner\"><\/div>\n\t\t\t<\/div>\n\t\t\t<div class=\"wd-btn-arrow wd-next\">\n\t\t\t\t<div class=\"wd-arrow-inner\"><\/div>\n\t\t\t<\/div>\n\t\t<\/div>\n\t\t\t\t\t\t\t\t\t\t\t<\/div>\n\n\t\t\t\t\t\t<div class=\"wd-nav-pagin-wrap text-center wd-style-shape\">\n\t\t\t<ul class=\"wd-nav-pagin\"><\/ul>\n\t\t<\/div>\n\t\t\t\t\t\t\t\t\t<\/div>\n\t\t[\/vc_column][\/vc_row]<\/p>\n<\/div>","protected":false},"excerpt":{"rendered":"<p>[vc_row css=\u00a0\u00bb.vc_custom_1758577763352{margin-top: -25px !important;padding-top: 0px !important;}\u00a0\u00bb woodmart_css_id=\u00a0\u00bb68d1c45de8cd4&Prime; responsive_spacing=\u00a0\u00bbeyJwYXJhbV90eXBlIjoid29vZG1hcnRfcmVzcG9uc2l2ZV9zcGFjaW5nIiwic2VsZWN0b3JfaWQiOiI2OGQxYzQ1ZGU4Y2Q0Iiwic2hvcnRjb2RlIjoidmNfcm93IiwiZGF0YSI6eyJ0YWJsZXQiOnt9LCJtb2JpbGUiOnt9fX0=\u00a0\u00bb mobile_bg_img_hidden=\u00a0\u00bbno\u00a0\u00bb tablet_bg_img_hidden=\u00a0\u00bbno\u00a0\u00bb woodmart_parallax=\u00a0\u00bb0&Prime; woodmart_gradient_switch=\u00a0\u00bbno\u00a0\u00bb woodmart_box_shadow=\u00a0\u00bbno\u00a0\u00bb wd_z_index=\u00a0\u00bbno\u00a0\u00bb woodmart_disable_overflow=\u00a0\u00bb0&Prime; row_reverse_mobile=\u00a0\u00bb0&Prime; row_reverse_tablet=\u00a0\u00bb0&Prime;][vc_column woodmart_text_align=\u00a0\u00bbcenter\u00a0\u00bb woodmart_css_id=\u00a0\u00bb68dac33e2e6ac\u00a0\u00bb parallax_scroll=\u00a0\u00bbno\u00a0\u00bb<\/p>\n","protected":false},"featured_media":14610,"template":"","meta":[],"product_brand":[],"product_cat":[56],"product_tag":[],"class_list":{"0":"post-14620","1":"product","2":"type-product","3":"status-publish","4":"has-post-thumbnail","6":"product_cat-gants","8":"first","9":"instock","10":"shipping-taxable","11":"product-type-simple"},"_links":{"self":[{"href":"https:\/\/oregonprotectpro.com\/fr\/wp-json\/wp\/v2\/product\/14620","targetHints":{"allow":["GET"]}}],"collection":[{"href":"https:\/\/oregonprotectpro.com\/fr\/wp-json\/wp\/v2\/product"}],"about":[{"href":"https:\/\/oregonprotectpro.com\/fr\/wp-json\/wp\/v2\/types\/product"}],"wp:featuredmedia":[{"embeddable":true,"href":"https:\/\/oregonprotectpro.com\/fr\/wp-json\/wp\/v2\/media\/14610"}],"wp:attachment":[{"href":"https:\/\/oregonprotectpro.com\/fr\/wp-json\/wp\/v2\/media?parent=14620"}],"wp:term":[{"taxonomy":"product_brand","embeddable":true,"href":"https:\/\/oregonprotectpro.com\/fr\/wp-json\/wp\/v2\/product_brand?post=14620"},{"taxonomy":"product_cat","embeddable":true,"href":"https:\/\/oregonprotectpro.com\/fr\/wp-json\/wp\/v2\/product_cat?post=14620"},{"taxonomy":"product_tag","embeddable":true,"href":"https:\/\/oregonprotectpro.com\/fr\/wp-json\/wp\/v2\/product_tag?post=14620"}],"curies":[{"name":"wp","href":"https:\/\/api.w.org\/{rel}","templated":true}]}}