{"id":14766,"date":"2023-02-16T11:15:16","date_gmt":"2023-02-16T11:15:16","guid":{"rendered":"https:\/\/oregonprotedev.wpenginepowered.com\/products\/uncategorized\/protect-pro-stovlar\/"},"modified":"2026-03-05T15:26:04","modified_gmt":"2026-03-05T15:26:04","slug":"protect-pro-stovlar","status":"publish","type":"product","link":"https:\/\/oregonprotectpro.com\/sv\/products\/stovlar\/protect-pro-stovlar\/","title":{"rendered":"Protect PRO St\u00f6vlar"},"content":{"rendered":"<div class=\"wpb-content-wrapper\"><p>[vc_row css=&#8221;.vc_custom_1758577763352{margin-top: -25px !important;padding-top: 0px !important;}&#8221; woodmart_css_id=&#8221;68d1c45de8cd4&#8243; responsive_spacing=&#8221;eyJwYXJhbV90eXBlIjoid29vZG1hcnRfcmVzcG9uc2l2ZV9zcGFjaW5nIiwic2VsZWN0b3JfaWQiOiI2OGQxYzQ1ZGU4Y2Q0Iiwic2hvcnRjb2RlIjoidmNfcm93IiwiZGF0YSI6eyJ0YWJsZXQiOnt9LCJtb2JpbGUiOnt9fX0=&#8221; mobile_bg_img_hidden=&#8221;no&#8221; tablet_bg_img_hidden=&#8221;no&#8221; woodmart_parallax=&#8221;0&#8243; woodmart_gradient_switch=&#8221;no&#8221; woodmart_box_shadow=&#8221;no&#8221; wd_z_index=&#8221;no&#8221; woodmart_disable_overflow=&#8221;0&#8243; row_reverse_mobile=&#8221;0&#8243; row_reverse_tablet=&#8221;0&#8243;][vc_column]\t\t\t<div id=\"wd-rs-68dab0738f955\" class=\"wd-nested-carousel wd-carousel-container wd-rs-68dab0738f955 wd-wpb vc_custom_1759162488403\">\n\t\t\t\t<div class=\"wd-carousel-inner\">\n\t\t\t\t\t<div class=\"wd-carousel wd-grid scroll-init\" data-wrap=\"yes\" style=\"--wd-col-lg:6;--wd-col-md:2.5;--wd-col-sm:1;--wd-gap-lg:20px;--wd-gap-sm:10px;\">\n\t\t\t\t\t\t<div class=\"wd-carousel-wrap\">\n\t\t\t\t\t\t\t\t\t<div class=\"wd-carousel-item\">\n\t\t\t\t\t<div id=\"wd-68daad9f01d5d\" class=\"wd-image wd-wpb wd-rs-68daad9f01d5d text-center vc_custom_1759161795566 photoswipe-images\">\n\t\t\t\t\t\t\t<a href=\"https:\/\/oregonprotectpro.com\/wp-content\/uploads\/665100_ProtectPro_Boots_detail-badge_1600.jpg\"  data-width=\"1600\" data-height=\"1600\">\n\t\t\t\n\t\t\t<img loading=\"lazy\" decoding=\"async\" width=\"1600\" height=\"1600\" src=\"https:\/\/oregonprotectpro.com\/wp-content\/uploads\/665100_ProtectPro_Boots_detail-badge_1600.jpg\" class=\"attachment-full size-full\" alt=\"\" srcset=\"https:\/\/oregonprotectpro.com\/wp-content\/uploads\/665100_ProtectPro_Boots_detail-badge_1600.jpg 1600w, https:\/\/oregonprotectpro.com\/wp-content\/uploads\/665100_ProtectPro_Boots_detail-badge_1600-600x600.jpg 600w, https:\/\/oregonprotectpro.com\/wp-content\/uploads\/665100_ProtectPro_Boots_detail-badge_1600-150x150.jpg 150w, https:\/\/oregonprotectpro.com\/wp-content\/uploads\/665100_ProtectPro_Boots_detail-badge_1600-1024x1024.jpg 1024w, https:\/\/oregonprotectpro.com\/wp-content\/uploads\/665100_ProtectPro_Boots_detail-badge_1600-768x768.jpg 768w, https:\/\/oregonprotectpro.com\/wp-content\/uploads\/665100_ProtectPro_Boots_detail-badge_1600-1536x1536.jpg 1536w\" sizes=\"auto, (max-width: 1600px) 100vw, 1600px\" \/>\n\t\t\t\t\t\t\t<\/a>\n\t\t\t\t\t<\/div>\n\t\t\n\t\t<div id=\"wd-68daadc59222b\" class=\"title-wrapper wd-wpb wd-set-mb reset-last-child  wd-rs-68daadc59222b wd-title-color-default wd-title-style-default text-center feature-title vc_custom_1759161830407 wd-underline-colored\">\n\t\t\t\n\t\t\t<div class=\"liner-continer\">\n\t\t\t\t<h4 class=\"woodmart-title-container title  wd-font-weight- wd-fontsize-m\" >S\u00e5gskydd<\/h4>\n\t\t\t\t\t\t\t<\/div>\n\t\t\t\n\t\t\t\n\t\t\t\n\t\t<\/div>\n\t\t\n\t\t\t\t<div id=\"wd-69a88a0ba1a86\" class=\"wd-text-block wd-wpb reset-last-child wd-rs-69a88a0ba1a86 text-center vc_custom_1772653074988\">\n\t\t\t<p>Avertic\u2122 av Engtex sk\u00e4rskyddsmaterial ger s\u00e5gskydd (EN ISO 17349:2013 Niv\u00e5 2 -24m\/s, EN ISO 20345:2022 &#8211; S7L-CI-HRO-HI-SR-FO)<\/p>\n\t\t<\/div>\n\t\t\t\t<\/div>\n\t\t\t\t<div class=\"wd-carousel-item\">\n\t\t\t\t\t<div id=\"wd-68daadf1c3fab\" class=\"wd-image wd-wpb wd-rs-68daadf1c3fab text-center vc_custom_1759161855549 photoswipe-images\">\n\t\t\t\t\t\t\t<a href=\"https:\/\/oregonprotectpro.com\/wp-content\/uploads\/665100_ProtectPro_Boot_Top-Laces_1600.jpg\"  data-width=\"1600\" data-height=\"1600\">\n\t\t\t\n\t\t\t<img loading=\"lazy\" decoding=\"async\" width=\"1600\" height=\"1600\" src=\"https:\/\/oregonprotectpro.com\/wp-content\/uploads\/665100_ProtectPro_Boot_Top-Laces_1600.jpg\" class=\"attachment-full size-full\" alt=\"\" srcset=\"https:\/\/oregonprotectpro.com\/wp-content\/uploads\/665100_ProtectPro_Boot_Top-Laces_1600.jpg 1600w, https:\/\/oregonprotectpro.com\/wp-content\/uploads\/665100_ProtectPro_Boot_Top-Laces_1600-600x600.jpg 600w, https:\/\/oregonprotectpro.com\/wp-content\/uploads\/665100_ProtectPro_Boot_Top-Laces_1600-150x150.jpg 150w, https:\/\/oregonprotectpro.com\/wp-content\/uploads\/665100_ProtectPro_Boot_Top-Laces_1600-1024x1024.jpg 1024w, https:\/\/oregonprotectpro.com\/wp-content\/uploads\/665100_ProtectPro_Boot_Top-Laces_1600-768x768.jpg 768w, https:\/\/oregonprotectpro.com\/wp-content\/uploads\/665100_ProtectPro_Boot_Top-Laces_1600-1536x1536.jpg 1536w\" sizes=\"auto, (max-width: 1600px) 100vw, 1600px\" \/>\n\t\t\t\t\t\t\t<\/a>\n\t\t\t\t\t<\/div>\n\t\t\n\t\t<div id=\"wd-68daae014af43\" class=\"title-wrapper wd-wpb wd-set-mb reset-last-child  wd-rs-68daae014af43 wd-title-color-default wd-title-style-default text-center feature-title vc_custom_1759161869046 wd-underline-colored\">\n\t\t\t\n\t\t\t<div class=\"liner-continer\">\n\t\t\t\t<h4 class=\"woodmart-title-container title  wd-font-weight- wd-fontsize-m\" >Premium sn\u00f6rkrokar<\/h4>\n\t\t\t\t\t\t\t<\/div>\n\t\t\t\n\t\t\t\n\t\t\t\n\t\t<\/div>\n\t\t\n\t\t\t\t<div id=\"wd-68daae1259fda\" class=\"wd-text-block wd-wpb reset-last-child wd-rs-68daae1259fda text-center vc_custom_1759161879365\">\n\t\t\t<p>Inkluderar tv\u00e5 rader kulkrokar f\u00f6r mindre friktion och l\u00e4ngre sn\u00f6rlivsl\u00e4ngd, samt fixeringskrokar f\u00f6r oberoende sn\u00f6rning av \u00f6vre skaftet<\/p>\n\t\t<\/div>\n\t\t\t\t<\/div>\n\t\t\t\t<div class=\"wd-carousel-item\">\n\t\t\t\t\t<div id=\"wd-68daae1b14457\" class=\"wd-image wd-wpb wd-rs-68daae1b14457 text-center vc_custom_1759161907208 photoswipe-images\">\n\t\t\t\t\t\t\t<a href=\"https:\/\/oregonprotectpro.com\/wp-content\/uploads\/665100_ProtectPro_Boot_Detail_waterproof_1600.jpg\"  data-width=\"1600\" data-height=\"1600\">\n\t\t\t\n\t\t\t<img loading=\"lazy\" decoding=\"async\" width=\"1600\" height=\"1600\" src=\"https:\/\/oregonprotectpro.com\/wp-content\/uploads\/665100_ProtectPro_Boot_Detail_waterproof_1600.jpg\" class=\"attachment-full size-full\" alt=\"\" srcset=\"https:\/\/oregonprotectpro.com\/wp-content\/uploads\/665100_ProtectPro_Boot_Detail_waterproof_1600.jpg 1600w, https:\/\/oregonprotectpro.com\/wp-content\/uploads\/665100_ProtectPro_Boot_Detail_waterproof_1600-600x600.jpg 600w, https:\/\/oregonprotectpro.com\/wp-content\/uploads\/665100_ProtectPro_Boot_Detail_waterproof_1600-150x150.jpg 150w, https:\/\/oregonprotectpro.com\/wp-content\/uploads\/665100_ProtectPro_Boot_Detail_waterproof_1600-1024x1024.jpg 1024w, https:\/\/oregonprotectpro.com\/wp-content\/uploads\/665100_ProtectPro_Boot_Detail_waterproof_1600-768x768.jpg 768w, https:\/\/oregonprotectpro.com\/wp-content\/uploads\/665100_ProtectPro_Boot_Detail_waterproof_1600-1536x1536.jpg 1536w\" sizes=\"auto, (max-width: 1600px) 100vw, 1600px\" \/>\n\t\t\t\t\t\t\t<\/a>\n\t\t\t\t\t<\/div>\n\t\t\n\t\t<div id=\"wd-68daae363f3dd\" class=\"title-wrapper wd-wpb wd-set-mb reset-last-child  wd-rs-68daae363f3dd wd-title-color-default wd-title-style-default text-center feature-title vc_custom_1759161924792 wd-underline-colored\">\n\t\t\t\n\t\t\t<div class=\"liner-continer\">\n\t\t\t\t<h4 class=\"woodmart-title-container title  wd-font-weight- wd-fontsize-m\" >Vattenavvisande med v\u00e4rme- och k\u00f6ldisolering<\/h4>\n\t\t\t\t\t\t\t<\/div>\n\t\t\t\n\t\t\t\n\t\t\t\n\t\t<\/div>\n\t\t\n\t\t\t\t<div id=\"wd-68daae4c2b2f6\" class=\"wd-text-block wd-wpb reset-last-child wd-rs-68daae4c2b2f6 text-center vc_custom_1759161937357\">\n\t\t\t<p>F\u00f6rstklassigt vattenavvisande Perwanger\u2122-l\u00e4der och vattent\u00e4tt membran; v\u00e4rmebest\u00e4ndighet upp till 300\u00b0C (Cert. HI och CI, plus Cert. HRO)<\/p>\n\t\t<\/div>\n\t\t\t\t<\/div>\n\t\t\t\t<div class=\"wd-carousel-item\">\n\t\t\t\t\t<div id=\"wd-68daae5d699c2\" class=\"wd-image wd-wpb wd-rs-68daae5d699c2 text-center vc_custom_1759161970810 photoswipe-images\">\n\t\t\t\t\t\t\t<a href=\"https:\/\/oregonprotectpro.com\/wp-content\/uploads\/665100_ProtectPro_Boot_bottom_1600-1.jpg\"  data-width=\"1600\" data-height=\"1599\">\n\t\t\t\n\t\t\t<img loading=\"lazy\" decoding=\"async\" width=\"1600\" height=\"1599\" src=\"https:\/\/oregonprotectpro.com\/wp-content\/uploads\/665100_ProtectPro_Boot_bottom_1600-1.jpg\" class=\"attachment-full size-full\" alt=\"\" srcset=\"https:\/\/oregonprotectpro.com\/wp-content\/uploads\/665100_ProtectPro_Boot_bottom_1600-1.jpg 1600w, https:\/\/oregonprotectpro.com\/wp-content\/uploads\/665100_ProtectPro_Boot_bottom_1600-1-600x600.jpg 600w, https:\/\/oregonprotectpro.com\/wp-content\/uploads\/665100_ProtectPro_Boot_bottom_1600-1-150x150.jpg 150w, https:\/\/oregonprotectpro.com\/wp-content\/uploads\/665100_ProtectPro_Boot_bottom_1600-1-1024x1024.jpg 1024w, https:\/\/oregonprotectpro.com\/wp-content\/uploads\/665100_ProtectPro_Boot_bottom_1600-1-768x768.jpg 768w, https:\/\/oregonprotectpro.com\/wp-content\/uploads\/665100_ProtectPro_Boot_bottom_1600-1-1536x1536.jpg 1536w\" sizes=\"auto, (max-width: 1600px) 100vw, 1600px\" \/>\n\t\t\t\t\t\t\t<\/a>\n\t\t\t\t\t<\/div>\n\t\t\n\t\t<div id=\"wd-68daae7ac505c\" class=\"title-wrapper wd-wpb wd-set-mb reset-last-child  wd-rs-68daae7ac505c wd-title-color-default wd-title-style-default text-center feature-title vc_custom_1759161993278 wd-underline-colored\">\n\t\t\t\n\t\t\t<div class=\"liner-continer\">\n\t\t\t\t<h4 class=\"woodmart-title-container title  wd-font-weight- wd-fontsize-m\" >Stick-, antistatiskt- och br\u00e4nsleolje\u00adskydd<\/h4>\n\t\t\t\t\t\t\t<\/div>\n\t\t\t\n\t\t\t\n\t\t\t\n\t\t<\/div>\n\t\t\n\t\t\t\t<div id=\"wd-68daae905a765\" class=\"wd-text-block wd-wpb reset-last-child wd-rs-68daae905a765 text-center vc_custom_1759162005997\">\n\t\t\t<p>F\u00f6rhindrar att vassa f\u00f6rem\u00e5l penetrerar sulan, avvisar fukt och inkluderar antistatiska egenskaper, plus ytterligare Cert. A*<\/p>\n\t\t<\/div>\n\t\t\t\t<\/div>\n\t\t\t\t<div class=\"wd-carousel-item\">\n\t\t\t\t\t<div id=\"wd-68daaea8316cc\" class=\"wd-image wd-wpb wd-rs-68daaea8316cc text-center vc_custom_1759162048505 photoswipe-images\">\n\t\t\t\t\t\t\t<a href=\"https:\/\/oregonprotectpro.com\/wp-content\/uploads\/665100_ProtectPro_Boots_detail-Toe_1600.jpg\"  data-width=\"1600\" data-height=\"1600\">\n\t\t\t\n\t\t\t<img loading=\"lazy\" decoding=\"async\" width=\"1600\" height=\"1600\" src=\"https:\/\/oregonprotectpro.com\/wp-content\/uploads\/665100_ProtectPro_Boots_detail-Toe_1600.jpg\" class=\"attachment-full size-full\" alt=\"\" srcset=\"https:\/\/oregonprotectpro.com\/wp-content\/uploads\/665100_ProtectPro_Boots_detail-Toe_1600.jpg 1600w, https:\/\/oregonprotectpro.com\/wp-content\/uploads\/665100_ProtectPro_Boots_detail-Toe_1600-600x600.jpg 600w, https:\/\/oregonprotectpro.com\/wp-content\/uploads\/665100_ProtectPro_Boots_detail-Toe_1600-150x150.jpg 150w, https:\/\/oregonprotectpro.com\/wp-content\/uploads\/665100_ProtectPro_Boots_detail-Toe_1600-1024x1024.jpg 1024w, https:\/\/oregonprotectpro.com\/wp-content\/uploads\/665100_ProtectPro_Boots_detail-Toe_1600-768x768.jpg 768w, https:\/\/oregonprotectpro.com\/wp-content\/uploads\/665100_ProtectPro_Boots_detail-Toe_1600-1536x1536.jpg 1536w\" sizes=\"auto, (max-width: 1600px) 100vw, 1600px\" \/>\n\t\t\t\t\t\t\t<\/a>\n\t\t\t\t\t<\/div>\n\t\t\n\t\t<div id=\"wd-68daaf0fdefb8\" class=\"title-wrapper wd-wpb wd-set-mb reset-last-child  wd-rs-68daaf0fdefb8 wd-title-color-default wd-title-style-default text-center feature-title vc_custom_1759162135948 wd-underline-colored\">\n\t\t\t\n\t\t\t<div class=\"liner-continer\">\n\t\t\t\t<h4 class=\"woodmart-title-container title  wd-font-weight- wd-fontsize-m\" >St\u00e5lh\u00e4tta plus n\u00f6tningsbest\u00e4ndig t\u00e5 och h\u00e4l<\/h4>\n\t\t\t\t\t\t\t<\/div>\n\t\t\t\n\t\t\t\n\t\t\t\n\t\t<\/div>\n\t\t\n\t\t\t\t<div id=\"wd-68daaeec0e442\" class=\"wd-text-block wd-wpb reset-last-child wd-rs-68daaeec0e442 text-center vc_custom_1759162100364\">\n\t\t\t<p>Minskar st\u00f6tar och\/eller krossning av t\u00e5rna, och extra materialf\u00f6rst\u00e4rkning ger n\u00f6tningsbest\u00e4ndighet<\/p>\n\t\t<\/div>\n\t\t\t\t<\/div>\n\t\t\t\t<div class=\"wd-carousel-item\">\n\t\t\t\t\t<div id=\"wd-68daaf27abe34\" class=\"wd-image wd-wpb wd-rs-68daaf27abe34 text-center vc_custom_1759162164160 photoswipe-images\">\n\t\t\t\t\t\t\t<a href=\"https:\/\/oregonprotectpro.com\/wp-content\/uploads\/665100_ProtectPro_Boot_back-iso_1600.jpg\"  data-width=\"1600\" data-height=\"1601\">\n\t\t\t\n\t\t\t<img loading=\"lazy\" decoding=\"async\" width=\"1600\" height=\"1601\" src=\"https:\/\/oregonprotectpro.com\/wp-content\/uploads\/665100_ProtectPro_Boot_back-iso_1600.jpg\" class=\"attachment-full size-full\" alt=\"\" srcset=\"https:\/\/oregonprotectpro.com\/wp-content\/uploads\/665100_ProtectPro_Boot_back-iso_1600.jpg 1600w, https:\/\/oregonprotectpro.com\/wp-content\/uploads\/665100_ProtectPro_Boot_back-iso_1600-600x600.jpg 600w, https:\/\/oregonprotectpro.com\/wp-content\/uploads\/665100_ProtectPro_Boot_back-iso_1600-150x150.jpg 150w, https:\/\/oregonprotectpro.com\/wp-content\/uploads\/665100_ProtectPro_Boot_back-iso_1600-1024x1024.jpg 1024w, https:\/\/oregonprotectpro.com\/wp-content\/uploads\/665100_ProtectPro_Boot_back-iso_1600-768x768.jpg 768w, https:\/\/oregonprotectpro.com\/wp-content\/uploads\/665100_ProtectPro_Boot_back-iso_1600-1536x1536.jpg 1536w\" sizes=\"auto, (max-width: 1600px) 100vw, 1600px\" \/>\n\t\t\t\t\t\t\t<\/a>\n\t\t\t\t\t<\/div>\n\t\t\n\t\t<div id=\"wd-68daaef7f3106\" class=\"title-wrapper wd-wpb wd-set-mb reset-last-child  wd-rs-68daaef7f3106 wd-title-color-default wd-title-style-default text-center feature-title vc_custom_1759162126239 wd-underline-colored\">\n\t\t\t\n\t\t\t<div class=\"liner-continer\">\n\t\t\t\t<h4 class=\"woodmart-title-container title  wd-font-weight- wd-fontsize-m\" >Halk- och st\u00f6tskydd plus vrstst\u00f6d<\/h4>\n\t\t\t\t\t\t\t<\/div>\n\t\t\t\n\t\t\t\n\t\t\t\n\t\t<\/div>\n\t\t\n\t\t\t\t<div id=\"wd-68daaf1f6955b\" class=\"wd-text-block wd-wpb reset-last-child wd-rs-68daaf1f6955b text-center vc_custom_1759162149987\">\n\t\t\t<p>Inkluderar steggrepp, gummikronformade broddar och sj\u00e4lvreng\u00f6rande sulor; minskar h\u00e4lens st\u00f6t mot marken; h\u00f6gre vristskaft och mellansulaf\u00f6rst\u00e4rkning ger b\u00e4ttre st\u00f6d<\/p>\n\t\t<\/div>\n\t\t\t\t<\/div>\n\t\t\t\t\t\t\t\t<\/div>\n\t\t\t\t\t<\/div>\n\t\t\t\t\t\t\t\t\t\t\t\t\t<div class=\"wd-nav-arrows wd-pos-sep wd-hover-1 wd-icon-1\">\n\t\t\t<div class=\"wd-btn-arrow wd-prev wd-disabled\">\n\t\t\t\t<div class=\"wd-arrow-inner\"><\/div>\n\t\t\t<\/div>\n\t\t\t<div class=\"wd-btn-arrow wd-next\">\n\t\t\t\t<div class=\"wd-arrow-inner\"><\/div>\n\t\t\t<\/div>\n\t\t<\/div>\n\t\t\t\t\t\t\t\t\t\t\t<\/div>\n\n\t\t\t\t\t\t<div class=\"wd-nav-pagin-wrap text-center wd-style-shape\">\n\t\t\t<ul class=\"wd-nav-pagin\"><\/ul>\n\t\t<\/div>\n\t\t\t\t\t\t\t\t\t<\/div>\n\t\t[\/vc_column][\/vc_row]<\/p>\n<\/div>","protected":false},"excerpt":{"rendered":"<p>[vc_row css=&#8221;.vc_custom_1758577763352{margin-top: -25px !important;padding-top: 0px !important;}&#8221; woodmart_css_id=&#8221;68d1c45de8cd4&#8243; responsive_spacing=&#8221;eyJwYXJhbV90eXBlIjoid29vZG1hcnRfcmVzcG9uc2l2ZV9zcGFjaW5nIiwic2VsZWN0b3JfaWQiOiI2OGQxYzQ1ZGU4Y2Q0Iiwic2hvcnRjb2RlIjoidmNfcm93IiwiZGF0YSI6eyJ0YWJsZXQiOnt9LCJtb2JpbGUiOnt9fX0=&#8221; mobile_bg_img_hidden=&#8221;no&#8221; tablet_bg_img_hidden=&#8221;no&#8221; woodmart_parallax=&#8221;0&#8243; woodmart_gradient_switch=&#8221;no&#8221; woodmart_box_shadow=&#8221;no&#8221; wd_z_index=&#8221;no&#8221; woodmart_disable_overflow=&#8221;0&#8243; row_reverse_mobile=&#8221;0&#8243; row_reverse_tablet=&#8221;0&#8243;][vc_column][\/vc_column][\/vc_row]<\/p>\n","protected":false},"featured_media":14502,"template":"","meta":[],"product_brand":[],"product_cat":[75],"product_tag":[],"class_list":{"0":"post-14766","1":"product","2":"type-product","3":"status-publish","4":"has-post-thumbnail","6":"product_cat-stovlar","8":"first","9":"instock","10":"shipping-taxable","11":"product-type-simple"},"_links":{"self":[{"href":"https:\/\/oregonprotectpro.com\/sv\/wp-json\/wp\/v2\/product\/14766","targetHints":{"allow":["GET"]}}],"collection":[{"href":"https:\/\/oregonprotectpro.com\/sv\/wp-json\/wp\/v2\/product"}],"about":[{"href":"https:\/\/oregonprotectpro.com\/sv\/wp-json\/wp\/v2\/types\/product"}],"wp:featuredmedia":[{"embeddable":true,"href":"https:\/\/oregonprotectpro.com\/sv\/wp-json\/wp\/v2\/media\/14502"}],"wp:attachment":[{"href":"https:\/\/oregonprotectpro.com\/sv\/wp-json\/wp\/v2\/media?parent=14766"}],"wp:term":[{"taxonomy":"product_brand","embeddable":true,"href":"https:\/\/oregonprotectpro.com\/sv\/wp-json\/wp\/v2\/product_brand?post=14766"},{"taxonomy":"product_cat","embeddable":true,"href":"https:\/\/oregonprotectpro.com\/sv\/wp-json\/wp\/v2\/product_cat?post=14766"},{"taxonomy":"product_tag","embeddable":true,"href":"https:\/\/oregonprotectpro.com\/sv\/wp-json\/wp\/v2\/product_tag?post=14766"}],"curies":[{"name":"wp","href":"https:\/\/api.w.org\/{rel}","templated":true}]}}