{"id":14802,"date":"2025-09-29T19:43:18","date_gmt":"2025-09-29T19:43:18","guid":{"rendered":"https:\/\/oregonprotedev.wpenginepowered.com\/products\/uncategorized\/protect-pro-jacka-2\/"},"modified":"2026-03-17T15:34:23","modified_gmt":"2026-03-17T15:34:23","slug":"protect-pro-jacka-2","status":"publish","type":"product","link":"https:\/\/oregonprotectpro.com\/sv\/products\/jacka\/protect-pro-jacka-2\/","title":{"rendered":"Protect PRO Jacka"},"content":{"rendered":"<div class=\"wpb-content-wrapper\"><p>[vc_row css=&#8221;.vc_custom_1758577763352{margin-top: -25px !important;padding-top: 0px !important;}&#8221; woodmart_css_id=&#8221;68d1c45de8cd4&#8243; responsive_spacing=&#8221;eyJwYXJhbV90eXBlIjoid29vZG1hcnRfcmVzcG9uc2l2ZV9zcGFjaW5nIiwic2VsZWN0b3JfaWQiOiI2OGQxYzQ1ZGU4Y2Q0Iiwic2hvcnRjb2RlIjoidmNfcm93IiwiZGF0YSI6eyJ0YWJsZXQiOnt9LCJtb2JpbGUiOnt9fX0=&#8221; mobile_bg_img_hidden=&#8221;no&#8221; tablet_bg_img_hidden=&#8221;no&#8221; woodmart_parallax=&#8221;0&#8243; woodmart_gradient_switch=&#8221;no&#8221; woodmart_box_shadow=&#8221;no&#8221; wd_z_index=&#8221;no&#8221; woodmart_disable_overflow=&#8221;0&#8243; row_reverse_mobile=&#8221;0&#8243; row_reverse_tablet=&#8221;0&#8243;][vc_column woodmart_text_align=&#8221;center&#8221; woodmart_css_id=&#8221;68dac32452fa0&#8243; parallax_scroll=&#8221;no&#8221; woodmart_sticky_column=&#8221;false&#8221; wd_collapsible_content_switcher=&#8221;no&#8221; wd_column_role_offcanvas_desktop=&#8221;no&#8221; wd_column_role_offcanvas_tablet=&#8221;no&#8221; wd_column_role_offcanvas_mobile=&#8221;no&#8221; wd_column_role_content_desktop=&#8221;no&#8221; wd_column_role_content_tablet=&#8221;no&#8221; wd_column_role_content_mobile=&#8221;no&#8221; mobile_bg_img_hidden=&#8221;no&#8221; tablet_bg_img_hidden=&#8221;no&#8221; woodmart_parallax=&#8221;0&#8243; woodmart_box_shadow=&#8221;no&#8221; responsive_spacing=&#8221;eyJwYXJhbV90eXBlIjoid29vZG1hcnRfcmVzcG9uc2l2ZV9zcGFjaW5nIiwic2VsZWN0b3JfaWQiOiI2OGRhYzMyNDUyZmEwIiwic2hvcnRjb2RlIjoidmNfY29sdW1uIiwiZGF0YSI6eyJ0YWJsZXQiOnt9LCJtb2JpbGUiOnt9fX0=&#8221; mobile_reset_margin=&#8221;no&#8221; tablet_reset_margin=&#8221;no&#8221; wd_z_index=&#8221;no&#8221;]\t\t\t<div id=\"wd-rs-68d420b748ed4\" class=\"wd-nested-carousel wd-carousel-container wd-rs-68d420b748ed4 wd-wpb vc_custom_1758732478693\">\n\t\t\t\t<div class=\"wd-carousel-inner\">\n\t\t\t\t\t<div class=\"wd-carousel wd-grid scroll-init\" data-wrap=\"yes\" style=\"--wd-col-lg:6;--wd-col-md:2.5;--wd-col-sm:1;--wd-gap-lg:20px;--wd-gap-sm:10px;\">\n\t\t\t\t\t\t<div class=\"wd-carousel-wrap\">\n\t\t\t\t\t\t\t\t\t<div class=\"wd-carousel-item\">\n\t\t\t\t\t<div id=\"wd-68dae296403dd\" class=\"wd-image wd-wpb wd-rs-68dae296403dd text-center vc_custom_1759175335437 photoswipe-images\">\n\t\t\t\t\t\t\t<a href=\"https:\/\/oregonprotectpro.com\/wp-content\/uploads\/695651_ProtectPro_Jacket-OB_Waterproof_1600.jpg\"  data-width=\"1600\" data-height=\"1600\">\n\t\t\t\n\t\t\t<img loading=\"lazy\" decoding=\"async\" width=\"1600\" height=\"1600\" src=\"https:\/\/oregonprotectpro.com\/wp-content\/uploads\/695651_ProtectPro_Jacket-OB_Waterproof_1600.jpg\" class=\"attachment-full size-full\" alt=\"\" srcset=\"https:\/\/oregonprotectpro.com\/wp-content\/uploads\/695651_ProtectPro_Jacket-OB_Waterproof_1600.jpg 1600w, https:\/\/oregonprotectpro.com\/wp-content\/uploads\/695651_ProtectPro_Jacket-OB_Waterproof_1600-600x600.jpg 600w, https:\/\/oregonprotectpro.com\/wp-content\/uploads\/695651_ProtectPro_Jacket-OB_Waterproof_1600-150x150.jpg 150w, https:\/\/oregonprotectpro.com\/wp-content\/uploads\/695651_ProtectPro_Jacket-OB_Waterproof_1600-1024x1024.jpg 1024w, https:\/\/oregonprotectpro.com\/wp-content\/uploads\/695651_ProtectPro_Jacket-OB_Waterproof_1600-768x768.jpg 768w, https:\/\/oregonprotectpro.com\/wp-content\/uploads\/695651_ProtectPro_Jacket-OB_Waterproof_1600-1536x1536.jpg 1536w\" sizes=\"auto, (max-width: 1600px) 100vw, 1600px\" \/>\n\t\t\t\t\t\t\t<\/a>\n\t\t\t\t\t<\/div>\n\t\t\n\t\t<div id=\"wd-68d41de4d8f90\" class=\"title-wrapper wd-wpb wd-set-mb reset-last-child  wd-rs-68d41de4d8f90 wd-title-color-default wd-title-style-default text-center feature-title vc_custom_1758731782369 wd-underline-colored\">\n\t\t\t\n\t\t\t<div class=\"liner-continer\">\n\t\t\t\t<h4 class=\"woodmart-title-container title  wd-font-weight- wd-fontsize-m\" >Vattent\u00e4t &amp; andningsbar med varselskydd<\/h4>\n\t\t\t\t\t\t\t<\/div>\n\t\t\t\n\t\t\t\n\t\t\t\n\t\t<\/div>\n\t\t\n\t\t\t\t<div id=\"wd-68d1772a222b3\" class=\"wd-text-block wd-wpb reset-last-child wd-rs-68d1772a222b3 text-center vc_custom_1758558009382\">\n\t\t\t<p>Andningsbart tyg med vattenavvisande ytterskal; \u00f6kad synlighet med reflexband och ljusa varself\u00e4rger <\/p>\n\t\t<\/div>\n\t\t\t\t<\/div>\n\t\t\t\t<div class=\"wd-carousel-item\">\n\t\t\t\t\t<div id=\"wd-68dae2a90417e\" class=\"wd-image wd-wpb wd-rs-68dae2a90417e text-center vc_custom_1759175347063 photoswipe-images\">\n\t\t\t\t\t\t\t<a href=\"https:\/\/oregonprotectpro.com\/wp-content\/uploads\/695651_ProtectPro_Jacket-OB_Zipper_1600.jpg\"  data-width=\"1600\" data-height=\"1600\">\n\t\t\t\n\t\t\t<img loading=\"lazy\" decoding=\"async\" width=\"1600\" height=\"1600\" src=\"https:\/\/oregonprotectpro.com\/wp-content\/uploads\/695651_ProtectPro_Jacket-OB_Zipper_1600.jpg\" class=\"attachment-full size-full\" alt=\"\" srcset=\"https:\/\/oregonprotectpro.com\/wp-content\/uploads\/695651_ProtectPro_Jacket-OB_Zipper_1600.jpg 1600w, https:\/\/oregonprotectpro.com\/wp-content\/uploads\/695651_ProtectPro_Jacket-OB_Zipper_1600-600x600.jpg 600w, https:\/\/oregonprotectpro.com\/wp-content\/uploads\/695651_ProtectPro_Jacket-OB_Zipper_1600-150x150.jpg 150w, https:\/\/oregonprotectpro.com\/wp-content\/uploads\/695651_ProtectPro_Jacket-OB_Zipper_1600-1024x1024.jpg 1024w, https:\/\/oregonprotectpro.com\/wp-content\/uploads\/695651_ProtectPro_Jacket-OB_Zipper_1600-768x768.jpg 768w, https:\/\/oregonprotectpro.com\/wp-content\/uploads\/695651_ProtectPro_Jacket-OB_Zipper_1600-1536x1536.jpg 1536w\" sizes=\"auto, (max-width: 1600px) 100vw, 1600px\" \/>\n\t\t\t\t\t\t\t<\/a>\n\t\t\t\t\t<\/div>\n\t\t\n\t\t<div id=\"wd-68d41e22f3cce\" class=\"title-wrapper wd-wpb wd-set-mb reset-last-child  wd-rs-68d41e22f3cce wd-title-color-default wd-title-style-default text-center feature-title vc_custom_1758731823992 wd-underline-colored\">\n\t\t\t\n\t\t\t<div class=\"liner-continer\">\n\t\t\t\t<h4 class=\"woodmart-title-container title  wd-font-weight- wd-fontsize-m\" >L\u00e5ngvariga &apos;omv\u00e4nda&apos; dragkedjor<\/h4>\n\t\t\t\t\t\t\t<\/div>\n\t\t\t\n\t\t\t\n\t\t\t\n\t\t<\/div>\n\t\t\n\t\t\t\t<div id=\"wd-68d1771ec738b\" class=\"wd-text-block wd-wpb reset-last-child wd-rs-68d1771ec738b text-center vc_custom_1758557991996\">\n\t\t\t<p>F\u00f6rhindrar att smuts och k\u00e5da t\u00e4pper till t\u00e4nderna; l\u00e4ttgreppat draghandtag; framsidan har tv\u00e5v\u00e4gs dragkedja<\/p>\n\t\t<\/div>\n\t\t\t\t<\/div>\n\t\t\t\t<div class=\"wd-carousel-item\">\n\t\t\t\t\t<div id=\"wd-68dae2b591c48\" class=\"wd-image wd-wpb wd-rs-68dae2b591c48 text-center vc_custom_1759175358662 photoswipe-images\">\n\t\t\t\t\t\t\t<a href=\"https:\/\/oregonprotectpro.com\/wp-content\/uploads\/695651_ProtectPro_Jacket-OB_lifestyle1_1600.jpg\"  data-width=\"1600\" data-height=\"1600\">\n\t\t\t\n\t\t\t<img loading=\"lazy\" decoding=\"async\" width=\"1600\" height=\"1600\" src=\"https:\/\/oregonprotectpro.com\/wp-content\/uploads\/695651_ProtectPro_Jacket-OB_lifestyle1_1600.jpg\" class=\"attachment-full size-full\" alt=\"\" srcset=\"https:\/\/oregonprotectpro.com\/wp-content\/uploads\/695651_ProtectPro_Jacket-OB_lifestyle1_1600.jpg 1600w, https:\/\/oregonprotectpro.com\/wp-content\/uploads\/695651_ProtectPro_Jacket-OB_lifestyle1_1600-600x600.jpg 600w, https:\/\/oregonprotectpro.com\/wp-content\/uploads\/695651_ProtectPro_Jacket-OB_lifestyle1_1600-150x150.jpg 150w, https:\/\/oregonprotectpro.com\/wp-content\/uploads\/695651_ProtectPro_Jacket-OB_lifestyle1_1600-1024x1024.jpg 1024w, https:\/\/oregonprotectpro.com\/wp-content\/uploads\/695651_ProtectPro_Jacket-OB_lifestyle1_1600-768x768.jpg 768w, https:\/\/oregonprotectpro.com\/wp-content\/uploads\/695651_ProtectPro_Jacket-OB_lifestyle1_1600-1536x1536.jpg 1536w\" sizes=\"auto, (max-width: 1600px) 100vw, 1600px\" \/>\n\t\t\t\t\t\t\t<\/a>\n\t\t\t\t\t<\/div>\n\t\t\n\t\t<div id=\"wd-68d41e320b620\" class=\"title-wrapper wd-wpb wd-set-mb reset-last-child  wd-rs-68d41e320b620 wd-title-color-default wd-title-style-default text-center feature-title vc_custom_1758731835227 wd-underline-colored\">\n\t\t\t\n\t\t\t<div class=\"liner-continer\">\n\t\t\t\t<h4 class=\"woodmart-title-container title  wd-font-weight- wd-fontsize-m\" >Exceptionell h\u00e5llbarhet<\/h4>\n\t\t\t\t\t\t\t<\/div>\n\t\t\t\n\t\t\t\n\t\t\t\n\t\t<\/div>\n\t\t\n\t\t\t\t<div id=\"wd-68d177480b483\" class=\"wd-text-block wd-wpb reset-last-child wd-rs-68d177480b483 text-center vc_custom_1758558032270\">\n\t\t\t<p>H\u00e5llbart tyg i omr\u00e5den med h\u00f6g n\u00f6tning, plus nylonlappar p\u00e5 armb\u00e5garna f\u00f6r exceptionell n\u00f6tningsbest\u00e4ndighet <\/p>\n\t\t<\/div>\n\t\t\t\t<\/div>\n\t\t\t\t<div class=\"wd-carousel-item\">\n\t\t\t\t\t<div id=\"wd-68dae2c1194e2\" class=\"wd-image wd-wpb wd-rs-68dae2c1194e2 text-center vc_custom_1759175370790 photoswipe-images\">\n\t\t\t\t\t\t\t<a href=\"https:\/\/oregonprotectpro.com\/wp-content\/uploads\/695651_ProtectPro_Jacket-OB_ChestPocket_1600.jpg\"  data-width=\"1600\" data-height=\"1600\">\n\t\t\t\n\t\t\t<img loading=\"lazy\" decoding=\"async\" width=\"1600\" height=\"1600\" src=\"https:\/\/oregonprotectpro.com\/wp-content\/uploads\/695651_ProtectPro_Jacket-OB_ChestPocket_1600.jpg\" class=\"attachment-full size-full\" alt=\"\" srcset=\"https:\/\/oregonprotectpro.com\/wp-content\/uploads\/695651_ProtectPro_Jacket-OB_ChestPocket_1600.jpg 1600w, https:\/\/oregonprotectpro.com\/wp-content\/uploads\/695651_ProtectPro_Jacket-OB_ChestPocket_1600-600x600.jpg 600w, https:\/\/oregonprotectpro.com\/wp-content\/uploads\/695651_ProtectPro_Jacket-OB_ChestPocket_1600-150x150.jpg 150w, https:\/\/oregonprotectpro.com\/wp-content\/uploads\/695651_ProtectPro_Jacket-OB_ChestPocket_1600-1024x1024.jpg 1024w, https:\/\/oregonprotectpro.com\/wp-content\/uploads\/695651_ProtectPro_Jacket-OB_ChestPocket_1600-768x768.jpg 768w, https:\/\/oregonprotectpro.com\/wp-content\/uploads\/695651_ProtectPro_Jacket-OB_ChestPocket_1600-1536x1536.jpg 1536w\" sizes=\"auto, (max-width: 1600px) 100vw, 1600px\" \/>\n\t\t\t\t\t\t\t<\/a>\n\t\t\t\t\t<\/div>\n\t\t\n\t\t<div id=\"wd-68d41e3e25a4a\" class=\"title-wrapper wd-wpb wd-set-mb reset-last-child  wd-rs-68d41e3e25a4a wd-title-color-default wd-title-style-default text-center feature-title vc_custom_1758731848093 wd-underline-colored\">\n\t\t\t\n\t\t\t<div class=\"liner-continer\">\n\t\t\t\t<h4 class=\"woodmart-title-container title  wd-font-weight- wd-fontsize-m\" >5 stora fickor<\/h4>\n\t\t\t\t\t\t\t<\/div>\n\t\t\t\n\t\t\t\n\t\t\t\n\t\t<\/div>\n\t\t\n\t\t\t\t<div id=\"wd-68d177585feb0\" class=\"wd-text-block wd-wpb reset-last-child wd-rs-68d177585feb0 text-center vc_custom_1758558051681\">\n\t\t\t<p>2 fram: tillg\u00e4ngliga med verktygsb\u00e4lte eller sele, 1 br\u00f6st: rymmer A5-anteckningsbok, 1 \u00e4rm: praktisk f\u00f6r telefon eller pennor, 1 inv\u00e4ndig bak: f\u00f6r f\u00f6rsta hj\u00e4lpen-kit (ing\u00e5r ej) <\/p>\n\t\t<\/div>\n\t\t\t\t<\/div>\n\t\t\t\t<div class=\"wd-carousel-item\">\n\t\t\t\t\t<div id=\"wd-68dae2cd833f4\" class=\"wd-image wd-wpb wd-rs-68dae2cd833f4 text-center vc_custom_1759175383937 photoswipe-images\">\n\t\t\t\t\t\t\t<a href=\"https:\/\/oregonprotectpro.com\/wp-content\/uploads\/695651_ProtectPro_Jacket-OB_lifestyle2_1600.jpg\"  data-width=\"1600\" data-height=\"1600\">\n\t\t\t\n\t\t\t<img loading=\"lazy\" decoding=\"async\" width=\"1600\" height=\"1600\" src=\"https:\/\/oregonprotectpro.com\/wp-content\/uploads\/695651_ProtectPro_Jacket-OB_lifestyle2_1600.jpg\" class=\"attachment-full size-full\" alt=\"\" srcset=\"https:\/\/oregonprotectpro.com\/wp-content\/uploads\/695651_ProtectPro_Jacket-OB_lifestyle2_1600.jpg 1600w, https:\/\/oregonprotectpro.com\/wp-content\/uploads\/695651_ProtectPro_Jacket-OB_lifestyle2_1600-600x600.jpg 600w, https:\/\/oregonprotectpro.com\/wp-content\/uploads\/695651_ProtectPro_Jacket-OB_lifestyle2_1600-150x150.jpg 150w, https:\/\/oregonprotectpro.com\/wp-content\/uploads\/695651_ProtectPro_Jacket-OB_lifestyle2_1600-1024x1024.jpg 1024w, https:\/\/oregonprotectpro.com\/wp-content\/uploads\/695651_ProtectPro_Jacket-OB_lifestyle2_1600-768x768.jpg 768w, https:\/\/oregonprotectpro.com\/wp-content\/uploads\/695651_ProtectPro_Jacket-OB_lifestyle2_1600-1536x1536.jpg 1536w\" sizes=\"auto, (max-width: 1600px) 100vw, 1600px\" \/>\n\t\t\t\t\t\t\t<\/a>\n\t\t\t\t\t<\/div>\n\t\t\n\t\t<div id=\"wd-68d41e57e1ed7\" class=\"title-wrapper wd-wpb wd-set-mb reset-last-child  wd-rs-68d41e57e1ed7 wd-title-color-default wd-title-style-default text-center feature-title vc_custom_1758731871728 wd-underline-colored\">\n\t\t\t\n\t\t\t<div class=\"liner-continer\">\n\t\t\t\t<h4 class=\"woodmart-title-container title  wd-font-weight- wd-fontsize-m\" >Bekv\u00e4m &amp; justerbar<\/h4>\n\t\t\t\t\t\t\t<\/div>\n\t\t\t\n\t\t\t\n\t\t\t\n\t\t<\/div>\n\t\t\n\t\t\t\t<div id=\"wd-68d1776cadee5\" class=\"wd-text-block wd-wpb reset-last-child wd-rs-68d1776cadee5 text-center vc_custom_1758558069757\">\n\t\t\t<p>Manschetter har 4-v\u00e4gs stretch med kardborrekn\u00e4ppning; midjan anv\u00e4nder elastiska sn\u00f6ren med knappar; mjukfodrad krage med elastiskt sn\u00f6re h\u00e5ller skr\u00e4p ute och inkluderar dragkedjegarage<\/p>\n\t\t<\/div>\n\t\t\t\t<\/div>\n\t\t\t\t<div class=\"wd-carousel-item\">\n\t\t\t\t\t<div id=\"wd-68dae2d988306\" class=\"wd-image wd-wpb wd-rs-68dae2d988306 text-center vc_custom_1759175400811 photoswipe-images\">\n\t\t\t\t\t\t\t<a href=\"https:\/\/oregonprotectpro.com\/wp-content\/uploads\/695651_ProtectPro_Jacket-OB-Vest_Front-Iso_1600.jpg\"  data-width=\"1600\" data-height=\"1600\">\n\t\t\t\n\t\t\t<img loading=\"lazy\" decoding=\"async\" width=\"1600\" height=\"1600\" src=\"https:\/\/oregonprotectpro.com\/wp-content\/uploads\/695651_ProtectPro_Jacket-OB-Vest_Front-Iso_1600.jpg\" class=\"attachment-full size-full\" alt=\"\" srcset=\"https:\/\/oregonprotectpro.com\/wp-content\/uploads\/695651_ProtectPro_Jacket-OB-Vest_Front-Iso_1600.jpg 1600w, https:\/\/oregonprotectpro.com\/wp-content\/uploads\/695651_ProtectPro_Jacket-OB-Vest_Front-Iso_1600-600x600.jpg 600w, https:\/\/oregonprotectpro.com\/wp-content\/uploads\/695651_ProtectPro_Jacket-OB-Vest_Front-Iso_1600-150x150.jpg 150w, https:\/\/oregonprotectpro.com\/wp-content\/uploads\/695651_ProtectPro_Jacket-OB-Vest_Front-Iso_1600-1024x1024.jpg 1024w, https:\/\/oregonprotectpro.com\/wp-content\/uploads\/695651_ProtectPro_Jacket-OB-Vest_Front-Iso_1600-768x768.jpg 768w, https:\/\/oregonprotectpro.com\/wp-content\/uploads\/695651_ProtectPro_Jacket-OB-Vest_Front-Iso_1600-1536x1536.jpg 1536w\" sizes=\"auto, (max-width: 1600px) 100vw, 1600px\" \/>\n\t\t\t\t\t\t\t<\/a>\n\t\t\t\t\t<\/div>\n\t\t\n\t\t<div id=\"wd-68d41e4a6c71a\" class=\"title-wrapper wd-wpb wd-set-mb reset-last-child  wd-rs-68d41e4a6c71a wd-title-color-default wd-title-style-default text-center feature-title vc_custom_1758731861432 wd-underline-colored\">\n\t\t\t\n\t\t\t<div class=\"liner-continer\">\n\t\t\t\t<h4 class=\"woodmart-title-container title  wd-font-weight- wd-fontsize-m\" >Hel\u00e5rsjacka &amp; konverteras till v\u00e4st<\/h4>\n\t\t\t\t\t\t\t<\/div>\n\t\t\t\n\t\t\t\n\t\t\t\n\t\t<\/div>\n\t\t\n\t\t\t\t<div id=\"wd-68d1778f44012\" class=\"wd-text-block wd-wpb reset-last-child wd-rs-68d1778f44012 text-center vc_custom_1758558106988\">\n\t\t\t<p>Zippa av de avtagbara \u00e4rmarna f\u00f6r att b\u00e4ra som v\u00e4st, inkluderar ventilerad rygg med inv\u00e4ndigt n\u00e4t f\u00f6r att h\u00e5lla skr\u00e4p ute<\/p>\n\t\t<\/div>\n\t\t\t\t<\/div>\n\t\t\t\t\t\t\t\t<\/div>\n\t\t\t\t\t<\/div>\n\t\t\t\t\t\t\t\t\t\t\t\t\t<div class=\"wd-nav-arrows wd-pos-sep wd-hover-1 wd-icon-1\">\n\t\t\t<div class=\"wd-btn-arrow wd-prev wd-disabled\">\n\t\t\t\t<div class=\"wd-arrow-inner\"><\/div>\n\t\t\t<\/div>\n\t\t\t<div class=\"wd-btn-arrow wd-next\">\n\t\t\t\t<div class=\"wd-arrow-inner\"><\/div>\n\t\t\t<\/div>\n\t\t<\/div>\n\t\t\t\t\t\t\t\t\t\t\t<\/div>\n\n\t\t\t\t\t\t<div class=\"wd-nav-pagin-wrap text-center wd-style-shape\">\n\t\t\t<ul class=\"wd-nav-pagin\"><\/ul>\n\t\t<\/div>\n\t\t\t\t\t\t\t\t\t<\/div>\n\t\t[\/vc_column][\/vc_row]<\/p>\n<\/div>","protected":false},"excerpt":{"rendered":"<p>[vc_row css=&#8221;.vc_custom_1758577763352{margin-top: -25px !important;padding-top: 0px !important;}&#8221; woodmart_css_id=&#8221;68d1c45de8cd4&#8243; responsive_spacing=&#8221;eyJwYXJhbV90eXBlIjoid29vZG1hcnRfcmVzcG9uc2l2ZV9zcGFjaW5nIiwic2VsZWN0b3JfaWQiOiI2OGQxYzQ1ZGU4Y2Q0Iiwic2hvcnRjb2RlIjoidmNfcm93IiwiZGF0YSI6eyJ0YWJsZXQiOnt9LCJtb2JpbGUiOnt9fX0=&#8221; mobile_bg_img_hidden=&#8221;no&#8221; tablet_bg_img_hidden=&#8221;no&#8221; woodmart_parallax=&#8221;0&#8243; woodmart_gradient_switch=&#8221;no&#8221; woodmart_box_shadow=&#8221;no&#8221; wd_z_index=&#8221;no&#8221; woodmart_disable_overflow=&#8221;0&#8243; row_reverse_mobile=&#8221;0&#8243; row_reverse_tablet=&#8221;0&#8243;][vc_column woodmart_text_align=&#8221;center&#8221; woodmart_css_id=&#8221;68dac32452fa0&#8243; parallax_scroll=&#8221;no&#8221;<\/p>\n","protected":false},"featured_media":14800,"template":"","meta":[],"product_brand":[],"product_cat":[77],"product_tag":[],"class_list":{"0":"post-14802","1":"product","2":"type-product","3":"status-publish","4":"has-post-thumbnail","6":"product_cat-jacka","8":"first","9":"instock","10":"shipping-taxable","11":"product-type-simple"},"_links":{"self":[{"href":"https:\/\/oregonprotectpro.com\/sv\/wp-json\/wp\/v2\/product\/14802","targetHints":{"allow":["GET"]}}],"collection":[{"href":"https:\/\/oregonprotectpro.com\/sv\/wp-json\/wp\/v2\/product"}],"about":[{"href":"https:\/\/oregonprotectpro.com\/sv\/wp-json\/wp\/v2\/types\/product"}],"wp:featuredmedia":[{"embeddable":true,"href":"https:\/\/oregonprotectpro.com\/sv\/wp-json\/wp\/v2\/media\/14800"}],"wp:attachment":[{"href":"https:\/\/oregonprotectpro.com\/sv\/wp-json\/wp\/v2\/media?parent=14802"}],"wp:term":[{"taxonomy":"product_brand","embeddable":true,"href":"https:\/\/oregonprotectpro.com\/sv\/wp-json\/wp\/v2\/product_brand?post=14802"},{"taxonomy":"product_cat","embeddable":true,"href":"https:\/\/oregonprotectpro.com\/sv\/wp-json\/wp\/v2\/product_cat?post=14802"},{"taxonomy":"product_tag","embeddable":true,"href":"https:\/\/oregonprotectpro.com\/sv\/wp-json\/wp\/v2\/product_tag?post=14802"}],"curies":[{"name":"wp","href":"https:\/\/api.w.org\/{rel}","templated":true}]}}