{"id":14809,"date":"2025-09-29T19:35:37","date_gmt":"2025-09-29T19:35:37","guid":{"rendered":"https:\/\/oregonprotedev.wpenginepowered.com\/products\/uncategorized\/protect-pro-byxor-2\/"},"modified":"2026-03-05T15:43:25","modified_gmt":"2026-03-05T15:43:25","slug":"protect-pro-byxor-2","status":"publish","type":"product","link":"https:\/\/oregonprotectpro.com\/sv\/products\/byxor\/protect-pro-byxor-2\/","title":{"rendered":"Protect PRO Byxor"},"content":{"rendered":"<div class=\"wpb-content-wrapper\"><p>[vc_row css=&#8221;.vc_custom_1758577763352{margin-top: -25px !important;padding-top: 0px !important;}&#8221; woodmart_css_id=&#8221;68d1c45de8cd4&#8243; responsive_spacing=&#8221;eyJwYXJhbV90eXBlIjoid29vZG1hcnRfcmVzcG9uc2l2ZV9zcGFjaW5nIiwic2VsZWN0b3JfaWQiOiI2OGQxYzQ1ZGU4Y2Q0Iiwic2hvcnRjb2RlIjoidmNfcm93IiwiZGF0YSI6eyJ0YWJsZXQiOnt9LCJtb2JpbGUiOnt9fX0=&#8221; mobile_bg_img_hidden=&#8221;no&#8221; tablet_bg_img_hidden=&#8221;no&#8221; woodmart_parallax=&#8221;0&#8243; woodmart_gradient_switch=&#8221;no&#8221; woodmart_box_shadow=&#8221;no&#8221; wd_z_index=&#8221;no&#8221; woodmart_disable_overflow=&#8221;0&#8243; row_reverse_mobile=&#8221;0&#8243; row_reverse_tablet=&#8221;0&#8243;][vc_column woodmart_text_align=&#8221;center&#8221; woodmart_css_id=&#8221;68dac32452fa0&#8243; parallax_scroll=&#8221;no&#8221; woodmart_sticky_column=&#8221;false&#8221; wd_collapsible_content_switcher=&#8221;no&#8221; wd_column_role_offcanvas_desktop=&#8221;no&#8221; wd_column_role_offcanvas_tablet=&#8221;no&#8221; wd_column_role_offcanvas_mobile=&#8221;no&#8221; wd_column_role_content_desktop=&#8221;no&#8221; wd_column_role_content_tablet=&#8221;no&#8221; wd_column_role_content_mobile=&#8221;no&#8221; mobile_bg_img_hidden=&#8221;no&#8221; tablet_bg_img_hidden=&#8221;no&#8221; woodmart_parallax=&#8221;0&#8243; woodmart_box_shadow=&#8221;no&#8221; responsive_spacing=&#8221;eyJwYXJhbV90eXBlIjoid29vZG1hcnRfcmVzcG9uc2l2ZV9zcGFjaW5nIiwic2VsZWN0b3JfaWQiOiI2OGRhYzMyNDUyZmEwIiwic2hvcnRjb2RlIjoidmNfY29sdW1uIiwiZGF0YSI6eyJ0YWJsZXQiOnt9LCJtb2JpbGUiOnt9fX0=&#8221; mobile_reset_margin=&#8221;no&#8221; tablet_reset_margin=&#8221;no&#8221; wd_z_index=&#8221;no&#8221;]\t\t\t<div id=\"wd-rs-68d420b748ed4\" class=\"wd-nested-carousel wd-carousel-container wd-rs-68d420b748ed4 wd-wpb vc_custom_1758732478693\">\n\t\t\t\t<div class=\"wd-carousel-inner\">\n\t\t\t\t\t<div class=\"wd-carousel wd-grid scroll-init\" data-wrap=\"yes\" style=\"--wd-col-lg:6;--wd-col-md:2.5;--wd-col-sm:1;--wd-gap-lg:20px;--wd-gap-sm:10px;\">\n\t\t\t\t\t\t<div class=\"wd-carousel-wrap\">\n\t\t\t\t\t\t\t\t\t<div class=\"wd-carousel-item\">\n\t\t\t\t\t<div id=\"wd-68dac8bb9db35\" class=\"wd-image wd-wpb wd-rs-68dac8bb9db35 text-center vc_custom_1759168704122 photoswipe-images\">\n\t\t\t\t\t\t\t<a href=\"https:\/\/oregonprotectpro.com\/wp-content\/uploads\/665100_ProtectPro_Boot_Hook_1600.jpg\"  data-width=\"1600\" data-height=\"1600\">\n\t\t\t\n\t\t\t<img loading=\"lazy\" decoding=\"async\" width=\"1600\" height=\"1600\" src=\"https:\/\/oregonprotectpro.com\/wp-content\/uploads\/665100_ProtectPro_Boot_Hook_1600.jpg\" class=\"attachment-full size-full\" alt=\"\" srcset=\"https:\/\/oregonprotectpro.com\/wp-content\/uploads\/665100_ProtectPro_Boot_Hook_1600.jpg 1600w, https:\/\/oregonprotectpro.com\/wp-content\/uploads\/665100_ProtectPro_Boot_Hook_1600-600x600.jpg 600w, https:\/\/oregonprotectpro.com\/wp-content\/uploads\/665100_ProtectPro_Boot_Hook_1600-150x150.jpg 150w, https:\/\/oregonprotectpro.com\/wp-content\/uploads\/665100_ProtectPro_Boot_Hook_1600-1024x1024.jpg 1024w, https:\/\/oregonprotectpro.com\/wp-content\/uploads\/665100_ProtectPro_Boot_Hook_1600-768x768.jpg 768w, https:\/\/oregonprotectpro.com\/wp-content\/uploads\/665100_ProtectPro_Boot_Hook_1600-1536x1536.jpg 1536w\" sizes=\"auto, (max-width: 1600px) 100vw, 1600px\" \/>\n\t\t\t\t\t\t\t<\/a>\n\t\t\t\t\t<\/div>\n\t\t\n\t\t<div id=\"wd-68dac6cc3f672\" class=\"title-wrapper wd-wpb wd-set-mb reset-last-child  wd-rs-68dac6cc3f672 wd-title-color-default wd-title-style-default text-center feature-title vc_custom_1759168222096 wd-underline-colored\">\n\t\t\t\n\t\t\t<div class=\"liner-continer\">\n\t\t\t\t<h4 class=\"woodmart-title-container title  wd-font-weight- wd-fontsize-m\" >Sitter p\u00e5 plats, skr\u00e4pfri<\/h4>\n\t\t\t\t\t\t\t<\/div>\n\t\t\t\n\t\t\t\n\t\t\t\n\t\t<\/div>\n\t\t\n\t\t\t\t<div id=\"wd-68dac71a13075\" class=\"wd-text-block wd-wpb reset-last-child wd-rs-68dac71a13075 text-center vc_custom_1759168284521\">\n\t\t\t<p>Inv\u00e4ndiga st\u00f6veldamasker med elastiskt grepp h\u00e5ller skr\u00e4p och v\u00e4der ute. Extra st\u00f6velkrok p\u00e5 utsidan f\u00e4ster damasker vid st\u00f6velsn\u00f6ren.<\/p>\n\t\t<\/div>\n\t\t\t\t<\/div>\n\t\t\t\t<div class=\"wd-carousel-item\">\n\t\t\t\t\t<div id=\"wd-68dae0755532a\" class=\"wd-image wd-wpb wd-rs-68dae0755532a text-center vc_custom_1759174791056 photoswipe-images\">\n\t\t\t\t\t\t\t<a href=\"https:\/\/oregonprotectpro.com\/wp-content\/uploads\/695601_ProtectPro_Trousers-OB_Knee_1600.jpg\"  data-width=\"1600\" data-height=\"1600\">\n\t\t\t\n\t\t\t<img loading=\"lazy\" decoding=\"async\" width=\"1600\" height=\"1600\" src=\"https:\/\/oregonprotectpro.com\/wp-content\/uploads\/695601_ProtectPro_Trousers-OB_Knee_1600.jpg\" class=\"attachment-full size-full\" alt=\"\" srcset=\"https:\/\/oregonprotectpro.com\/wp-content\/uploads\/695601_ProtectPro_Trousers-OB_Knee_1600.jpg 1600w, https:\/\/oregonprotectpro.com\/wp-content\/uploads\/695601_ProtectPro_Trousers-OB_Knee_1600-600x600.jpg 600w, https:\/\/oregonprotectpro.com\/wp-content\/uploads\/695601_ProtectPro_Trousers-OB_Knee_1600-150x150.jpg 150w, https:\/\/oregonprotectpro.com\/wp-content\/uploads\/695601_ProtectPro_Trousers-OB_Knee_1600-1024x1024.jpg 1024w, https:\/\/oregonprotectpro.com\/wp-content\/uploads\/695601_ProtectPro_Trousers-OB_Knee_1600-768x768.jpg 768w, https:\/\/oregonprotectpro.com\/wp-content\/uploads\/695601_ProtectPro_Trousers-OB_Knee_1600-1536x1536.jpg 1536w\" sizes=\"auto, (max-width: 1600px) 100vw, 1600px\" \/>\n\t\t\t\t\t\t\t<\/a>\n\t\t\t\t\t<\/div>\n\t\t\n\t\t<div id=\"wd-68dac6fdb47b1\" class=\"title-wrapper wd-wpb wd-set-mb reset-last-child  wd-rs-68dac6fdb47b1 wd-title-color-default wd-title-style-default text-center feature-title vc_custom_1759168270349 wd-underline-colored\">\n\t\t\t\n\t\t\t<div class=\"liner-continer\">\n\t\t\t\t<h4 class=\"woodmart-title-container title  wd-font-weight- wd-fontsize-m\" >B\u00e4ttre flexibilitet &amp; exceptionell h\u00e5llbarhet<\/h4>\n\t\t\t\t\t\t\t<\/div>\n\t\t\t\n\t\t\t\n\t\t\t\n\t\t<\/div>\n\t\t\n\t\t\t\t<div id=\"wd-68dac7108dee3\" class=\"wd-text-block wd-wpb reset-last-child wd-rs-68dac7108dee3 text-center vc_custom_1759168280484\">\n\t\t\t<p>Veckade kn\u00e4n f\u00f6r maximal flexibilitet och h\u00e5llbart, vattent\u00e4tt tyg i omr\u00e5den med h\u00f6g n\u00f6tning, inklusive kn\u00e4n och vrister, ger exceptionell n\u00f6tningsbest\u00e4ndighet<\/p>\n\t\t<\/div>\n\t\t\t\t<\/div>\n\t\t\t\t<div class=\"wd-carousel-item\">\n\t\t\t\t\t<div id=\"wd-68dae089d8f35\" class=\"wd-image wd-wpb wd-rs-68dae089d8f35 text-center vc_custom_1759174804886 photoswipe-images\">\n\t\t\t\t\t\t\t<a href=\"https:\/\/oregonprotectpro.com\/wp-content\/uploads\/695601_ProtectPro_Trousers-OB_Lifestyle_1600.jpg\"  data-width=\"1600\" data-height=\"1600\">\n\t\t\t\n\t\t\t<img loading=\"lazy\" decoding=\"async\" width=\"1600\" height=\"1600\" src=\"https:\/\/oregonprotectpro.com\/wp-content\/uploads\/695601_ProtectPro_Trousers-OB_Lifestyle_1600.jpg\" class=\"attachment-full size-full\" alt=\"\" srcset=\"https:\/\/oregonprotectpro.com\/wp-content\/uploads\/695601_ProtectPro_Trousers-OB_Lifestyle_1600.jpg 1600w, https:\/\/oregonprotectpro.com\/wp-content\/uploads\/695601_ProtectPro_Trousers-OB_Lifestyle_1600-600x600.jpg 600w, https:\/\/oregonprotectpro.com\/wp-content\/uploads\/695601_ProtectPro_Trousers-OB_Lifestyle_1600-150x150.jpg 150w, https:\/\/oregonprotectpro.com\/wp-content\/uploads\/695601_ProtectPro_Trousers-OB_Lifestyle_1600-1024x1024.jpg 1024w, https:\/\/oregonprotectpro.com\/wp-content\/uploads\/695601_ProtectPro_Trousers-OB_Lifestyle_1600-768x768.jpg 768w, https:\/\/oregonprotectpro.com\/wp-content\/uploads\/695601_ProtectPro_Trousers-OB_Lifestyle_1600-1536x1536.jpg 1536w\" sizes=\"auto, (max-width: 1600px) 100vw, 1600px\" \/>\n\t\t\t\t\t\t\t<\/a>\n\t\t\t\t\t<\/div>\n\t\t\n\t\t<div id=\"wd-68dac71f7fbc9\" class=\"title-wrapper wd-wpb wd-set-mb reset-last-child  wd-rs-68dac71f7fbc9 wd-title-color-default wd-title-style-default text-center feature-title vc_custom_1759168304696 wd-underline-colored\">\n\t\t\t\n\t\t\t<div class=\"liner-continer\">\n\t\t\t\t<h4 class=\"woodmart-title-container title  wd-font-weight- wd-fontsize-m\" >S\u00e5gskydd med varselskydd<\/h4>\n\t\t\t\t\t\t\t<\/div>\n\t\t\t\n\t\t\t\n\t\t\t\n\t\t<\/div>\n\t\t\n\t\t\t\t<div id=\"wd-68dac73960c7a\" class=\"wd-text-block wd-wpb reset-last-child wd-rs-68dac73960c7a text-center vc_custom_1759168317745\">\n\t\t\t<p>ForestXFiber\u2122-teknologi ger s\u00e5gskydd (EN ISO 11393-2 Klass 1 20m\/s), och reflexband samt ljusa varself\u00e4rger \u00f6kar synligheten<\/p>\n\t\t<\/div>\n\t\t\t\t<\/div>\n\t\t\t\t<div class=\"wd-carousel-item\">\n\t\t\t\t\t<div id=\"wd-68dae098ee6b2\" class=\"wd-image wd-wpb wd-rs-68dae098ee6b2 text-center vc_custom_1759174819193 photoswipe-images\">\n\t\t\t\t\t\t\t<a href=\"https:\/\/oregonprotectpro.com\/wp-content\/uploads\/695601_ProtectPro_Trousers-OB_pocket-1600.jpg\"  data-width=\"1600\" data-height=\"1600\">\n\t\t\t\n\t\t\t<img loading=\"lazy\" decoding=\"async\" width=\"1600\" height=\"1600\" src=\"https:\/\/oregonprotectpro.com\/wp-content\/uploads\/695601_ProtectPro_Trousers-OB_pocket-1600.jpg\" class=\"attachment-full size-full\" alt=\"\" srcset=\"https:\/\/oregonprotectpro.com\/wp-content\/uploads\/695601_ProtectPro_Trousers-OB_pocket-1600.jpg 1600w, https:\/\/oregonprotectpro.com\/wp-content\/uploads\/695601_ProtectPro_Trousers-OB_pocket-1600-600x600.jpg 600w, https:\/\/oregonprotectpro.com\/wp-content\/uploads\/695601_ProtectPro_Trousers-OB_pocket-1600-150x150.jpg 150w, https:\/\/oregonprotectpro.com\/wp-content\/uploads\/695601_ProtectPro_Trousers-OB_pocket-1600-1024x1024.jpg 1024w, https:\/\/oregonprotectpro.com\/wp-content\/uploads\/695601_ProtectPro_Trousers-OB_pocket-1600-768x768.jpg 768w, https:\/\/oregonprotectpro.com\/wp-content\/uploads\/695601_ProtectPro_Trousers-OB_pocket-1600-1536x1536.jpg 1536w\" sizes=\"auto, (max-width: 1600px) 100vw, 1600px\" \/>\n\t\t\t\t\t\t\t<\/a>\n\t\t\t\t\t<\/div>\n\t\t\n\t\t<div id=\"wd-68dac7400f4a1\" class=\"title-wrapper wd-wpb wd-set-mb reset-last-child  wd-rs-68dac7400f4a1 wd-title-color-default wd-title-style-default text-center feature-title vc_custom_1759168343468 wd-underline-colored\">\n\t\t\t\n\t\t\t<div class=\"liner-continer\">\n\t\t\t\t<h4 class=\"woodmart-title-container title  wd-font-weight- wd-fontsize-m\" >4 stora fickor och l\u00e5ngvariga &apos;omv\u00e4nda&apos; dragkedjor<\/h4>\n\t\t\t\t\t\t\t<\/div>\n\t\t\t\n\t\t\t\n\t\t\t\n\t\t<\/div>\n\t\t\n\t\t\t\t<div id=\"wd-68dac766609c0\" class=\"wd-text-block wd-wpb reset-last-child wd-rs-68dac766609c0 text-center vc_custom_1759168366556\">\n\t\t\t<p>2 dragkedjefickor vid h\u00f6fterna, 1 dragkedjeficka p\u00e5 benet med telefonfack, 1 sidoverktygsficka med flik f\u00f6r att h\u00e5lla s\u00e5gsp\u00e5n ute, extra h\u00e5l och elastiskt sn\u00f6re f\u00f6r att h\u00e5lla kombinyckeln. &#8217;Omv\u00e4nda dragkedjor&#8217; f\u00f6rhindrar att smuts och k\u00e5da t\u00e4pper till t\u00e4nderna; inkluderar l\u00e4ttgreppat draghandtag.<\/p>\n\t\t<\/div>\n\t\t\t\t<\/div>\n\t\t\t\t<div class=\"wd-carousel-item\">\n\t\t\t\t\t<div id=\"wd-68dae0a9a0ac7\" class=\"wd-image wd-wpb wd-rs-68dae0a9a0ac7 text-center vc_custom_1759174835364 photoswipe-images\">\n\t\t\t\t\t\t\t<a href=\"https:\/\/oregonprotectpro.com\/wp-content\/uploads\/695601_ProtectPro_Trousers-OB_Back-detail_1600.jpg\"  data-width=\"1600\" data-height=\"1600\">\n\t\t\t\n\t\t\t<img loading=\"lazy\" decoding=\"async\" width=\"1600\" height=\"1600\" src=\"https:\/\/oregonprotectpro.com\/wp-content\/uploads\/695601_ProtectPro_Trousers-OB_Back-detail_1600.jpg\" class=\"attachment-full size-full\" alt=\"\" srcset=\"https:\/\/oregonprotectpro.com\/wp-content\/uploads\/695601_ProtectPro_Trousers-OB_Back-detail_1600.jpg 1600w, https:\/\/oregonprotectpro.com\/wp-content\/uploads\/695601_ProtectPro_Trousers-OB_Back-detail_1600-600x600.jpg 600w, https:\/\/oregonprotectpro.com\/wp-content\/uploads\/695601_ProtectPro_Trousers-OB_Back-detail_1600-150x150.jpg 150w, https:\/\/oregonprotectpro.com\/wp-content\/uploads\/695601_ProtectPro_Trousers-OB_Back-detail_1600-1024x1024.jpg 1024w, https:\/\/oregonprotectpro.com\/wp-content\/uploads\/695601_ProtectPro_Trousers-OB_Back-detail_1600-768x768.jpg 768w, https:\/\/oregonprotectpro.com\/wp-content\/uploads\/695601_ProtectPro_Trousers-OB_Back-detail_1600-1536x1536.jpg 1536w\" sizes=\"auto, (max-width: 1600px) 100vw, 1600px\" \/>\n\t\t\t\t\t\t\t<\/a>\n\t\t\t\t\t<\/div>\n\t\t\n\t\t<div id=\"wd-68dac775290b8\" class=\"title-wrapper wd-wpb wd-set-mb reset-last-child  wd-rs-68dac775290b8 wd-title-color-default wd-title-style-default text-center feature-title vc_custom_1759168382199 wd-underline-colored\">\n\t\t\t\n\t\t\t<div class=\"liner-continer\">\n\t\t\t\t<h4 class=\"woodmart-title-container title  wd-font-weight- wd-fontsize-m\" >H\u00e4ngslen, b\u00e4lten &amp; mer<\/h4>\n\t\t\t\t\t\t\t<\/div>\n\t\t\t\n\t\t\t\n\t\t\t\n\t\t<\/div>\n\t\t\n\t\t\t\t<div id=\"wd-68dac783217bf\" class=\"wd-text-block wd-wpb reset-last-child wd-rs-68dac783217bf text-center vc_custom_1759168392567\">\n\t\t\t<p>Justerbar midja med integrerade h\u00e4ngselslingor (2 fram och 1 bak) och 5 extra f\u00f6rst\u00e4rkta breda b\u00e4ltesslingor; metall D-ring perfekt f\u00f6r att f\u00e4sta verktyg eller m\u00e4tband<\/p>\n\t\t<\/div>\n\t\t\t\t<\/div>\n\t\t\t\t<div class=\"wd-carousel-item\">\n\t\t\t\t\t<div id=\"wd-68dae0b59c830\" class=\"wd-image wd-wpb wd-rs-68dae0b59c830 text-center vc_custom_1759174846513 photoswipe-images\">\n\t\t\t\t\t\t\t<a href=\"https:\/\/oregonprotectpro.com\/wp-content\/uploads\/695601_ProtectPro_Trousers-OB_Back-VentsOpenCrop_1600.jpg\"  data-width=\"1600\" data-height=\"1600\">\n\t\t\t\n\t\t\t<img loading=\"lazy\" decoding=\"async\" width=\"1600\" height=\"1600\" src=\"https:\/\/oregonprotectpro.com\/wp-content\/uploads\/695601_ProtectPro_Trousers-OB_Back-VentsOpenCrop_1600.jpg\" class=\"attachment-full size-full\" alt=\"\" srcset=\"https:\/\/oregonprotectpro.com\/wp-content\/uploads\/695601_ProtectPro_Trousers-OB_Back-VentsOpenCrop_1600.jpg 1600w, https:\/\/oregonprotectpro.com\/wp-content\/uploads\/695601_ProtectPro_Trousers-OB_Back-VentsOpenCrop_1600-600x600.jpg 600w, https:\/\/oregonprotectpro.com\/wp-content\/uploads\/695601_ProtectPro_Trousers-OB_Back-VentsOpenCrop_1600-150x150.jpg 150w, https:\/\/oregonprotectpro.com\/wp-content\/uploads\/695601_ProtectPro_Trousers-OB_Back-VentsOpenCrop_1600-1024x1024.jpg 1024w, https:\/\/oregonprotectpro.com\/wp-content\/uploads\/695601_ProtectPro_Trousers-OB_Back-VentsOpenCrop_1600-768x768.jpg 768w, https:\/\/oregonprotectpro.com\/wp-content\/uploads\/695601_ProtectPro_Trousers-OB_Back-VentsOpenCrop_1600-1536x1536.jpg 1536w\" sizes=\"auto, (max-width: 1600px) 100vw, 1600px\" \/>\n\t\t\t\t\t\t\t<\/a>\n\t\t\t\t\t<\/div>\n\t\t\n\t\t<div id=\"wd-68dac78e7e11c\" class=\"title-wrapper wd-wpb wd-set-mb reset-last-child  wd-rs-68dac78e7e11c wd-title-color-default wd-title-style-default text-center feature-title vc_custom_1759168409199 wd-underline-colored\">\n\t\t\t\n\t\t\t<div class=\"liner-continer\">\n\t\t\t\t<h4 class=\"woodmart-title-container title  wd-font-weight- wd-fontsize-m\" >Ventilationsslitsar &amp; andningsbart tyg<\/h4>\n\t\t\t\t\t\t\t<\/div>\n\t\t\t\n\t\t\t\n\t\t\t\n\t\t<\/div>\n\t\t\n\t\t\t\t<div id=\"wd-68dac79ec42fd\" class=\"wd-text-block wd-wpb reset-last-child wd-rs-68dac79ec42fd text-center vc_custom_1759168421577\">\n\t\t\t<p>Stora dragkedjeslitsar f\u00f6r ventilation p\u00e5 baksidan av benen med inv\u00e4ndigt n\u00e4t f\u00f6r att h\u00e5lla skr\u00e4p ute; tillverkad med andningsbart jade-infuserat tyg, inklusive vattenavvisande framsida och 4-v\u00e4gs stretch baksida med s\u00f6ml\u00f6s Cordura\u2122-gren<\/p>\n\t\t<\/div>\n\t\t\t\t<\/div>\n\t\t\t\t\t\t\t\t<\/div>\n\t\t\t\t\t<\/div>\n\t\t\t\t\t\t\t\t\t\t\t\t\t<div class=\"wd-nav-arrows wd-pos-sep wd-hover-1 wd-icon-1\">\n\t\t\t<div class=\"wd-btn-arrow wd-prev wd-disabled\">\n\t\t\t\t<div class=\"wd-arrow-inner\"><\/div>\n\t\t\t<\/div>\n\t\t\t<div class=\"wd-btn-arrow wd-next\">\n\t\t\t\t<div class=\"wd-arrow-inner\"><\/div>\n\t\t\t<\/div>\n\t\t<\/div>\n\t\t\t\t\t\t\t\t\t\t\t<\/div>\n\n\t\t\t\t\t\t<div class=\"wd-nav-pagin-wrap text-center wd-style-shape\">\n\t\t\t<ul class=\"wd-nav-pagin\"><\/ul>\n\t\t<\/div>\n\t\t\t\t\t\t\t\t\t<\/div>\n\t\t[\/vc_column][\/vc_row]<\/p>\n<\/div>","protected":false},"excerpt":{"rendered":"<p>[vc_row css=&#8221;.vc_custom_1758577763352{margin-top: -25px !important;padding-top: 0px !important;}&#8221; woodmart_css_id=&#8221;68d1c45de8cd4&#8243; responsive_spacing=&#8221;eyJwYXJhbV90eXBlIjoid29vZG1hcnRfcmVzcG9uc2l2ZV9zcGFjaW5nIiwic2VsZWN0b3JfaWQiOiI2OGQxYzQ1ZGU4Y2Q0Iiwic2hvcnRjb2RlIjoidmNfcm93IiwiZGF0YSI6eyJ0YWJsZXQiOnt9LCJtb2JpbGUiOnt9fX0=&#8221; mobile_bg_img_hidden=&#8221;no&#8221; tablet_bg_img_hidden=&#8221;no&#8221; woodmart_parallax=&#8221;0&#8243; woodmart_gradient_switch=&#8221;no&#8221; woodmart_box_shadow=&#8221;no&#8221; wd_z_index=&#8221;no&#8221; woodmart_disable_overflow=&#8221;0&#8243; row_reverse_mobile=&#8221;0&#8243; row_reverse_tablet=&#8221;0&#8243;][vc_column woodmart_text_align=&#8221;center&#8221; woodmart_css_id=&#8221;68dac32452fa0&#8243; parallax_scroll=&#8221;no&#8221;<\/p>\n","protected":false},"featured_media":14540,"template":"","meta":[],"product_brand":[],"product_cat":[78],"product_tag":[],"class_list":{"0":"post-14809","1":"product","2":"type-product","3":"status-publish","4":"has-post-thumbnail","6":"product_cat-byxor","8":"first","9":"instock","10":"shipping-taxable","11":"product-type-simple"},"_links":{"self":[{"href":"https:\/\/oregonprotectpro.com\/sv\/wp-json\/wp\/v2\/product\/14809","targetHints":{"allow":["GET"]}}],"collection":[{"href":"https:\/\/oregonprotectpro.com\/sv\/wp-json\/wp\/v2\/product"}],"about":[{"href":"https:\/\/oregonprotectpro.com\/sv\/wp-json\/wp\/v2\/types\/product"}],"wp:featuredmedia":[{"embeddable":true,"href":"https:\/\/oregonprotectpro.com\/sv\/wp-json\/wp\/v2\/media\/14540"}],"wp:attachment":[{"href":"https:\/\/oregonprotectpro.com\/sv\/wp-json\/wp\/v2\/media?parent=14809"}],"wp:term":[{"taxonomy":"product_brand","embeddable":true,"href":"https:\/\/oregonprotectpro.com\/sv\/wp-json\/wp\/v2\/product_brand?post=14809"},{"taxonomy":"product_cat","embeddable":true,"href":"https:\/\/oregonprotectpro.com\/sv\/wp-json\/wp\/v2\/product_cat?post=14809"},{"taxonomy":"product_tag","embeddable":true,"href":"https:\/\/oregonprotectpro.com\/sv\/wp-json\/wp\/v2\/product_tag?post=14809"}],"curies":[{"name":"wp","href":"https:\/\/api.w.org\/{rel}","templated":true}]}}