{"id":14815,"date":"2025-09-29T19:02:00","date_gmt":"2025-09-29T19:02:00","guid":{"rendered":"https:\/\/oregonprotedev.wpenginepowered.com\/products\/uncategorized\/protect-pro-handskar-2\/"},"modified":"2026-03-05T15:43:27","modified_gmt":"2026-03-05T15:43:27","slug":"protect-pro-handskar-2","status":"publish","type":"product","link":"https:\/\/oregonprotectpro.com\/sv\/products\/handskar\/protect-pro-handskar-2\/","title":{"rendered":"Protect PRO Handskar"},"content":{"rendered":"<div class=\"wpb-content-wrapper\"><p>[vc_row css=&#8221;.vc_custom_1758577763352{margin-top: -25px !important;padding-top: 0px !important;}&#8221; woodmart_css_id=&#8221;68d1c45de8cd4&#8243; responsive_spacing=&#8221;eyJwYXJhbV90eXBlIjoid29vZG1hcnRfcmVzcG9uc2l2ZV9zcGFjaW5nIiwic2VsZWN0b3JfaWQiOiI2OGQxYzQ1ZGU4Y2Q0Iiwic2hvcnRjb2RlIjoidmNfcm93IiwiZGF0YSI6eyJ0YWJsZXQiOnt9LCJtb2JpbGUiOnt9fX0=&#8221; mobile_bg_img_hidden=&#8221;no&#8221; tablet_bg_img_hidden=&#8221;no&#8221; woodmart_parallax=&#8221;0&#8243; woodmart_gradient_switch=&#8221;no&#8221; woodmart_box_shadow=&#8221;no&#8221; wd_z_index=&#8221;no&#8221; woodmart_disable_overflow=&#8221;0&#8243; row_reverse_mobile=&#8221;0&#8243; row_reverse_tablet=&#8221;0&#8243;][vc_column woodmart_text_align=&#8221;center&#8221; woodmart_css_id=&#8221;68dac33e2e6ac&#8221; parallax_scroll=&#8221;no&#8221; woodmart_sticky_column=&#8221;false&#8221; wd_collapsible_content_switcher=&#8221;no&#8221; wd_column_role_offcanvas_desktop=&#8221;no&#8221; wd_column_role_offcanvas_tablet=&#8221;no&#8221; wd_column_role_offcanvas_mobile=&#8221;no&#8221; wd_column_role_content_desktop=&#8221;no&#8221; wd_column_role_content_tablet=&#8221;no&#8221; wd_column_role_content_mobile=&#8221;no&#8221; mobile_bg_img_hidden=&#8221;no&#8221; tablet_bg_img_hidden=&#8221;no&#8221; woodmart_parallax=&#8221;0&#8243; woodmart_box_shadow=&#8221;no&#8221; responsive_spacing=&#8221;eyJwYXJhbV90eXBlIjoid29vZG1hcnRfcmVzcG9uc2l2ZV9zcGFjaW5nIiwic2VsZWN0b3JfaWQiOiI2OGRhYzMzZTJlNmFjIiwic2hvcnRjb2RlIjoidmNfY29sdW1uIiwiZGF0YSI6eyJ0YWJsZXQiOnt9LCJtb2JpbGUiOnt9fX0=&#8221; mobile_reset_margin=&#8221;no&#8221; tablet_reset_margin=&#8221;no&#8221; wd_z_index=&#8221;no&#8221;]\t\t\t<div id=\"wd-rs-68dac35ca646f\" class=\"wd-nested-carousel wd-carousel-container wd-rs-68dac35ca646f wd-wpb vc_custom_1759167334792\">\n\t\t\t\t<div class=\"wd-carousel-inner\">\n\t\t\t\t\t<div class=\"wd-carousel wd-grid scroll-init\" data-wrap=\"yes\" style=\"--wd-col-lg:4;--wd-col-md:2.5;--wd-col-sm:1;--wd-gap-lg:20px;--wd-gap-sm:10px;\">\n\t\t\t\t\t\t<div class=\"wd-carousel-wrap\">\n\t\t\t\t\t\t\t\t\t<div class=\"wd-carousel-item\">\n\t\t\t\t\t<div id=\"wd-68dade8c52dc2\" class=\"wd-image wd-wpb wd-rs-68dade8c52dc2 text-center vc_custom_1759174310511 photoswipe-images\">\n\t\t\t\t\t\t\t<a href=\"https:\/\/oregonprotectpro.com\/wp-content\/uploads\/650301_ProtectPro_Gloves-OB-lifestyle_1600.jpg\"  data-width=\"1600\" data-height=\"1600\">\n\t\t\t\n\t\t\t<img loading=\"lazy\" decoding=\"async\" width=\"1600\" height=\"1600\" src=\"https:\/\/oregonprotectpro.com\/wp-content\/uploads\/650301_ProtectPro_Gloves-OB-lifestyle_1600.jpg\" class=\"attachment-full size-full\" alt=\"\" srcset=\"https:\/\/oregonprotectpro.com\/wp-content\/uploads\/650301_ProtectPro_Gloves-OB-lifestyle_1600.jpg 1600w, https:\/\/oregonprotectpro.com\/wp-content\/uploads\/650301_ProtectPro_Gloves-OB-lifestyle_1600-600x600.jpg 600w, https:\/\/oregonprotectpro.com\/wp-content\/uploads\/650301_ProtectPro_Gloves-OB-lifestyle_1600-150x150.jpg 150w, https:\/\/oregonprotectpro.com\/wp-content\/uploads\/650301_ProtectPro_Gloves-OB-lifestyle_1600-1024x1024.jpg 1024w, https:\/\/oregonprotectpro.com\/wp-content\/uploads\/650301_ProtectPro_Gloves-OB-lifestyle_1600-768x768.jpg 768w, https:\/\/oregonprotectpro.com\/wp-content\/uploads\/650301_ProtectPro_Gloves-OB-lifestyle_1600-1536x1536.jpg 1536w\" sizes=\"auto, (max-width: 1600px) 100vw, 1600px\" \/>\n\t\t\t\t\t\t\t<\/a>\n\t\t\t\t\t<\/div>\n\t\t\n\t\t<div id=\"wd-68dac37704b8e\" class=\"title-wrapper wd-wpb wd-set-mb reset-last-child  wd-rs-68dac37704b8e wd-title-color-default wd-title-style-default text-center feature-title vc_custom_1759167356888 wd-underline-colored\">\n\t\t\t\n\t\t\t<div class=\"liner-continer\">\n\t\t\t\t<h4 class=\"woodmart-title-container title  wd-font-weight- wd-fontsize-m\" >S\u00e5gskydd med varselskydd<\/h4>\n\t\t\t\t\t\t\t<\/div>\n\t\t\t\n\t\t\t\n\t\t\t\n\t\t<\/div>\n\t\t\n\t\t\t\t<div id=\"wd-68dac1decb5d4\" class=\"wd-text-block wd-wpb reset-last-child wd-rs-68dac1decb5d4 text-center vc_custom_1759166956713\">\n\t\t\t<p>ForestXFiber\u2122-teknologi ger s\u00e5gskydd f\u00f6r v\u00e4nster hand (EN ISO 11393-4:2019 Klass O (16m\/s)), och reflexband samt ljusa varself\u00e4rger \u00f6kar synligheten<\/p>\n\t\t<\/div>\n\t\t\t\t<\/div>\n\t\t\t\t<div class=\"wd-carousel-item\">\n\t\t\t\t\t<div id=\"wd-68dadea924d45\" class=\"wd-image wd-wpb wd-rs-68dadea924d45 text-center vc_custom_1759174322557 photoswipe-images\">\n\t\t\t\t\t\t\t<a href=\"https:\/\/oregonprotectpro.com\/wp-content\/uploads\/650301_ProtectPro_Gloves-OB-grip_1600.jpg\"  data-width=\"1600\" data-height=\"1600\">\n\t\t\t\n\t\t\t<img loading=\"lazy\" decoding=\"async\" width=\"1600\" height=\"1600\" src=\"https:\/\/oregonprotectpro.com\/wp-content\/uploads\/650301_ProtectPro_Gloves-OB-grip_1600.jpg\" class=\"attachment-full size-full\" alt=\"\" srcset=\"https:\/\/oregonprotectpro.com\/wp-content\/uploads\/650301_ProtectPro_Gloves-OB-grip_1600.jpg 1600w, https:\/\/oregonprotectpro.com\/wp-content\/uploads\/650301_ProtectPro_Gloves-OB-grip_1600-600x600.jpg 600w, https:\/\/oregonprotectpro.com\/wp-content\/uploads\/650301_ProtectPro_Gloves-OB-grip_1600-150x150.jpg 150w, https:\/\/oregonprotectpro.com\/wp-content\/uploads\/650301_ProtectPro_Gloves-OB-grip_1600-1024x1024.jpg 1024w, https:\/\/oregonprotectpro.com\/wp-content\/uploads\/650301_ProtectPro_Gloves-OB-grip_1600-768x768.jpg 768w, https:\/\/oregonprotectpro.com\/wp-content\/uploads\/650301_ProtectPro_Gloves-OB-grip_1600-1536x1536.jpg 1536w\" sizes=\"auto, (max-width: 1600px) 100vw, 1600px\" \/>\n\t\t\t\t\t\t\t<\/a>\n\t\t\t\t\t<\/div>\n\t\t\n\t\t<div id=\"wd-68dac20dd26d2\" class=\"title-wrapper wd-wpb wd-set-mb reset-last-child  wd-rs-68dac20dd26d2 wd-title-color-default wd-title-style-default text-center feature-title vc_custom_1759166998024 wd-underline-colored\">\n\t\t\t\n\t\t\t<div class=\"liner-continer\">\n\t\t\t\t<h4 class=\"woodmart-title-container title  wd-font-weight- wd-fontsize-m\" >Ergonomisk<\/h4>\n\t\t\t\t\t\t\t<\/div>\n\t\t\t\n\t\t\t\n\t\t\t\n\t\t<\/div>\n\t\t\n\t\t\t\t<div id=\"wd-68dac2179fc52\" class=\"wd-text-block wd-wpb reset-last-child wd-rs-68dac2179fc52 text-center vc_custom_1759167010233\">\n\t\t\t<p>Sk\u00e4rskyddstyger \u00e4r ergonomiskt integrerade f\u00f6r maximal komfort under arbete<\/p>\n\t\t<\/div>\n\t\t\t\t<\/div>\n\t\t\t\t<div class=\"wd-carousel-item\">\n\t\t\t\t\t<div id=\"wd-68dadeb4ba7a4\" class=\"wd-image wd-wpb wd-rs-68dadeb4ba7a4 text-center vc_custom_1759174337464 photoswipe-images\">\n\t\t\t\t\t\t\t<a href=\"https:\/\/oregonprotectpro.com\/wp-content\/uploads\/650301_ProtectPro_Gloves-OB-velcro_1600.jpg\"  data-width=\"1600\" data-height=\"1600\">\n\t\t\t\n\t\t\t<img loading=\"lazy\" decoding=\"async\" width=\"1600\" height=\"1600\" src=\"https:\/\/oregonprotectpro.com\/wp-content\/uploads\/650301_ProtectPro_Gloves-OB-velcro_1600.jpg\" class=\"attachment-full size-full\" alt=\"\" srcset=\"https:\/\/oregonprotectpro.com\/wp-content\/uploads\/650301_ProtectPro_Gloves-OB-velcro_1600.jpg 1600w, https:\/\/oregonprotectpro.com\/wp-content\/uploads\/650301_ProtectPro_Gloves-OB-velcro_1600-600x600.jpg 600w, https:\/\/oregonprotectpro.com\/wp-content\/uploads\/650301_ProtectPro_Gloves-OB-velcro_1600-150x150.jpg 150w, https:\/\/oregonprotectpro.com\/wp-content\/uploads\/650301_ProtectPro_Gloves-OB-velcro_1600-1024x1024.jpg 1024w, https:\/\/oregonprotectpro.com\/wp-content\/uploads\/650301_ProtectPro_Gloves-OB-velcro_1600-768x768.jpg 768w, https:\/\/oregonprotectpro.com\/wp-content\/uploads\/650301_ProtectPro_Gloves-OB-velcro_1600-1536x1536.jpg 1536w\" sizes=\"auto, (max-width: 1600px) 100vw, 1600px\" \/>\n\t\t\t\t\t\t\t<\/a>\n\t\t\t\t\t<\/div>\n\t\t\n\t\t<div id=\"wd-68dac24987ea1\" class=\"title-wrapper wd-wpb wd-set-mb reset-last-child  wd-rs-68dac24987ea1 wd-title-color-default wd-title-style-default text-center feature-title vc_custom_1759167056176 wd-underline-colored\">\n\t\t\t\n\t\t\t<div class=\"liner-continer\">\n\t\t\t\t<h4 class=\"woodmart-title-container title  wd-font-weight- wd-fontsize-m\" >S\u00e4ker passform<\/h4>\n\t\t\t\t\t\t\t<\/div>\n\t\t\t\n\t\t\t\n\t\t\t\n\t\t<\/div>\n\t\t\n\t\t\t\t<div id=\"wd-68dac25632855\" class=\"wd-text-block wd-wpb reset-last-child wd-rs-68dac25632855 text-center vc_custom_1759167066574\">\n\t\t\t<p>Flexibel neoprenmanschett \u00e4r l\u00e4tt att ta p\u00e5; inkluderar kardborrekn\u00e4ppning f\u00f6r s\u00e4ker passform och h\u00e5ller skr\u00e4p och v\u00e4der ute<\/p>\n\t\t<\/div>\n\t\t\t\t<\/div>\n\t\t\t\t<div class=\"wd-carousel-item\">\n\t\t\t\t\t<div id=\"wd-68dadec2eb24e\" class=\"wd-image wd-wpb wd-rs-68dadec2eb24e text-center vc_custom_1759174347542 photoswipe-images\">\n\t\t\t\t\t\t\t<a href=\"https:\/\/oregonprotectpro.com\/wp-content\/uploads\/650301_ProtectPro_Gloves-OB-stretch_1600.jpg\"  data-width=\"1600\" data-height=\"1600\">\n\t\t\t\n\t\t\t<img loading=\"lazy\" decoding=\"async\" width=\"1600\" height=\"1600\" src=\"https:\/\/oregonprotectpro.com\/wp-content\/uploads\/650301_ProtectPro_Gloves-OB-stretch_1600.jpg\" class=\"attachment-full size-full\" alt=\"\" srcset=\"https:\/\/oregonprotectpro.com\/wp-content\/uploads\/650301_ProtectPro_Gloves-OB-stretch_1600.jpg 1600w, https:\/\/oregonprotectpro.com\/wp-content\/uploads\/650301_ProtectPro_Gloves-OB-stretch_1600-600x600.jpg 600w, https:\/\/oregonprotectpro.com\/wp-content\/uploads\/650301_ProtectPro_Gloves-OB-stretch_1600-150x150.jpg 150w, https:\/\/oregonprotectpro.com\/wp-content\/uploads\/650301_ProtectPro_Gloves-OB-stretch_1600-1024x1024.jpg 1024w, https:\/\/oregonprotectpro.com\/wp-content\/uploads\/650301_ProtectPro_Gloves-OB-stretch_1600-768x768.jpg 768w, https:\/\/oregonprotectpro.com\/wp-content\/uploads\/650301_ProtectPro_Gloves-OB-stretch_1600-1536x1536.jpg 1536w\" sizes=\"auto, (max-width: 1600px) 100vw, 1600px\" \/>\n\t\t\t\t\t\t\t<\/a>\n\t\t\t\t\t<\/div>\n\t\t\n\t\t<div id=\"wd-68dac26a613ed\" class=\"title-wrapper wd-wpb wd-set-mb reset-last-child  wd-rs-68dac26a613ed wd-title-color-default wd-title-style-default text-center feature-title vc_custom_1759167093485 wd-underline-colored\">\n\t\t\t\n\t\t\t<div class=\"liner-continer\">\n\t\t\t\t<h4 class=\"woodmart-title-container title  wd-font-weight- wd-fontsize-m\" >Komfort och flexibilitet<\/h4>\n\t\t\t\t\t\t\t<\/div>\n\t\t\t\n\t\t\t\n\t\t\t\n\t\t<\/div>\n\t\t\n\t\t\t\t<div id=\"wd-68dac27a0429c\" class=\"wd-text-block wd-wpb reset-last-child wd-rs-68dac27a0429c text-center vc_custom_1759167102019\">\n\t\t\t<p>Getskinn med spandexrygg ger mjuk, flexibel passform; vadderade handflator st\u00f6djer antivibrationsfunktion<\/p>\n\t\t<\/div>\n\t\t\t\t<\/div>\n\t\t\t\t\t\t\t\t<\/div>\n\t\t\t\t\t<\/div>\n\t\t\t\t\t\t\t\t\t\t\t\t\t<div class=\"wd-nav-arrows wd-pos-sep wd-hover-1 wd-icon-1\">\n\t\t\t<div class=\"wd-btn-arrow wd-prev wd-disabled\">\n\t\t\t\t<div class=\"wd-arrow-inner\"><\/div>\n\t\t\t<\/div>\n\t\t\t<div class=\"wd-btn-arrow wd-next\">\n\t\t\t\t<div class=\"wd-arrow-inner\"><\/div>\n\t\t\t<\/div>\n\t\t<\/div>\n\t\t\t\t\t\t\t\t\t\t\t<\/div>\n\n\t\t\t\t\t\t<div class=\"wd-nav-pagin-wrap text-center wd-style-shape\">\n\t\t\t<ul class=\"wd-nav-pagin\"><\/ul>\n\t\t<\/div>\n\t\t\t\t\t\t\t\t\t<\/div>\n\t\t[\/vc_column][\/vc_row]<\/p>\n<\/div>","protected":false},"excerpt":{"rendered":"<p>[vc_row css=&#8221;.vc_custom_1758577763352{margin-top: -25px !important;padding-top: 0px !important;}&#8221; woodmart_css_id=&#8221;68d1c45de8cd4&#8243; responsive_spacing=&#8221;eyJwYXJhbV90eXBlIjoid29vZG1hcnRfcmVzcG9uc2l2ZV9zcGFjaW5nIiwic2VsZWN0b3JfaWQiOiI2OGQxYzQ1ZGU4Y2Q0Iiwic2hvcnRjb2RlIjoidmNfcm93IiwiZGF0YSI6eyJ0YWJsZXQiOnt9LCJtb2JpbGUiOnt9fX0=&#8221; mobile_bg_img_hidden=&#8221;no&#8221; tablet_bg_img_hidden=&#8221;no&#8221; woodmart_parallax=&#8221;0&#8243; woodmart_gradient_switch=&#8221;no&#8221; woodmart_box_shadow=&#8221;no&#8221; wd_z_index=&#8221;no&#8221; woodmart_disable_overflow=&#8221;0&#8243; row_reverse_mobile=&#8221;0&#8243; row_reverse_tablet=&#8221;0&#8243;][vc_column woodmart_text_align=&#8221;center&#8221; woodmart_css_id=&#8221;68dac33e2e6ac&#8221; parallax_scroll=&#8221;no&#8221;<\/p>\n","protected":false},"featured_media":14532,"template":"","meta":[],"product_brand":[],"product_cat":[76],"product_tag":[],"class_list":{"0":"post-14815","1":"product","2":"type-product","3":"status-publish","4":"has-post-thumbnail","6":"product_cat-handskar","8":"first","9":"instock","10":"shipping-taxable","11":"product-type-simple"},"_links":{"self":[{"href":"https:\/\/oregonprotectpro.com\/sv\/wp-json\/wp\/v2\/product\/14815","targetHints":{"allow":["GET"]}}],"collection":[{"href":"https:\/\/oregonprotectpro.com\/sv\/wp-json\/wp\/v2\/product"}],"about":[{"href":"https:\/\/oregonprotectpro.com\/sv\/wp-json\/wp\/v2\/types\/product"}],"wp:featuredmedia":[{"embeddable":true,"href":"https:\/\/oregonprotectpro.com\/sv\/wp-json\/wp\/v2\/media\/14532"}],"wp:attachment":[{"href":"https:\/\/oregonprotectpro.com\/sv\/wp-json\/wp\/v2\/media?parent=14815"}],"wp:term":[{"taxonomy":"product_brand","embeddable":true,"href":"https:\/\/oregonprotectpro.com\/sv\/wp-json\/wp\/v2\/product_brand?post=14815"},{"taxonomy":"product_cat","embeddable":true,"href":"https:\/\/oregonprotectpro.com\/sv\/wp-json\/wp\/v2\/product_cat?post=14815"},{"taxonomy":"product_tag","embeddable":true,"href":"https:\/\/oregonprotectpro.com\/sv\/wp-json\/wp\/v2\/product_tag?post=14815"}],"curies":[{"name":"wp","href":"https:\/\/api.w.org\/{rel}","templated":true}]}}